{"id":98,"date":"2016-04-12T00:28:45","date_gmt":"2016-04-12T00:28:45","guid":{"rendered":"http:\/\/dnevnik.belavilinka.com\/?page_id=98"},"modified":"2016-10-06T09:25:26","modified_gmt":"2016-10-06T09:25:26","slug":"ivf-in-posvojitev","status":"publish","type":"page","link":"http:\/\/dnevnik.belavilinka.com\/?page_id=98","title":{"rendered":"IVF in POSVOJITEV"},"content":{"rendered":"<p>Julija 2015 sem za\u010dela zopet delat svoje delo preko ra\u010dunalnika. Ta utrujenost je ponehala, vendar ne v celoti. Enostavno sem bila sita, da sem nezmo\u017ena za kakr\u0161nokoli delo in tako sem 4 mesec po operaciji za\u010dela tako delo, ki sem ga lahko delala, ker sem sedela. Za delo v kuhinji sem potem konec avgusta bila \u017ee toliko, da sem lahko za\u010dela pomagat normalni delovni urnik. Koker sem prej\u0161ne mesece le\u017eala se je potem spremenila moja aktivnost v redno delo + \u00a0dodatni dve deli in sem delala v kuhinji 8 ur potem pa \u0161e drugo delo po 5 do 6 ur dnevno. Potem pa je bilo samo \u0161e Delo :))<\/p>\n<p>Kar se mi je za\u010delo pojavljat je to, da me je pri spolnemu odnosu za\u010dela zelo pe\u010dt vagina. Taka bole\u010dina, da sva prekinila spolni odnos. Potem sem za\u010dela piti \u010daj rman in je bilo bolj\u0161e, ampak, koker ga nisem pila, me je peklo.<\/p>\n<p>Septembra okoli najine obletnice sem bila zopet na G pregledu kjer mi je kiruginja, ki je hkrati tudi moja osebna G rekla, da bi za\u010deli z Epruvetko.<\/p>\n<p>Zadeva je pri nama stekla resni\u010dno hitro, saj sva po\u0161to dobila \u017ee \u010dez 10 dni, da se morava zglasiti na razgovoru. Nisva si znala predstavljati kako bo to potekalo. Bilo pa je takole : vstopila sva v sobo, kjer je bila moja G, potem med.sestra, svetovalka za posvojitev in zdravnica ki oplodi v laboratoriju. Pregledali so dokumente, spremiogram ok in rekli, da bi izvedli navaden IVF. Svetovali so nama, da se naj udele\u017eiva predavanja o tem postopku in potem so naju prosili, da naj greva dat KRI.<\/p>\n<p>Jaz sem se vedno bala dati kri, vendar v tem \u010dasu operacije so mi le to vzeli tolikokrat, da sem se \u017ee\u00a0\u201cskoraj\u201d navadila, do\u010dim moj je bil kar\u00a0\u201czelen\u201d.<\/p>\n<p>Potem so naju sprejeli v postopek IVF in nama po po\u0161ti poslali datum za Sprejem. Mislila sem, da bomo takoj za\u010deli z postopkom, vendar mi je G na tem razgovoru rekla, da bo to naslenji cikel. Ko sva dobila datum za sprejem, so nama rekli, da greva v postopek naslednji cikel\u2026.ja in tako \u010das kar leti\u2026.<\/p>\n<p>V tem \u010dasu sva se odlo\u010dila za posvojitev. O tem sva se \u017ee veliko pogovarjala in dalj \u010dasa. Fino je za\u010det temo, potem se malo pogovarjat in pustit, da dozori. Potem spet par mesecev kasneje za\u010det temo in spet kaj novega pogovorit in tako..po\u010dasi.<\/p>\n<p>Bila sva na prvem razgovoru na CSD, kjer so naju povpra\u0161ali glede izobrazbe, zaposlitve, naslova, velikosti stanovanja, dali splo\u0161ne informacije kam in na koga se \u0161e lahko obrneva. Bil je pogovor nekje 2 uri dolg.Zvedla sva tudi, da trenutno iz Ukrajine ni ugodna posvojitev. Rusija odda v posvojitev starej\u0161e otroke, da pa so trenutno aktualne 3 evropske dr\u017eave, med njimi sem si zapomnila \u010ce\u0161ko.<\/p>\n<p>Ker je to dolg, drag in naporen proces, sva delavki \u017ee na za\u010detku rekla, da se nikamor ne mudi in da ra\u010dunava, da bi sprejela otroka v roku 2-eh let. Iz pogovora z njo je delovalo, da nekateri obupani pari pridejo do nje in \u017eelijo otroka imeti JUTRI, vendar sama o posvojitvi berem malo nekje 4 leta in imam \u017ee kar nekaj informacij in se zavedam, da ni samo proces do otroka naporen, kot je \u0161e te\u017eji, ko je otrok pred teboj in se mora\u0161 soo\u010diti z razno raznimi problemi, ki pa niso zapisani v nobeni knjigi kot so za nose\u010dnost \u00a0\u201c What to expect, when you are expecting\u201d.<\/p>\n<p>To je VELIK IZZIV, vendar mislim, da kot vzgojiteljica z ve\u010d letnimi izku\u0161njami z otroci in Montessori Vzgojiteljica, bi lahko bila kos temu.<\/p>\n<p>\u201cV\u010dasih je \u017ee svojega imeti te\u017eko, kaj \u0161ele tujega.\u201dmi re\u010dejo star\u0161i. Probajte\u201d 14 jasli\u010dnih vsak dan ali pa animirati sami 30 otrok med 5 in 8 let starih 3 ure!<\/p>\n","protected":false},"excerpt":{"rendered":"<p>Julija 2015 sem za\u010dela zopet delat svoje delo preko ra\u010dunalnika. Ta utrujenost je ponehala, vendar ne v celoti. Enostavno sem bila sita, da sem nezmo\u017ena za kakr\u0161nokoli delo in tako sem 4 mesec po operaciji za\u010dela tako delo, ki sem ga lahko delala, ker sem sedela. Za delo v kuhinji sem potem konec avgusta bila<br \/><a class=\"moretag\" href=\"http:\/\/dnevnik.belavilinka.com\/?page_id=98\">+ Read More<\/a><\/p>\n","protected":false},"author":2,"featured_media":0,"parent":31,"menu_order":0,"comment_status":"closed","ping_status":"closed","template":"","meta":{"footnotes":""},"class_list":["post-98","page","type-page","status-publish","hentry"],"_links":{"self":[{"href":"http:\/\/dnevnik.belavilinka.com\/index.php?rest_route=\/wp\/v2\/pages\/98","targetHints":{"allow":["GET"]}}],"collection":[{"href":"http:\/\/dnevnik.belavilinka.com\/index.php?rest_route=\/wp\/v2\/pages"}],"about":[{"href":"http:\/\/dnevnik.belavilinka.com\/index.php?rest_route=\/wp\/v2\/types\/page"}],"author":[{"embeddable":true,"href":"http:\/\/dnevnik.belavilinka.com\/index.php?rest_route=\/wp\/v2\/users\/2"}],"replies":[{"embeddable":true,"href":"http:\/\/dnevnik.belavilinka.com\/index.php?rest_route=%2Fwp%2Fv2%2Fcomments&post=98"}],"version-history":[{"count":1,"href":"http:\/\/dnevnik.belavilinka.com\/index.php?rest_route=\/wp\/v2\/pages\/98\/revisions"}],"predecessor-version":[{"id":99,"href":"http:\/\/dnevnik.belavilinka.com\/index.php?rest_route=\/wp\/v2\/pages\/98\/revisions\/99"}],"up":[{"embeddable":true,"href":"http:\/\/dnevnik.belavilinka.com\/index.php?rest_route=\/wp\/v2\/pages\/31"}],"wp:attachment":[{"href":"http:\/\/dnevnik.belavilinka.com\/index.php?rest_route=%2Fwp%2Fv2%2Fmedia&parent=98"}],"curies":[{"name":"wp","href":"https:\/\/api.w.org\/{rel}","templated":true}]}}