{"id":9,"date":"2016-04-11T01:24:30","date_gmt":"2016-04-11T01:24:30","guid":{"rendered":"http:\/\/dnevnik.belavilinka.com\/?page_id=9"},"modified":"2016-10-06T09:27:09","modified_gmt":"2016-10-06T09:27:09","slug":"kako-je-potekala-operacija","status":"publish","type":"page","link":"http:\/\/dnevnik.belavilinka.com\/?page_id=9","title":{"rendered":"Kako je potekala Operacija?"},"content":{"rendered":"<p>1 DAN : OPERACIJA (30.3.15)<br \/>\n2 DAN : PO OPERACIJI V BOLNICI<br \/>\nPri\u0161la sva ob 7.15, ker sem \u017eelela priti \u010dimpreje. \u017de tako mi jebilo te\u017eko biti \u010disto te\u0161\u010da brez kapljice vode. \u010cakala sem 5 minut skupaj z mojim in Matejo, ki sem jo spoznala v petek, ko je pri\u0161la sestra mi pokazala sobo in posteljo. Preoblekli sva se v garderobi, potem od\u0161li v sobo. Vmes sem \u0161la pogledat mojega in na wc. Ko sem se vrnila iz wc-ja mi je moj\u00a0\u201cpo\u017eugal\u201d, da me sestra \u010daka v sobi. Zmerli so mi pritisk, dali inekcijo v trebuh proti strjevanju, vzela sem dve tableti in ju lahko popila dol z 2 kapljicama vode. Potem me je kar malo peklo na trebuhu. Poslovila sva se z mojim in od\u0161la sem le\u017eat. Le\u017eala sem 5 minut, ko je sestra zoper pri\u0161la, poklicala moj priimek in rekla\u00a0\u201c \u010cas je za operacijo.\u201d. Odpeljali so me na postelji v sosednjo sobo. Tam so me zopet izpra\u0161ali isto kar so me \u017ee v petek, namestili metulj\u010dka. Ko so mi ga name\u0161\u010dali sem gledala stran, ker me je bolelo, ampak je bilo hitro konec. Tista sestra dela samo to in je izve\u017ebana. Takoj za menoj je v to sobo pri\u0161la je Mateja. Pri njej je bil isti postopek. Ona je imela odstranitev maternice, jaj\u010dnika bi pustili. Pripravili so jo, potem pa je pri\u0161el nek zdravnik in ji rekel, da bo \u017eal mogla po\u010dakati. Prvo bodo operirali mene.<br \/>\nPomahali sva si v slovo. Odpeljali so popolnoma nago, samo z deko pokrito v operacijsko sobo. Desno roko sem nastavila na mehko oblo\u017eeno desko. Nastavila sem se \u010disto do konca klopi, dvignila noge kot na G pregledu in komaj kaj deske je ostalo \u0161e, da sem imela tudi glavo zravnano. Ni bilo nobene hude, moderne mize kot jo vidimo v filmih. Vpra\u0161ala sem kje je Eda ( moja kirurginja ). Sestra, ki mi je namestila anestezijo je rekla:\u201d Tamle na levi.\u201d Komaj sem jo spoznala, saj so vsi bili enako oble\u010deni. Ko sem jo prepoznala, sem pogledala \u0161e naravnost, ko so mi oblekli \u010dez obe nogi nekak\u0161ne \u0161tumfe. Tresla sem se zelo, potem pa se ne spomnim ni\u010desar ve\u010d.<br \/>\nPo operaciji so me zbujali, ampak se ni\u010desar ne spomnem. Nekaj \u010dasa sem ostala v sobi, kjer so mi namestili metulj\u010dka. To vem, ker sem \u017ee pred operacijo spra\u0161evala sestro glede postopka, vendar se tega ne spominjam. Moj prvi spomin je potem v intenzivni sobi, ko so me zopet klicali po imenu. Tam sem komaj odpirala o\u010di in videla, da le\u017eim na postelji, potem sem videla okno, potem sem sli\u0161ala brnjene neke naprave, ki je stiskala mojo roko ( merilec krvnega tlaka ), sli\u0161ala \u017eenske, ki govorijo, celi \u010das nek \u0161under na hodniku. Dolgo \u010dasa sem se zbujala, vsaj meni se je zdelo tako. Bilo je res neudobno in najbolj zoprno. Odpirala sem o\u010di za sekundo in dve, potem so mi silile zopet skupaj. \u010cez \u010das so pripeljali novo posteljo, na njej je bila Mateja. \u010cisto zadeta, nobenega odziva. Kar malo sem se zgrozila, ker sem najbr\u017e tudi jaz tako izgledala, ko so me pripeljali.<br \/>\nProsila sem za vodo in dali so mi kozarec in slamico. Na levi bok se nisem mogla premakniti. Bolelo je ko satan. Na desni me je tudi bolelo in zato mi je sestra pomagala, da popijem malo vode. To mi je pomagalo, ker sem tekom \u010dasa vedno bolj prihajala k sebi in vedno dalj sem lahko imela odprte o\u010di. Tudi Mateja je prihajala k sebi in sva si pomahali in rekli\u00a0\u201c Zdaj sva zmagali, najhuje je za nama.\u201d Vendar najhuje se je za naju \u0161ele za\u010delo.<br \/>\nMoj metulj\u010dek je bil priklopljen na neko zdravilo. To sem opazila \u0161ele \u010dez \u010das. Mene je kar naprej ti\u0161\u010dalo lulat. Mateja je imela kateter. Sestro sem ve\u010dkrat prosila, da bi \u0161li lulat, pa je rekla, da je to normalen ob\u010dutek po operaciji. Dobro sem si mislila, pa sem dr\u017eala naprej. Potem sem ji zopet rekla in je rekla, ko bo zmanjkalo teko\u010dine v tubi, bova probali iti na wc. Gledala sem nad seboj, kdaj bo zmanjkalo in takoj ko je, sem klicala sestro. Nisem vedela kako naj vstanem, saj me je vse bolelo. Rekla mi je\u201d Obrnite se na desni bok, z desnim komolcem se uprite na posteljo in se po\u010dasi dvignite in zravnajte.\u201d Po\u010dasi sem delala vsak gib. Potem ko mi je uspelo, sem \u017eelela kar vstati, pa je rekla, da moram nekaj \u010dasa sedeti. Prvih nekaj sekund se mi je zdelo\u00a0\u201c Hey, pa sej sem cool\u00a0\u201c, potem pa se mi je za\u010delo mo\u010dno vrtet in sem se takoj ulegla nazaj. Ni\u010d ni bilo z lulanjem, \u010deprav me je ti\u0161\u010dalo. Dala mi je \u0161e enkrat tubo zdravila in po tej tubi sva zopet probali. Bila sem \u017ee veliko bolj\u0161a. Rekla je, da je tudi moja polt bolj barvna v primerjavi z prej\u0161njo. Te\u017eko sem vstala. \u010cisto pokr\u010dena, v spodnjem delu me je bolelo. Dr\u017eala me je za desno roko in me spra\u0161evala, \u010de se mi vrti, \u010de sem ok. Bila je res ljubezniva, mlada sestra. Prispeli sva do wc-ja. Nisem vedla kako se naj vsedem in ko mi je to uspelo, potem pa lulat nisem mogla. Spodaj me je tako bolelo vse. Sestra je odprla pipo vode in to je po\u010dela tudi moja mama, ko nisem mogla lulat kot otrok. To je pomagalo in uspela sem lulat. Vedla sem, da me ti\u0161\u010di in da to ni samo tisti ob\u010dutek zaradi operacije. Bila sem vesela, da mi je uspelo. Nazaj grede mi je zopet pomagala do postelje, kjer sem se u\u010dila ule\u0161ti nazaj.<br \/>\nVmes sva z Matejo rekli kaki stavek ali tri, potem sva obe zaspali, se zbudili, zopet zaspali. \u010cakala sem kdaj bo ura 17.00, ker sem vedla, da takrat dobim dru\u017ebo. Moja mama je \u017ee 3 krat klicala na oddelek kako sem in \u010de je vse vredu in pri zadjem klicu je sestra pri\u0161la do mene in rekla, da mi mora dati moj gsm, da me bo mama klicala. Tako sva se sli\u0161ali. Komaj sem govorila. Bila sem stra\u0161ansko utrujena. Po pogovoru je pri\u0161el moj dragi in ko sem ga zagledala, sem za\u010dela takoj jokati. Tako sem ga \u017ee pogre\u0161ala. On je s seboj prinesel sirovo \u0161tru\u010dko iz hoferja in jo skril v jakno. Skoz me je lub\u010dkal, bo\u017eal po roki in me tola\u017eil. Nisva veliko govorila, ve\u010d sva se gledala iz o\u010di v o\u010di. Najraje bi kar, da bi ostal, vendar sem bila tako utrujena, da ne bi imel ni\u010d od mene. Po 20 minutah je moral odditi in informirala sem ga, da naslednji dan naj bi bila vizita ob 10.00 uri potem pa nekje do 12.00 ure bom \u0161la domov, \u010de bo vse ok.<br \/>\nOb 18.00 uri sva z Matejo dobili zdrobovo juho, nesoljeno. Komaj sem jedla. Roka se mi je tresla. Bil je velik napor se vsesti, vzeti \u017elico v roke, nesti v usta in zopet ponoviti akcijo. Po tem me je zopet ti\u0161\u010dalo na wc. Mateja je bila kar pridna glede juhe, bolj kot jaz. Jaz sem bila zelo slabotna. Prejeli sva \u0161e prepe\u010dence. Niti dotakniti se jih nisem mogla, ker se mi je vrtelo in sem se nazaj vlegla, ampak mi jih je sestra polo\u017eila na no\u010dno omarico za kasneje. Kar naprej sem imela suha usta, kot da nisem pila \u017ee ve\u010d dni. Zopet me je ti\u0161\u010dalo in zopet me je sestra spremljala. No zdaj v drugo sem \u017ee bila bolj ve\u0161\u010da kako se lahko vsedem na wc. Kaj naj re\u010dem Prava Frajerka! \u0160e najdla sem pozicijo kako nastavim levo nogo, da me \u010dim manj boli, ko lulam. Ko sem pri\u0161la do postelje, ni minilo niti 5 minut, ko me je \u017ee zopet ti\u0161\u010dalo. JOOOOOJ !<br \/>\nMateja je lepo span\u010dkala, jaz pa sem prakti\u010dno od 19.00 do 3.30 ure zjutraj hodila kar naprej na wc. Pono\u010di ob dveh sem sre\u010dala \u0161e drugo soborko, s katero smo se spoznali v petek in nisem vedela, da je v sosednji sobi. Monika je tudi \u0161la na wc, ampak v spremstvu z jeklenim stojalom in zdravilom na njej. Zapopadla me je lakota in je pojedla sem skoraj vse prepe\u010dence. Ker nisem hotela buditi Mateje sem \u0161la jest na hodnik. Ko sem pri\u0161la nazaj se je Mateja zbudilla in rekla, da se je super naspala. Jaz sem te\u017eko spala ne samo zaradi lulanja, ampak tudi ker je ona smr\u010dala, potem je bila ubijalsko glasna ura na zidu in pri\u017egana lu\u010d v sobi. Moja postelja je bila poleg mize od medicinskih sester, na njej pa ra\u010dunalnik in seveda omarice z vsemi zdravili. Poleg tega je tudi bilo tako, da vsaki\u010d ko mi je uspelo zatisniti o\u010di je pri\u0161el no\u010dni medicinski brat pregledovat pritisk, temperaturo telesa in spra\u0161eval, \u010de imam bole\u010dine. Pono\u010di so mi dali potem \u0161e eno dozo zdravil in mi je pomagala. Nekje od 4 do 6 ure zjutraj sem resni\u010dno spala, potem pa me je brat zbudil to\u010dno ob 6 in zopet celoten pregled. Rekel je \u0161e, da bo vzel kri Mateji. No to sem \u017ee vedla, potem pa je rekel, da tudi meni. Joooj, seveda sem se zbunila, saj so me \u017ee v petek 4 krat pre\u0161pikale, ker niso zadele \u017eile. Imam zelo tanke. Bratu je ratalo na sre\u010do v prvo ! :))) Potem pa sem prejela \u0161e dve inekciji. Eno v rit, za kr\u010denje maternice in eno v trebuh za proti strjevanju krvi. Dal pa mi je novo dozo zdravil na metulj\u010dka. Od vsega tega sem bila tako zadeta, da ob 8.00 nisem v sebe spravila skoraj ni\u010d hrane. Bilo mi je slabo, vrtelo se mi je. Bruhala nisem. Samo le\u017eala sem in stiskala k sebi svojega medija in zaprla o\u010di in molila, da me \u010dim preje mine, ker nisem hotla ostat \u0161e en dan v bolnici.<br \/>\nVizita je bila ob 9.00 zjutri in moja kri je pokazala dobre znake, edino kalija sem imela premalo zato so mi dali \u0161ume\u010do tableto v vodi. Za odpust pa je morala priti kirurginja, ki me je operirala. Pred njo smo imeli kosilo v jedilnici. Bilo mi je slabo \u017ee ko sem vstala, da grem tja, ko sem tja prispela, sem videla vse punce, s katerimi smo se spoprijateljile v petek in na pladnju so me \u010dakale same dobrote. Med, dva kosa kruha, kakav, maslo, kompot. Vse sem hotla pojest., vendar pa ko sem prijela no\u017e v roke sem ga komaj dr\u017eala. Pojedla sem polovi\u010dko kruha z medom, ko mi je zopet ratalo slabo. Mateja je poklicala sestro in malo so me grdo gledale, jaz pa sem se opravi\u010devala, da ne delam nobene scene zanala\u0161\u010d, ampak da mi je resni\u010dno slabo. Odpeljale so me nazaj na posteljo, kjer sem se vlegla in prinesle so mi \u0161e zajtrk. Rekle so, da \u010de me sili na bruhanje, naj raje ne jem. Zopet sem se vlegla in stisnila k sebi medija in za\u010dela jokat. Tako sem pogre\u0161ala Denisa, mamo in o\u010deta, vse moje \u017eivalice in najraje bi \u0161la takoj domov v varno zavetje. Mateja je pri\u0161la v sobo in me videla, da se jo\u010dem. Potem me je tola\u017eila in mi za\u010dela govoriti vice. Bilo mi je la\u017eje. Ko sem pri\u0161la zopet malo k sebi, sem naprej jedla kolikor sem lahko, potem pa sem se vlegla nazaj. Spra\u0161evala sem se, kdaj bo pri\u0161la doktorica in to\u010dno takrat, ko me je pritisnilo na wc in sem \u017ee bila tam, sem sli\u0161ala glas doktorice. Takrat sem prvi\u010d odvedla trdo blato in sestra je pri\u0161la za menoj in povedala se ji, pa je rekla, da je to zelo dober znak.<br \/>\nPotem sem se mogla \u0161e stu\u0161irat in prvi\u010d sem videla moj trebuh kako izgleda. Prekrit z nalepkami. Ko sem pri\u0161la do postelje je pri\u0161la kirurginja, me pregledala in vpra\u0161ala, \u010de \u017eelim domov. Seveda sem prikimala. Rekla je, da se moram paziti 4 mesece, da se bo dobro zacelilo, potem pa bova probali naravno zanositi. \u010ce ne bo \u0161lo pa umetno. Ne bova dolgo \u010dakali, glede na to, da se trudim \u017ee ve\u010d kot 5 let in vsako leto sem tudi starej\u0161a in ne mlaj\u0161a.<\/p>\n","protected":false},"excerpt":{"rendered":"<p>1 DAN : OPERACIJA (30.3.15) 2 DAN : PO OPERACIJI V BOLNICI Pri\u0161la sva ob 7.15, ker sem \u017eelela priti \u010dimpreje. \u017de tako mi jebilo te\u017eko biti \u010disto te\u0161\u010da brez kapljice vode. \u010cakala sem 5 minut skupaj z mojim in Matejo, ki sem jo spoznala v petek, ko je pri\u0161la sestra mi pokazala sobo in<br \/><a class=\"moretag\" href=\"http:\/\/dnevnik.belavilinka.com\/?page_id=9\">+ Read More<\/a><\/p>\n","protected":false},"author":2,"featured_media":0,"parent":5,"menu_order":2,"comment_status":"closed","ping_status":"closed","template":"","meta":{"footnotes":""},"class_list":["post-9","page","type-page","status-publish","hentry"],"_links":{"self":[{"href":"http:\/\/dnevnik.belavilinka.com\/index.php?rest_route=\/wp\/v2\/pages\/9","targetHints":{"allow":["GET"]}}],"collection":[{"href":"http:\/\/dnevnik.belavilinka.com\/index.php?rest_route=\/wp\/v2\/pages"}],"about":[{"href":"http:\/\/dnevnik.belavilinka.com\/index.php?rest_route=\/wp\/v2\/types\/page"}],"author":[{"embeddable":true,"href":"http:\/\/dnevnik.belavilinka.com\/index.php?rest_route=\/wp\/v2\/users\/2"}],"replies":[{"embeddable":true,"href":"http:\/\/dnevnik.belavilinka.com\/index.php?rest_route=%2Fwp%2Fv2%2Fcomments&post=9"}],"version-history":[{"count":1,"href":"http:\/\/dnevnik.belavilinka.com\/index.php?rest_route=\/wp\/v2\/pages\/9\/revisions"}],"predecessor-version":[{"id":10,"href":"http:\/\/dnevnik.belavilinka.com\/index.php?rest_route=\/wp\/v2\/pages\/9\/revisions\/10"}],"up":[{"embeddable":true,"href":"http:\/\/dnevnik.belavilinka.com\/index.php?rest_route=\/wp\/v2\/pages\/5"}],"wp:attachment":[{"href":"http:\/\/dnevnik.belavilinka.com\/index.php?rest_route=%2Fwp%2Fv2%2Fmedia&parent=9"}],"curies":[{"name":"wp","href":"https:\/\/api.w.org\/{rel}","templated":true}]}}