{"id":83,"date":"2016-04-11T02:38:13","date_gmt":"2016-04-11T02:38:13","guid":{"rendered":"http:\/\/dnevnik.belavilinka.com\/?page_id=83"},"modified":"2016-10-06T09:26:42","modified_gmt":"2016-10-06T09:26:42","slug":"5-faza-novo-upanje","status":"publish","type":"page","link":"http:\/\/dnevnik.belavilinka.com\/?page_id=83","title":{"rendered":"5 FAZA &#8211; NOVO UPANJE"},"content":{"rendered":"<p>Anyhow, med vsemi temi KEKCI se je res najdu en mlaj\u0161i mo\u0161ki. Ful sva se pogovarjala, \u010deprav iskreno nisem v vseh 4 mesecih o njem razmi\u0161ljala sploh iz tega partnerskega kota. Dobila sva se na kavi, \u0161la kaj pojest. Bilo je prijetno, umirjeno in spokojno. Lahko sva ful govorila, vedno najdla znova, da naju zanimajo iste teme o katerih lahko veliko govoriva. \u010ce pa ni bilo besed, je bilo tudi sedenje za isto mizo prav tako u\u017eitek. Ni te\u017eil, ni igral. Samo bil je, in jaz sem samo bila. Zelo FINA ENERGIJA je bila. Vse sem mu lahko povedala, on pa meni. Noben ni igral. Novo leto sva pre\u017eivela skupaj. Imela sva se tako enostavno super. Nekje na za\u010detku januarja, pa sem se zavedala, da sem pravzaprav zaljubljena v njega in to sem mu tudi povedala. On me je objel in rekel, da tako \u010duti tudi on \u017ee dober mesec. Tako sva za\u010dela to najino, SKUPNO POT.<\/p>\n<p>V sebi \u010dutim, da je on pravi. Veliko se pogovarjava o vsem in komunikacija je glavna stvar odnosa. \u010ce je ni, odnos umre.<\/p>\n<p>Skratka pri\u0161la sva do to\u010dke\u00a0: \u017deli\u0161 imeti otroka\u00a0?<\/p>\n<p>Takrat se je v meni nekaj premaknilo zopet, vendar je te\u017ea preteklosti precej te\u017eka. Zelo me je vzpodbujal in dal mi je upanje, da bom postala Mati en dan. Tako sva se za\u010dela truditi, vendar pa sem v sebi \u010dutila, da je vse zaman. Kot da si zaklenjen v klet in kri\u010di\u0161, da bi te sli\u0161ali, ampak noben te ne sli\u0161i. \u0160la sem na pregled k moji G in ona se je zgrozila nad mojim stanjem. Zdaj je moja pco napredovala. Oku\u017een je bil tudi drugi jaj\u010dnik, miom se je pove\u010dal, maternica pa \u201d zapackana\u201d. Vpra\u0161ala me je, \u010de \u017eelim na operacijo, da je to treba takoj re\u0161iti. Rekla sem da ja, v avtu pa sem se jokala ko de\u017e. Ne nad operacijo, nad dejstvom, da je moja maternica v tako slabem stanju in zakaj se to dogaja\u00a0? Kaj to pozro\u010da\u00a0? Takrat sem zopet uvidela kako dobrega mo\u0161kega imam ob sebi, ker mi je stal ob strani in \u0161e vedno mi stoji.<\/p>\n<p>\u0160la sem na pregled v Postojno, k dr. Merlu. No to pa je PRAVI DOKTOR. Prijazen. Ko me je pogledal je bil prvi stavek \u201d o madona, tole je obupno. \u201d Potem pa se je hitro popravil \u201d Vse bomo re\u0161ili.\u201d. Dal mi je datum drugega pregleda, vendar pa se je vse izjalovilo, ker sem izgubila slu\u017ebo. Izgubila celo zavarovanje osnovno. Ker nisem \u017eelela stati praznih rok in pustiti \u010dasu \u010das, sem se odlo\u010dila, da za\u010dnem iskati NARAVNE NA\u010cINE ZDRAVLJENJA. Najdla sem marsikaj in o tem bom tudi tukaj pisala.<\/p>\n","protected":false},"excerpt":{"rendered":"<p>Anyhow, med vsemi temi KEKCI se je res najdu en mlaj\u0161i mo\u0161ki. Ful sva se pogovarjala, \u010deprav iskreno nisem v vseh 4 mesecih o njem razmi\u0161ljala sploh iz tega partnerskega kota. Dobila sva se na kavi, \u0161la kaj pojest. Bilo je prijetno, umirjeno in spokojno. Lahko sva ful govorila, vedno najdla znova, da naju zanimajo<br \/><a class=\"moretag\" href=\"http:\/\/dnevnik.belavilinka.com\/?page_id=83\">+ Read More<\/a><\/p>\n","protected":false},"author":2,"featured_media":0,"parent":73,"menu_order":5,"comment_status":"closed","ping_status":"closed","template":"","meta":{"footnotes":""},"class_list":["post-83","page","type-page","status-publish","hentry"],"_links":{"self":[{"href":"http:\/\/dnevnik.belavilinka.com\/index.php?rest_route=\/wp\/v2\/pages\/83","targetHints":{"allow":["GET"]}}],"collection":[{"href":"http:\/\/dnevnik.belavilinka.com\/index.php?rest_route=\/wp\/v2\/pages"}],"about":[{"href":"http:\/\/dnevnik.belavilinka.com\/index.php?rest_route=\/wp\/v2\/types\/page"}],"author":[{"embeddable":true,"href":"http:\/\/dnevnik.belavilinka.com\/index.php?rest_route=\/wp\/v2\/users\/2"}],"replies":[{"embeddable":true,"href":"http:\/\/dnevnik.belavilinka.com\/index.php?rest_route=%2Fwp%2Fv2%2Fcomments&post=83"}],"version-history":[{"count":1,"href":"http:\/\/dnevnik.belavilinka.com\/index.php?rest_route=\/wp\/v2\/pages\/83\/revisions"}],"predecessor-version":[{"id":84,"href":"http:\/\/dnevnik.belavilinka.com\/index.php?rest_route=\/wp\/v2\/pages\/83\/revisions\/84"}],"up":[{"embeddable":true,"href":"http:\/\/dnevnik.belavilinka.com\/index.php?rest_route=\/wp\/v2\/pages\/73"}],"wp:attachment":[{"href":"http:\/\/dnevnik.belavilinka.com\/index.php?rest_route=%2Fwp%2Fv2%2Fmedia&parent=83"}],"curies":[{"name":"wp","href":"https:\/\/api.w.org\/{rel}","templated":true}]}}