{"id":75,"date":"2016-04-11T02:34:18","date_gmt":"2016-04-11T02:34:18","guid":{"rendered":"http:\/\/dnevnik.belavilinka.com\/?page_id=75"},"modified":"2016-10-06T09:26:09","modified_gmt":"2016-10-06T09:26:09","slug":"1-faza-sem-ze-noseca","status":"publish","type":"page","link":"http:\/\/dnevnik.belavilinka.com\/?page_id=75","title":{"rendered":"1 FAZA &#8211; Sem \u017ee nose\u010da?"},"content":{"rendered":"<p>Na dojen\u010dku sva za\u010dela delati s sedaj biv\u0161im mo\u017eem. To je trajalo 3 leta.<\/p>\n<p>NA za\u010detku, ko za\u010dne\u0161 si poln upanja in navdu\u0161enja. Vsak mesec si pani\u010dno meri\u0161 bt, od\u010dteva\u0161 dneve, \u010dekira\u0161 z O listi\u010di, kdaj bo ovulacija. Vsak mesec ima\u0161 neke \u010dudne znake. Enkrat ti je ful slabo, bolijo jo\u0161ke. Vse to ti da misliti \u201c mogo\u010de sem nose\u010da \u201d. Minus test te spravi na realna tla. Potem spet drugi\u010d ti zamuja 51 dni, naredi\u0161 test, ki poka\u017ee minus. Potem prebere\u0161 na spletu, da so katere zanosile pozno pred pri\u010detkom M in, da je mogo\u010de premalo hormona v telesu, da bi pokazal, da si N. Od \u017eivcev in \u010dakanja pokli\u010de\u0161 G in \u010de ima\u0161 dobro, te sprejme v zelo kratkem \u010dasu. \u017div\u010dna si, pregleda te in 5 minut po pregledu za\u010dne\u0161 krvavet.<\/p>\n<p>V\u010dasih je prav vojna s to TE\u010cKO. Ona si zmi\u0161ljuje nemogo\u010de dneve, nemogo\u010de bole\u010dine, nemogo\u010de znake !<\/p>\n<p>Skratka, skozi vse te za\u010detni\u0161ke variante sem sama \u0161la in ko berem dekleta na forumu takoj vem, kira je \u0161ele dober za\u010dela delat na dojen\u010dku. Zdaj po 4 letih mi gre iskreno kar malo na k****, ko preberem stavek kot \u201c 3 mesece se trudiva, pa \u0161e nisva nose\u010da. kako je to mogo\u010de ? \u201d. Tukaj bi se vstavila in rekla, da se strinjam z ginekologinjo Petro Megli\u010d, ki je v enem izmed svojih \u010dlankov napisala \u201c \u017denske prihajajo v ordinacijo in mislijo, da se otroka naro\u010da kot se naro\u010dajo &#8220;avtomobili\u201d. Planirajo kdaj morajo zanositi \u201c Ne oktobra ne, ker no\u010dem imeti tistega horoskopa ali pa Zdaj ta mesec moram zanositi, ker \u010dez pol leta ne bom imela ve\u010d slu\u017ebe.\u201d Prepri\u010dana sem, da je bilo prej \u017eivljenje bolj umirjeno, bolj enostavno za \u017eenske v tem pogledu. Bilo je vse : stanovanje ali hi\u0161a, slu\u017ebe, denar. \u017denske so imele ob\u010dutek varnosti in \u010de je bil mo\u0161ki pravi, potem so imele celoten paket.<\/p>\n<p>Danes je skoraj nemogo\u010de imeti otroka. Tisti, ki se sre\u010dujemo z izgubo slu\u017eb in izgubo dohodka je obupno. \u010clovek, ki ne dela, je mrtev. Ta sistem v katerem \u017eivimo in novi zakoni, ki nam jih dr\u017eava vsiljuje preko ustrahovane manipulacije, je za \u017eensko, ki \u017eeli zanositi, donositi in roditi svojega otroka v TA svet, nepojemljiva. Vsi tisti, ki jih kriza \u017ee ni udarila, jih bo \u201czdele, zdele\u201d, pa ne kriza sama, ampak dr\u017eava. Pred dvemi leti je \u0161lo iz Slovenije 8000 mladih, lansko leto jih je \u0161lo v prvi polovici leta \u017ee 8000. Me zanima koliko je kon\u010dna \u0161tevilka lanskega leta.<\/p>\n<p>Mlad \u010dlovek, ki \u017eeli delati, ustvariti dru\u017eino, graditi in \u017eiveti kar se da mogo\u010de mirno in varno je v Sloveniji onemogo\u010den v celoti. Ne samo iz finan\u010dne plati, ampak tudi psihi\u010dne. Meni osebno se je moja lastna dr\u017eava zamerila v lanskem letu v celoti, \u010deprav moje srce \u0161e vedno pripada moji Sloveniji pa se spra\u0161ujem kak\u0161na je ta ljubezen, ki jo dajem, vendar ne prejmem nazaj ? To ni potem ljubezen !<\/p>\n","protected":false},"excerpt":{"rendered":"<p>Na dojen\u010dku sva za\u010dela delati s sedaj biv\u0161im mo\u017eem. To je trajalo 3 leta. NA za\u010detku, ko za\u010dne\u0161 si poln upanja in navdu\u0161enja. Vsak mesec si pani\u010dno meri\u0161 bt, od\u010dteva\u0161 dneve, \u010dekira\u0161 z O listi\u010di, kdaj bo ovulacija. Vsak mesec ima\u0161 neke \u010dudne znake. Enkrat ti je ful slabo, bolijo jo\u0161ke. Vse to ti da<br \/><a class=\"moretag\" href=\"http:\/\/dnevnik.belavilinka.com\/?page_id=75\">+ Read More<\/a><\/p>\n","protected":false},"author":2,"featured_media":0,"parent":73,"menu_order":0,"comment_status":"closed","ping_status":"closed","template":"","meta":{"footnotes":""},"class_list":["post-75","page","type-page","status-publish","hentry"],"_links":{"self":[{"href":"http:\/\/dnevnik.belavilinka.com\/index.php?rest_route=\/wp\/v2\/pages\/75","targetHints":{"allow":["GET"]}}],"collection":[{"href":"http:\/\/dnevnik.belavilinka.com\/index.php?rest_route=\/wp\/v2\/pages"}],"about":[{"href":"http:\/\/dnevnik.belavilinka.com\/index.php?rest_route=\/wp\/v2\/types\/page"}],"author":[{"embeddable":true,"href":"http:\/\/dnevnik.belavilinka.com\/index.php?rest_route=\/wp\/v2\/users\/2"}],"replies":[{"embeddable":true,"href":"http:\/\/dnevnik.belavilinka.com\/index.php?rest_route=%2Fwp%2Fv2%2Fcomments&post=75"}],"version-history":[{"count":1,"href":"http:\/\/dnevnik.belavilinka.com\/index.php?rest_route=\/wp\/v2\/pages\/75\/revisions"}],"predecessor-version":[{"id":76,"href":"http:\/\/dnevnik.belavilinka.com\/index.php?rest_route=\/wp\/v2\/pages\/75\/revisions\/76"}],"up":[{"embeddable":true,"href":"http:\/\/dnevnik.belavilinka.com\/index.php?rest_route=\/wp\/v2\/pages\/73"}],"wp:attachment":[{"href":"http:\/\/dnevnik.belavilinka.com\/index.php?rest_route=%2Fwp%2Fv2%2Fmedia&parent=75"}],"curies":[{"name":"wp","href":"https:\/\/api.w.org\/{rel}","templated":true}]}}