{"id":73,"date":"2016-04-11T02:33:40","date_gmt":"2016-04-11T02:33:40","guid":{"rendered":"http:\/\/dnevnik.belavilinka.com\/?page_id=73"},"modified":"2016-10-06T09:29:04","modified_gmt":"2016-10-06T09:29:04","slug":"o-meni","status":"publish","type":"page","link":"http:\/\/dnevnik.belavilinka.com\/?page_id=73","title":{"rendered":"O MENI"},"content":{"rendered":"<p>Tukaj sem napisala kako se je moja pot pri\u010dela in kaj vse sem pre\u017eivela. Lahko bi rekli, da obstajajo FAZE skozi katere gre\u0161. Lahko ostane\u0161 na prvi in takoj zanosi\u0161, lahko se pomakne\u0161 na drugo in zanosi\u0161, lahko pa mora\u0161 iti \u010dez vse. Seveda ne morem re\u010dt, da vse te na\u0161tete faze veljajo za vse \u017denske, lahko pa re\u010dem da 2 sigurno. Do takih zaklju\u010dkov sem pri\u0161la skozi mnoge pogovore z razli\u010dnimi \u017eenskami, ki so mi kolegice, znanke, prijateljice. Jaz venomer raziskujem, razmi\u0161ljam, analiziram, ker \u017eelim Razumeti in primerjati. Tako potem lahko sama sebi razlo\u017eim kje pribli\u017eno se nahajam&#8230;aha nisem nose\u010da, sem pa v fazi poizku\u0161anja&#8230;ali pa sem nose\u010da.ne posku\u0161am ve\u010d.nisem pa \u0161e v fazi poroda. Hvala boginji, da smo \u017eenske tako zgovorne, ker druga\u010de se ne bi mogle toliko nau\u010diti in ne samo to. Na\u0161e telo je tako kompleksno in vsaka ima isto, pa vendar druga\u010dno in izku\u0161nje so take in druga\u010dne. Vedno se \u017eelim pripraviti na tisto kar se lahko, kar vem, da bo, ker se dobro zavedam, da bo \u0161e mnogo tistega kar ne morem kontrolirati in bom prisiljena se soo\u010diti v tistem trenutku&#8230;.gospa otrok se ni obrnil, potreben bo carski rez&#8230;kaj bo\u0161 jokala?lahko, pa vendar se mora\u0161 soo\u010diti in hitro zbrati pogum ter se pripraviti na tisto kar sledi&#8230;<\/p>\n<p>Skratka, da ne dramatiziram ve\u010d naprej :)) Lepo branje o Moji poti. Z veseljem preberem tvojo, \u010de mi jo po\u0161lje\u0161 na info@belavilinka.com<\/p>\n","protected":false},"excerpt":{"rendered":"<p>Tukaj sem napisala kako se je moja pot pri\u010dela in kaj vse sem pre\u017eivela. Lahko bi rekli, da obstajajo FAZE skozi katere gre\u0161. Lahko ostane\u0161 na prvi in takoj zanosi\u0161, lahko se pomakne\u0161 na drugo in zanosi\u0161, lahko pa mora\u0161 iti \u010dez vse. Seveda ne morem re\u010dt, da vse te na\u0161tete faze veljajo za vse<br \/><a class=\"moretag\" href=\"http:\/\/dnevnik.belavilinka.com\/?page_id=73\">+ Read More<\/a><\/p>\n","protected":false},"author":2,"featured_media":0,"parent":0,"menu_order":0,"comment_status":"closed","ping_status":"closed","template":"","meta":{"footnotes":""},"class_list":["post-73","page","type-page","status-publish","hentry"],"_links":{"self":[{"href":"http:\/\/dnevnik.belavilinka.com\/index.php?rest_route=\/wp\/v2\/pages\/73","targetHints":{"allow":["GET"]}}],"collection":[{"href":"http:\/\/dnevnik.belavilinka.com\/index.php?rest_route=\/wp\/v2\/pages"}],"about":[{"href":"http:\/\/dnevnik.belavilinka.com\/index.php?rest_route=\/wp\/v2\/types\/page"}],"author":[{"embeddable":true,"href":"http:\/\/dnevnik.belavilinka.com\/index.php?rest_route=\/wp\/v2\/users\/2"}],"replies":[{"embeddable":true,"href":"http:\/\/dnevnik.belavilinka.com\/index.php?rest_route=%2Fwp%2Fv2%2Fcomments&post=73"}],"version-history":[{"count":1,"href":"http:\/\/dnevnik.belavilinka.com\/index.php?rest_route=\/wp\/v2\/pages\/73\/revisions"}],"predecessor-version":[{"id":74,"href":"http:\/\/dnevnik.belavilinka.com\/index.php?rest_route=\/wp\/v2\/pages\/73\/revisions\/74"}],"wp:attachment":[{"href":"http:\/\/dnevnik.belavilinka.com\/index.php?rest_route=%2Fwp%2Fv2%2Fmedia&parent=73"}],"curies":[{"name":"wp","href":"https:\/\/api.w.org\/{rel}","templated":true}]}}