{"id":7,"date":"2016-04-11T01:22:46","date_gmt":"2016-04-11T01:22:46","guid":{"rendered":"http:\/\/dnevnik.belavilinka.com\/?page_id=7"},"modified":"2016-10-06T09:27:02","modified_gmt":"2016-10-06T09:27:02","slug":"odlocila-sem-se-za-operacijo","status":"publish","type":"page","link":"http:\/\/dnevnik.belavilinka.com\/?page_id=7","title":{"rendered":"Odlo\u010dila sem se za Operacijo"},"content":{"rendered":"<p>Leto in pol je minilo. Miom\/tumor se ni zmanj\u0161al. Bole\u010dine so \u0161e vedno tukaj in so v ciklih \u0161e vedno v povpre\u010dju zelo hude. Takrat sem si obljubila, da \u010de mi z naravnimi zeli\u0161\u010di in ostalimi naravnimi metodami v leto in pol ne bo ratalo zanositi, bo naslednji korak z roko v roki Medicine.<br \/>\nOdlo\u010dila sem se za operacijo po 10 dnevih mu\u010denja ( 4 dni predpriprave, 4 dni M, 2 dni prihajanja k sebi ). Klicala sem v porodni\u0161nico Postojna in govorila z dr. Grmekom. Nikakor nisva pri\u0161la do razumevanja, da ne morem napovedati termina operacije, \u010de nikoli pravzaprav ne vem kdaj bo M. Svetoval mi je, da naj za\u010dnem jemati kontracepcijske tabletke in da bi operacija bila maja\/junija 2015. Oboje je bilo za mene nesprejemljivo : Prvi\u010d je bil termin predale\u010d, drugo pa vem, da mora\u0161 prenehati jemati konc. tabletke 7 tednov pred naro\u010deno operacijo. \u010casovno bi bilo tako nesmiselno, saj je april tik pred vrati.<br \/>\nMoja mami je bila pred 14 dnevi na rednem pregledu pri dr. Edi Vrta\u010dnik Bokal, ki je \u017ee ve\u010dkrat v teh letih rekla, da naj pridem, vendar sem bila takrat ali v svojih lastnih projektih ali v povezavi z drugimi ginekologi. Mami me je kar malo zmotivirala in tako sem se odlo\u010dila, da jo poi\u0161\u010dem in da sku\u0161am izpostaviti kontakt z njo. Mami ni imela nobene direktne \u0161tevilke ne od nje, ne od sestre, ker hodi na izredne preglede ( v popoldanskem \u010dasu ) in mi je rekla, da ona vedno pokli\u010de recepcijo tam pa ji dolo\u010dijo termin v Leoni\u0161\u010du. Takrat mi ni povedala, da je to v Leoni\u0161\u010du, mogo\u010de bi me pot zanesla potem sprva tja, poleg tega pa iskreno nisem prej poznala ni\u010d kaj o Ljubljanskih postopkih in kje kaj operirajo, \u010deprav sem iz Ljubljane. O Ljubljani sem brala ve\u010dino samo slabo in slabi rezultati operacij ( brani iz spleta ) so me iskreno zelo prestra\u0161ili. Mogo\u010de je moja izku\u0161nja tudi poduk drugim, da ne verjamejo vsega kar preberejo na spletu. Jaz sicer nisem \u017eenska, ki vse verjame, vendar pa me je kljub temu prestra\u0161ilo in \u010dlovek se potem vedno malce zamisli.<br \/>\nZ prof. kirurginjo dr. Bokal sem pri\u0161la v stik v zdravstvenem domu Kamnik, ker ob \u010detrtih tam vodi v popoldanskem \u010dasu izredne preglede. Pla\u010dala sem 40,00 Eur, kar se mi zdi zelo ugodna ponudba in hkrati tudi fer ponudba glede na vso njeno strokovnost in izku\u0161nje. V Dom\u017ealah sem bila izredno pri dr.Strah, kjer sem pla\u010dala za tak isti pregled 60-80 Eur, prav tako sem 60-80 Eur pla\u010dala pri dr. Megli\u010devi v zdravstvenem domu Dom\u017eale ( kjer sem bila noter dejansko 10 minut ).<br \/>\nV zdrav.dom Kamnik sem klicala v sredo 18.3.2015 in vpra\u0161ala po terminu. Rekli so mi, da naj pokli\u010dem v \u010detrtek dopoldne, da mi povedo, \u010de bo dr. Bokalova pri\u0161la. Ko so mi to potrdili, sem tudi sama se hkrati odlo\u010dila, da pridem. S seboj sem vzela vse svoje izvide, ki sem jih imela. Dr. Bokalova me je pregledala ginekolo\u0161ko in povedala sem vse bistvene podatke, strnjene v koledarsko tabelo. Prosila sem jo, da bi me vzela pod okrilje in ko sem povedala, da se trudiva \u017ee ve\u010d kot 5 let in glede na moje trenutno gin.stanje je dr. Bokalova mene vpra\u0161ala isto. Prakti\u010dno sva se skoraj da hkrati vpra\u0161ali. Ko je bil najin dogovor za nama je rekla\u00a0\u201c Naslednji teden v sredo pridite v Leoni\u0161\u010de ob 9.00 zjutraj. \u010cakala boste uro ali uro in pol, ker pridete po dogovoru. Tam vas bom kompletno pregledala. Prinesite \u0161e spermiogram in napotnico za operacijo. Vse bova uredili tako, da bo prav !\u201d. Bila sem TAKO vesela, da sem se samo smejala in se ji resni\u010dno lepo in iz srca zahvalila, pla\u010dala pregled in hitro vse zdrdrala mojemu, ki me je \u010dakal pred ambulanto. Tudi on je bil zelo vesel. Dobila sem ob\u010dutek, da lahko ZAUPAM doktorci in to je bilo klju\u010dnega pomena. \u017dal tega ob\u010dutka v postojni pri dr. Grmeku in dr. Merlotu nisem dobila. Bom rekla pa druga\u010de\u00a0\u201c \u017denska bolj razume \u017eensko. \u017dal mo\u0161ki nikoli ne ve, kaj je to imeti bole\u010dine, maternico, roditi, donositi, menopavza in se zaradi te ne-izku\u0161nje tudi te\u017eko EMPATI\u010cNO V\u017dIVI. Ne pravim pa da se mo\u0161ki ne more poizkusiti v\u017eiveti, \u010de le ima interes in me \u017eenske tako ali tako vemo, da oni \u201c nimajo pojma\u201d kako nam je, vendar znamo ceniti, \u010de \u201c poizku\u0161ajo razumeti.\u201d \u017dal tudi poizku\u0161anja razumeti nisem do\u017eivela v Postojni. Ne pravim, da sta doktorja slaba, sploh ne ! Pravim samo, da te prilagodljivosti in razumevanja, ki sem ju potrebovala, glede na moje ginekolo\u0161ko in tudi \u010dustveno naravo, nisem tam prejela, sem pa ju potrebovala.<br \/>\nGinekolo\u0161ki pregled pri dr. Bokalovi je povedal :\u201dEndometrioma ni. Miom je velik 6cm. Jaj\u010dnika sta\u00a0\u201c eden bolj\u0161i, drugi malo slab\u0161i.\u201d<br \/>\nNAPOTNICA: Dogovorili sva se, da pojdem iskat napotnico k osebni ginekologinji, \u010de pa te ne bom dobila, se bova zmenili tako, da postanem njena pacientka. Na moj rojstni dan 20.3.2015 sem tako izpustila praznovanje in od\u0161la v Dom\u017eale, da dobim napotnico. Ko sem pri\u0161la tja, so bile komplikacije in sem tako prosila, da po\u0161ljejo mojo kartoteko k novi ginekologinji. \u010ce ne bi s seboj imela dragega, mi ne bi uspelo, ker saj same veste kak\u0161ne so sestre\u00a0\u201c na hitro te odpravijo.\u00a0\u201c<br \/>\nPri\u0161el je Materinski Praznik 25.3.2015 in od\u0161la sva na Leoni\u0161\u010de. Ko sva pri\u0161la je bilo malce zmede pri sestrah, ker nisem bila naro\u010dena in da bo povsej verjetnosti potrebno pla\u010dati pregled in da so taki pregledi samo popoldne in tako dalje.. Ampak se nisem pustila sprovucirati ali ujeziti. Lepo sem ponavljala, da sem pacientka z tremi boleznimi in da sem domenjena z dr. Bokalovo. \u010cakala sva uro in pol, tako kot je rekla. Ni mi bilo problema \u010dakati. Na drugi strani sobe so sedeli pari za IVF. \u010ceprav se upiram tej misli in postopku z vsemi 5-nogami, pa moram povedati, da ko sem jih vidla, sem se po\u010dutila kot, da sem DOMA. Vsi smo v istem zosu in \u010de bi me kdo lahko razumel je to tista \u017eenska v rde\u010di majici z partnerjem in tisti druga v krilu z partnerjem in tudi doktorji in sestre, ki delajo na tem oddelku in se vsakodnevno sre\u010dujejo z nami in z na\u0161imi te\u017eavami. Res ni lahko. Videla sem tudi pacientko, ki je jokala. Zakaj ne vem, vendar je bilo tudi meni takoj hudo, pa sem morala kar odditi hitro na wc, da sem umirila svoje \u017eivce in solze.<br \/>\nKo sem pri\u0161la na vrsto, me je nasmejana dr. Bokalova sprejela, pregledala in potem rekla :\u00a0\u201c \u010cim preje morava opraviti operacijo, da odstraniva ta tumor. Za kaj ve\u010d pa je ostala skrivnostno tiho.\u201d Napisala mi je napotnico, postala je moja nova ginekologinja in njena prijazna sestra me je napotila na naro\u010danje. Na za\u010detku je sestra sicer malce komplicirala, kot sem opisala zgoraj, vendar pa se je ve\u010d kot o\u010ditno vmes vse raz\u010distilo, ko so prejeli moj karton. Sestra je po prejetju napotnice za operacijo bila mirna. Vse mi je lepo razlo\u017eila in tudi jaz sem bila tako suvereno pogumna kot, da\u00a0\u201c Jah, sej jaz to delam vsak teden. Kaj je to operacija za mene, to bom vse pogumno pre\u017eivela.\u201d \u010ceprav sem se mesec nazaj \u0161e tako upirala tej misli, da bi raje sko\u010dila\u00a0\u201cbanji jumping\u201d kot pa operacija. Enostavno nisem imela dobrega ob\u010dutka z Postojno, po odlo\u010ditvi in pogovoru z dr. Bokalovo pa je ta paranoi\u010den strah upadel.<br \/>\nOd\u0161la sva se naro\u010dit v staro porodni\u0161nico v kateri sem mislila, da sem bila jaz rojena, pa sem bila v klini\u010dnem centru ( mi je povedala moja babi, ona pa je rodila mojo mamo in njenega brata v stari porodni\u0161nici ). Ko sva \u010dakala na naro\u010danje sem bila \u017eiv\u010dna. Bala sem se\u00a0\u201c Joj, kateri datum mi bodo dali ? Ali bodo prilagodljivi?\u201d.Ko sem vstopila je bila sestra zelo prijazna in to me je pomirilo. Vpra\u0161ala je kak\u0161ne cikle imam &#8211; redne\/neredne, kdaj je bila zadnja M, ali imam bole\u010dine in ali prav vidi, da je tumor velik 6cm? (ob velikosti tumorja se je kar malo zamislila, jaz pa sem vidla, da spadam pod te\u017eje pacientke, no pa to sem \u017ee tako vedela, ampak ko drugi \u0161e to potrdijo, potem pa se \u0161e bolj zamisli\u0161). Pogledali sva kateri datum cikla je in bil je 14 dan cikla. Gledala je po zvezku in rekla:\u201d \u010ce bi pri\u0161la na predoperacijske teste ta petek in bi bila operacija 30.3.2015 bi to bilo vredu?\u201d<br \/>\nJaz sem se kr nasmejala od veselja in takoj potrdila ! Ponudila mi je sicer \u0161e drugo varijanto, ampak glede na dan cikla in na mojo \u017eeljo ( da to \u010dim prej re\u0161im ) je potem obveljala prva varijanta. Lepo sem se ji zahvalila. Res je bila prijazna in prakti\u010dno stekla do mojega partnerja. Bil je zami\u0161ljen. Gledal je skozi okno na notranjem mostu. Klicala sem ga, ampak on mene ni sli\u0161al, dokler nisem pri\u0161la \u010disto do njega. Ko sem mu povedala termin operacije je bil tako \u0161okiran, da iz sebe ni spravil niti besede. Potem je po 10 minutah rekel\u00a0\u201c Ampak kako tako hitro, \u010de pa na vratih pi\u0161e \u010dakalna doba do 3 mesece? \u201c<br \/>\nDragi moj je bil \u0161e celoten dan zmeden od \u0161oka. Kasneje je od\u0161el na bencinsko tankat in pozabil denarnico doma. Vzel je s seboj tudi klju\u010de od mojega avta, da nisem mogla priti in sem mogla \u0161e prvo v omari iskati rezervne klju\u010de. Jooojj\u2026Ker je \u0161el registrirat avto, sem mu rekla na pumpi, da grem z njim, ker\u00a0\u201c ziher je ziher\u201d. :)))<br \/>\nJaz pa sem bila ni\u010d pozabljiva, ampak VESELA !<br \/>\nV petek 27.3.2015 sva pri\u0161la ob pol 8 v staro porodni\u0161nico. Jaz te\u0161\u010da, kot mi je bilo naro\u010deno. Tam sem prejela zeleno mapo v kateri so vsi moji izvidi in testi iz tega dne. Dala sem kri. Prebodli so me 3 krat v celem dnevu, ker zjutraj kri ni pri\u0161la iz \u017eile. Potem so rekli, da naj spijem teko\u010dino in potem so po 3 urah ponovno poizkusili in zopet nobene krvi na istem mestu kot prvi\u010d, potem pa je 3-i\u010d le \u0161lo in so mi raje vzeli ve\u010d kot premalo, da ne bo treba \u0161e enkrat me\u00a0\u201cmu\u010diti\u201d.<br \/>\nOpravila sem pregled pri anestiziologu. Pregled je vseboval EKG in zdravstveni splo\u0161ni pregled in pogovor o zdravstveni preteklosti.<br \/>\nNa koncu pa \u0161e ginekolo\u0161ki pregled pri specialistki. Tega smo vse kar dolgo \u010dakale, ker je bila vsaka noter nekje 30 minut ali \u0161e + minute. Kompleten zgodovinski pregled in potem \u0161e gin. pregled in razlaga kako poteka operacija. No, ker sem zvezdave narave in ho\u010dem razumeti kaj se dogaja z mojim telesom sem seveda spra\u0161evala kak\u0161na je situacija z tumorjem in povedala mi je naslednje :\u201d Tumor je zelo dobro prekrvavljen. Je kot \u017eiva stvar in je najbolj pogosta problematika \u017eenskih rodil v rodilnem \u010dasu. Zakaj in kako se ustvarijo te tumorji je razlog lahko v prehrani, v genski osnovni, na\u010dinu \u017eivljenja, stresu. \u010cisto natan\u010dnega odgovora ni. Moj tumor poteka en del v maternici, en del zunaj nje in tisti del, ki je v maternici blokira vhod proti jaj\u010dniku.\u201d<br \/>\nKo smo se vzunaj pogovarjale z so-borkami, ki so vse naro\u010dene tako kot jaz na operacijo v ponedeljek mi je ena izmed teh povedala, da je \u017ee bila novembra na tej operaciji in da so ji razlo\u017eili, da so te bole\u010dine pri, pred M zato, ker \u017eeli maternica izlo\u010diti ta tumor\/miom iz sebe, a ker je pritrjen na steno in se mo\u010dno dr\u017ei, ga maternica sama po sebi ne more izlo\u010diti. To povzro\u010da lahko stra\u0161ne bole\u010dine. Ta lu\u0161tna gospa mi je tudi povedala, da je imela po operaciji 3 menstruacije. Da prva je bila \u0161e bole\u010da, sedaj zadnja pa\u00a0\u201c Kot da ne ve, da ima Menstruacijo. Tudi \u010das trajanja krvavitve se je skraj\u0161al.\u201d To je meni zvenelo fantasti\u010dno in tudi, \u010de ne bom uspela zanositi naravno ali umetno, si iz vsega srca \u017eelim, da NE BI IMELA VE\u010c TEH BOLE\u010cIN ! Ker vsak mesec izgubim 14 dni zaradi tega in prav ni\u010d se ne nau\u010dim od tega, na primer kak\u0161nega \u017eivljenjskega nauka. Bole\u010dine me ubijajo in uni\u010dijo moj naravni ritem. Obupen je ob\u010dutek, ko ne more\u0161 ni\u010desar po\u010deti in biti koristen !<br \/>\nSpecializantko sem tudi vpra\u0161ala kak\u0161na je mo\u017enost, da je tako velik tumor rakav ? Rekla je, da, \u010de bi se tumor pojavil na primer pred pol leta in bi v tem kratkem \u010dasu zrasel na tako veli\u010dino, bi to bil vsekakor zelo velik sum, da gre za rakav tumor, ker pa pri meni stvar raste nekaj let in raste po\u010dasi ( sprva nemote\u010de, sedaj pa zelo mote\u010de ) je mo\u017enost za rakavo skoraj ni\u010dna. Povedala sem ji, da po jemanju hormonskih tabletk klomifen je moj miom za\u010del \u0161e bolj rasti in hitreje.<br \/>\nKo sem opravila VSE je bila ura pol 14 in bila sem la\u010dna. Moj je od\u0161el \u017ee prej na delo. Odpeljala sem se domov, pojedla in zaspala skupaj z mojo ma\u010dko Pino. Nadaljna navodila, ki sem jih dobila pri odhodu pa so, da moram v nedeljo imeti postni dan. Prejela sem 3 tablete, ki jih moram vzeti v \u010dasu kosila in potem lahko pijem do 00.00. Po tem \u010dasu niti kaplje ve\u010d. Ko se zjutraj vstanem niti kaplje ( kar bo te\u017eko za mene, ker vsak dan spijem takoj kozarec vode. Prva stvar, ki jo naredim \u0161e preden grem na wc. ) Priti moram v staro porodni\u0161nico med 7 in pol 8. Se preoble\u010dem v pi\u017eamo njihovo in dodelijo mi posteljo. Potem mi bodo tam dali \u0161e dve tabletki in \u010de ne bom mogla pojesti tableti dol, mi bodo dali\u00a0\u201c 2 \u0161luka vode\u201d, druga\u010de pa NI\u010c! Glede na moje stanje, bom povsej verjetnosti prva na vrsti za operacijo, kar se NE BRANIM, ker \u017ee tako bo te\u017eko brez vode. \u017de danes zjutraj me je za\u010del \u017eelodec bolet, ker nisem smela ni\u010d piti in jesti.<br \/>\nPo operaciji bom ostala en dan noter. V torek ( naslednji dan ) pa lahko po viziti in \u010de bo vse ok in \u010de bom imela prevoz, oddidem domov se k sebi spravljat !<br \/>\nKako je potekal dan operacije bom opisala v naslednjem prispevku. Prvo moram \u0161e do\u017eivet, da bom lahko pisala o tem :))<br \/>\nVSE SESTRE IN DOKTORJE V STARI PORODNI\u0160NICI LJUBLJANA LAHKO SAMO POHVALIM IN \u0160E ENKRAT POHVALIM ! VSI SO ZELO PRIJAZNI, NASMEJANI, POTRPE\u017dLJIVI IN ZARADI NJIH JE VES TA PROCES VELIKO LA\u017dJI ! \u010cAKANJU PA SE \u017dAL NE DA IZOGNITI NIKJER. BOLJ\u0160E KAKO REVIJO\/KRI\u017dANKE S SEBOJ VZETI, DA UM ZAPOSLI\u0160 KOT, DA TI TAVA TAM !<\/p>\n","protected":false},"excerpt":{"rendered":"<p>Leto in pol je minilo. Miom\/tumor se ni zmanj\u0161al. Bole\u010dine so \u0161e vedno tukaj in so v ciklih \u0161e vedno v povpre\u010dju zelo hude. Takrat sem si obljubila, da \u010de mi z naravnimi zeli\u0161\u010di in ostalimi naravnimi metodami v leto in pol ne bo ratalo zanositi, bo naslednji korak z roko v roki Medicine. Odlo\u010dila<br \/><a class=\"moretag\" href=\"http:\/\/dnevnik.belavilinka.com\/?page_id=7\">+ Read More<\/a><\/p>\n","protected":false},"author":2,"featured_media":0,"parent":5,"menu_order":0,"comment_status":"closed","ping_status":"closed","template":"","meta":{"footnotes":""},"class_list":["post-7","page","type-page","status-publish","hentry"],"_links":{"self":[{"href":"http:\/\/dnevnik.belavilinka.com\/index.php?rest_route=\/wp\/v2\/pages\/7","targetHints":{"allow":["GET"]}}],"collection":[{"href":"http:\/\/dnevnik.belavilinka.com\/index.php?rest_route=\/wp\/v2\/pages"}],"about":[{"href":"http:\/\/dnevnik.belavilinka.com\/index.php?rest_route=\/wp\/v2\/types\/page"}],"author":[{"embeddable":true,"href":"http:\/\/dnevnik.belavilinka.com\/index.php?rest_route=\/wp\/v2\/users\/2"}],"replies":[{"embeddable":true,"href":"http:\/\/dnevnik.belavilinka.com\/index.php?rest_route=%2Fwp%2Fv2%2Fcomments&post=7"}],"version-history":[{"count":1,"href":"http:\/\/dnevnik.belavilinka.com\/index.php?rest_route=\/wp\/v2\/pages\/7\/revisions"}],"predecessor-version":[{"id":8,"href":"http:\/\/dnevnik.belavilinka.com\/index.php?rest_route=\/wp\/v2\/pages\/7\/revisions\/8"}],"up":[{"embeddable":true,"href":"http:\/\/dnevnik.belavilinka.com\/index.php?rest_route=\/wp\/v2\/pages\/5"}],"wp:attachment":[{"href":"http:\/\/dnevnik.belavilinka.com\/index.php?rest_route=%2Fwp%2Fv2%2Fmedia&parent=7"}],"curies":[{"name":"wp","href":"https:\/\/api.w.org\/{rel}","templated":true}]}}