{"id":67,"date":"2016-04-11T02:19:22","date_gmt":"2016-04-11T02:19:22","guid":{"rendered":"http:\/\/dnevnik.belavilinka.com\/?page_id=67"},"modified":"2016-10-06T09:24:32","modified_gmt":"2016-10-06T09:24:32","slug":"jemanje-magnezija","status":"publish","type":"page","link":"http:\/\/dnevnik.belavilinka.com\/?page_id=67","title":{"rendered":"Jemanje Magnezija"},"content":{"rendered":"<p>Po koncu tretmaja sode, sem se odlo\u010dila, da bo jemala magnezij, ker sem brala knjigo o mineralih v telesu. Ker mi je ostalo \u0161e nekaj sode bikarbone, sem se odlo\u010dila, da bom sodo porabila do konca. Ne vem zakaj, ampak \u010de ostane \u010desarkoli \u0161e malo v \u0161katlici, me spravlja ob \u017eivce in moram porabiti.<\/p>\n<p>Magnezij sem jemala nekje 10 dni, potem pa sem pri spolnem odnosu, takoj po orgazmu dobila mo\u010dan kr\u010d v maternici. Kot kr\u010d na nogi. Bole\u010dine so bile stra\u0161ne. Nisem mogla hodit, nisem mogla sedet, nisem mogla le\u017eat. Nobena pozicija na postelji mi ni pasala. Imela sem grozne bole\u010dine. Jokala sem se glasno. Moj dragi ni vedel kaj naj naredi. Spra\u0161eval me je, \u010de me pelje v bolnico, ampak sem rekla ne, ker sem bila trmasta. Po cirka uri in pol so se bole\u010dine zni\u017eale za 20% in sem nekako le\u017eala tako, da me ni kar naprej glodala bole\u010dina. Klicala sem o\u010deta, bila sem res obupana. Rekel mi je, da naj pijem \u010daj kumino in jane\u017e, da me povsej verjetnosti napihuje in da se ne morem \u201csprdnt\u201d.<\/p>\n<p>Nisem mogla ne lulat, ne kakat. Kot, da bi se mi vse \u201cza\u0161opalo\u201d in nore bole\u010dine. Nisem mogla niti razmi\u0161ljat ! Nekaj dni nazaj sem v knjigi brala o klistirju. Moja prva reakcija je bila \u201c Oh my god, ne me srat! Tega \u017ee ne bom delala.\u201d Potem pa, ko sem za\u010dela ve\u010d brat o tem, ker firbec pa sem, se mi je vse skupaj zdelo zelo logi\u010dno, da telesu pomagamo, da odda odve\u010dne snovi skozi telo, ker telo ni popolno. Tisti, ki misli, da je, je neumen ! Je sicer fantasti\u010den ra\u010dunalnik, ki ga ne more razumeti v svoji celoti, noben, ampak \u0161e vedno ni brezhiben in kar naprej ga je treba uravnavat !<\/p>\n<p>Nudi pa nam ogromno in za to moramo biti HVALE\u017dNI ! \u010ce ni telesa, potem ne moremo NE \u017dIVETI, NE DIHATI, NE USTVARJATI, NI\u010cESAR SPREMENITI ! Du\u0161a sama po sebi, ne more narediti nobenih premikov na planetu. Samo, \u010de je du\u0161a v Telesu, jih lahko ! In to je dejstvo.<\/p>\n<p>Naslednji dan moje bole\u010dine niso ponehale in kar naenkrat mi je v misli pri\u0161la beseda : \u201c Klistir.\u201d Ve\u010dkrat se mi to zgodi, da me vodi Vi\u0161ja Sila. Mojemu dragemu sem naro\u010dila, da naj kupi takoj klistir in sodo bikarbono. Odlo\u010dila sem se, da bom uni\u010dila s sodo, karkoli se mi je \u017ee \u201czagozdilo\u201d v telesu ! Bila sem, kot prava Vojakinja, ki ne pozna Strahu. Kako izvesti Klistir sem napisala na drugem postu.<\/p>\n<p>Ko sva delala klistir, me je zelo bolelo. Zdr\u017eala sem nekaj kratkih minut in sem \u017ee tekla na strani\u0161\u010de, vendar so zve\u010der bole\u010dine bile \u017ee za 40% ni\u017eje, kar je meni pomenilo, da sem na pravi poti. Naslednji dan sva ponovila akcijo in bole\u010dine so bile res samo \u0161e minimalne, vendar pa je bilo moje telo iz\u010drpano. Dobila sem vro\u010dino 39 stopinj. Na sre\u010do sem na spletu na\u0161la skupino za klistiranje in povedala svojo zgodbo. Razli\u010dni ljudje so mi odgovorili in me pomirili, da je to povsem normalno za prvi\u010d. Telo se ponovno nastavlja. Tretji dan je moja vro\u010dina \u0161la \u0161e vi\u0161je in samo le\u017eala sem \u0161e. Pisala sem o\u010detu kako mi je in ta je pri\u0161el takoj do mene in se vsedel poleg mene in mi dal roko na \u010delo ter rekel : \u201c Ti gori\u0161.Mora\u0161 do zdravnika\u201d Kljub temu, da nisem bila naro\u010dena, me je moj dragi peljal do zdravnice.<\/p>\n<p>Tam nisem izvedela ni\u010d kaj prida. Vzeli so mi kri, bilo je vse normalno. Vzeli so mi vodo, bilo je vse normalno. Merili so mi temperaturo telesa in temperaturo v danki in ta je bila 1 stopinjo razlike, kar pa ne sme biti, zato mi je zdravnica dala napotnico za kirurga v urgenco. Bila sem popolnoma utrujena, izmu\u010dena, saj sem \u010dakala 3 ure, da sem pri\u0161la na vrsto. Vse kar sem si \u017eelela je bilo postelje. Rekla mi je, da bi morala zdaj tja iti, ampak sem se na poti do mojga avta odlo\u010dila, da bom PRVO za sebe POSKRBELA in sicer, da se bom \u0161la ule\u0161t. Dragi me je peljal domov in moral naprej. Jaz pa sem si naredila OBKLADEK IZ KISA. Spet misel, ki mi jo je poslala vi\u0161ja sila.<\/p>\n<p>Brisa\u010de sem zmo\u010dila z mrzlo vodo, o\u017eela, zmo\u010dila z kisom, o\u017eela. Na posteljo sem si nastavila veliko suho brisa\u010do, potem mokro brisa\u010do na njo in se vlegla ter zakri\u010dala od mrzlote. Obe Brisa\u010di sem si potem povila \u010dez prsa in trebuh. \u0160e prej pa sem si naredila \u017eajblov zeli\u0161\u010dni \u010daj z mlekom.<\/p>\n<p>Popila in zavila v brisa\u010de in zaspala za 3 ure. Ko sem se zbudila je vro\u010dina padla, pri\u0161la sem k sebi. Dragi mi je skuhal juhico in sem pojedla. Dobila sem tek za hrano, kar je bil dober znak, da bom okrevala. Po dveh dneh sem bila zopet zdrava in pri\u0161la je Menstruacija.<\/p>\n<p>Kisov obkladek in \u017dajblov \u010daj z mlekom je delala moja zlata Babica in to je njen za\u0161\u010ditni znak. Mislim, da ta \u017eelja po pomo\u010di drugim in \u017eelja po zdravljenju z Mati Naravo prihaja prav od nje, saj je ona po\u010dela isto. Vedno je pomagala drugim in bila \u201cnamazana\u201d z raznoraznimi informacijami,ki so danes skorajda pozabljene.<\/p>\n","protected":false},"excerpt":{"rendered":"<p>Po koncu tretmaja sode, sem se odlo\u010dila, da bo jemala magnezij, ker sem brala knjigo o mineralih v telesu. Ker mi je ostalo \u0161e nekaj sode bikarbone, sem se odlo\u010dila, da bom sodo porabila do konca. Ne vem zakaj, ampak \u010de ostane \u010desarkoli \u0161e malo v \u0161katlici, me spravlja ob \u017eivce in moram porabiti. Magnezij<br \/><a class=\"moretag\" href=\"http:\/\/dnevnik.belavilinka.com\/?page_id=67\">+ Read More<\/a><\/p>\n","protected":false},"author":2,"featured_media":0,"parent":33,"menu_order":3,"comment_status":"closed","ping_status":"closed","template":"","meta":{"footnotes":""},"class_list":["post-67","page","type-page","status-publish","hentry"],"_links":{"self":[{"href":"http:\/\/dnevnik.belavilinka.com\/index.php?rest_route=\/wp\/v2\/pages\/67","targetHints":{"allow":["GET"]}}],"collection":[{"href":"http:\/\/dnevnik.belavilinka.com\/index.php?rest_route=\/wp\/v2\/pages"}],"about":[{"href":"http:\/\/dnevnik.belavilinka.com\/index.php?rest_route=\/wp\/v2\/types\/page"}],"author":[{"embeddable":true,"href":"http:\/\/dnevnik.belavilinka.com\/index.php?rest_route=\/wp\/v2\/users\/2"}],"replies":[{"embeddable":true,"href":"http:\/\/dnevnik.belavilinka.com\/index.php?rest_route=%2Fwp%2Fv2%2Fcomments&post=67"}],"version-history":[{"count":2,"href":"http:\/\/dnevnik.belavilinka.com\/index.php?rest_route=\/wp\/v2\/pages\/67\/revisions"}],"predecessor-version":[{"id":71,"href":"http:\/\/dnevnik.belavilinka.com\/index.php?rest_route=\/wp\/v2\/pages\/67\/revisions\/71"}],"up":[{"embeddable":true,"href":"http:\/\/dnevnik.belavilinka.com\/index.php?rest_route=\/wp\/v2\/pages\/33"}],"wp:attachment":[{"href":"http:\/\/dnevnik.belavilinka.com\/index.php?rest_route=%2Fwp%2Fv2%2Fmedia&parent=67"}],"curies":[{"name":"wp","href":"https:\/\/api.w.org\/{rel}","templated":true}]}}