{"id":65,"date":"2016-04-11T02:18:36","date_gmt":"2016-04-11T02:18:36","guid":{"rendered":"http:\/\/dnevnik.belavilinka.com\/?page_id=65"},"modified":"2016-09-27T12:21:33","modified_gmt":"2016-09-27T12:21:33","slug":"klistir-in-se-klistir","status":"publish","type":"page","link":"http:\/\/dnevnik.belavilinka.com\/?page_id=65","title":{"rendered":"Klistir in \u0161e Klistir"},"content":{"rendered":"<p>Uspela sem prepri\u010dati \u0161e mojega dragega, da se je odlo\u010dil za Klistir ! O bravo Lara ! In potem ko je probal, je rekel, da bi \u0161e probal. Juhu ! \u0160e ena stvar, ki jo lahko po\u010dneva skupaj in imava skupne izku\u0161nje. \u0160e nekaj kar naju dr\u017ei skupaj.<\/p>\n<p><strong>KAJ POTREBUJEMO ZA KLISTIRANJE ?<\/strong><\/p>\n<p>1. Odlo\u010ditev za razstrupljanje svojega telesa.Naredimo nekaj zdravega in u\u010dinkovitega za svoje telo !<\/p>\n<p>2. Irigator ( V sanolaborju stane 10,00 Eur. )<\/p>\n<div class=\"text_exposed_show\">\n<p>3. S \u010dim se bomo razstrupili ?<br \/>\na) Voda<br \/>\nb) Soda Bikarbona<br \/>\nc) Bio Kava<\/p>\n<p>4. Kje bomo izvedli klistir ?<br \/>\na) v Kopalnici<br \/>\nb) na Postelji<br \/>\nV vsakem primeru bomo potrebovali brisa\u010de. \u010ce bomo izvedli klistir v kopalnici na tleh pa \u0161e blazino na katero se bomo lahko vlegli.<\/p>\n<p>5. Kremo ali mazilo, s katerim nama\u017eemo danko in nastavek, da ga brez bole\u010dine vstavimo v danko.<\/p>\n<p>6. Pomo\u010d prijatelja. Pri prvem klistiranju je priporo\u010dljivo imeti nekoga ob sebi, ki nudi psihi\u010dno in fizi\u010dno podporo. Naprimer : Medtem, ko mi le\u017eimo, on\/ona napolni vodo v irigator ali pa ko te\u010demo na strani\u0161\u010de on\/ona pripravi pol litra vode, ki jo popijemo ter nas vpra\u0161a kako se po\u010dutimo\u2026itd<\/p>\n<\/div>\n<p><strong>KAKO IZVEDEMO KLISTIRANJE ?<\/strong><\/p>\n<p>Prvo potrebujemo Pogum :))) Nato pa odlo\u010ditev, da bomo razstrupili svoje telo.<\/p>\n<p>POSTOPEK z SODO BIKARBONO :<span class=\"text_exposed_show\"><br \/>\n1. Zavremo 1 liter vode. ( Jaz to naredim kar v grelcu vode, ker je zelo hitro. )<br \/>\n2. Vrelo vodo precedimo v vr\u010d in dodamo 1 \u017eli\u010dko sode in pome\u0161amo.<br \/>\n3. Pustimo stati, da se ohladi, ker je zelo vro\u010de.<br \/>\n4. Izmerimo toploto vode s termometrom. Toplota naj bo med 35 in 40 stopinj. ( Sem \u017ee probala tudi 42 in ni bilo ni\u010d narobe.Sem pa \u010dutila toploto v \u010drevesju kako mi te\u010de po \u201ccevi\u201d. )<br \/>\n5. O\u010distimo z vodo klistir vre\u010dko in nastavek ( pri pri uporabi ). Pri vsaki naslednji uporabi nastavek o\u010distimo v alkoholu.<br \/>\n6. Vodo zlijemo v klistir vre\u010dko in spustimo skozi zrak.<\/span><\/p>\n<div class=\"text_exposed_show\">\n<p>Tako Zdaj imamo Klistir pripravljen.<\/p>\n<p>Sku\u0161amo zdr\u017eati \u010dim dlje, ko enkrat \u017ee obvladamo celoten postopek in smo navajeni. Petnajst minut je cilj. Ko prvi\u010d delate, pa delajte po ob\u010dutku, nekaj minut vsaj.<\/p>\n<p>Midva se vsaki\u010d po klistiranju po\u010dutiva zelo dobro. Narediva tak vikend paket,sobota in nedelja. Sobota zve\u010der se klistirava z sodo bikarbono. V nedeljo zve\u010der pa z bio kavo.<\/p>\n<p>Pridru\u017ei se facebook skupini Klistiranje in vpra\u0161aj kar si \u017eeli\u0161 :<\/p>\n<p>\u2013&gt;\u00a0<a href=\"http:\/\/t.umblr.com\/redirect?z=https%3A%2F%2Fwww.facebook.com%2Fgroups%2F774427365952243%2F&amp;t=ZjEyMDFlMmE2NDk1NDZiMzNmZjRjOWEwMmQwODU5MzBmYTI3NWJjYyxJcFMxQW1zYg%3D%3D\" target=\"_blank\">https:\/\/www.facebook.com\/groups\/774427365952243\/<\/a><\/p>\n<\/div>\n","protected":false},"excerpt":{"rendered":"<p>Uspela sem prepri\u010dati \u0161e mojega dragega, da se je odlo\u010dil za Klistir ! O bravo Lara ! In potem ko je probal, je rekel, da bi \u0161e probal. Juhu ! \u0160e ena stvar, ki jo lahko po\u010dneva skupaj in imava skupne izku\u0161nje. \u0160e nekaj kar naju dr\u017ei skupaj. KAJ POTREBUJEMO ZA KLISTIRANJE ? 1. Odlo\u010ditev<br \/><a class=\"moretag\" href=\"http:\/\/dnevnik.belavilinka.com\/?page_id=65\">+ Read More<\/a><\/p>\n","protected":false},"author":2,"featured_media":0,"parent":39,"menu_order":10,"comment_status":"closed","ping_status":"closed","template":"","meta":{"footnotes":""},"class_list":["post-65","page","type-page","status-publish","hentry"],"_links":{"self":[{"href":"http:\/\/dnevnik.belavilinka.com\/index.php?rest_route=\/wp\/v2\/pages\/65","targetHints":{"allow":["GET"]}}],"collection":[{"href":"http:\/\/dnevnik.belavilinka.com\/index.php?rest_route=\/wp\/v2\/pages"}],"about":[{"href":"http:\/\/dnevnik.belavilinka.com\/index.php?rest_route=\/wp\/v2\/types\/page"}],"author":[{"embeddable":true,"href":"http:\/\/dnevnik.belavilinka.com\/index.php?rest_route=\/wp\/v2\/users\/2"}],"replies":[{"embeddable":true,"href":"http:\/\/dnevnik.belavilinka.com\/index.php?rest_route=%2Fwp%2Fv2%2Fcomments&post=65"}],"version-history":[{"count":1,"href":"http:\/\/dnevnik.belavilinka.com\/index.php?rest_route=\/wp\/v2\/pages\/65\/revisions"}],"predecessor-version":[{"id":66,"href":"http:\/\/dnevnik.belavilinka.com\/index.php?rest_route=\/wp\/v2\/pages\/65\/revisions\/66"}],"up":[{"embeddable":true,"href":"http:\/\/dnevnik.belavilinka.com\/index.php?rest_route=\/wp\/v2\/pages\/39"}],"wp:attachment":[{"href":"http:\/\/dnevnik.belavilinka.com\/index.php?rest_route=%2Fwp%2Fv2%2Fmedia&parent=65"}],"curies":[{"name":"wp","href":"https:\/\/api.w.org\/{rel}","templated":true}]}}