{"id":53,"date":"2016-04-11T02:12:23","date_gmt":"2016-04-11T02:12:23","guid":{"rendered":"http:\/\/dnevnik.belavilinka.com\/?page_id=53"},"modified":"2016-09-27T12:21:02","modified_gmt":"2016-09-27T12:21:02","slug":"dnevnik-3-postni-dan","status":"publish","type":"page","link":"http:\/\/dnevnik.belavilinka.com\/?page_id=53","title":{"rendered":"Dnevnik 3 Postni dan"},"content":{"rendered":"<p>Zbudila sem se zelo dobre volje. Kar \u017earela sem od pozitivizma. Na balkonu, ko sem pila \u010daj, je bilo tako vro\u010de od sonca, da sem se slekla in son\u010dila. Za\u010delo je te\u010di od mene. Mislila sem si :\u201c Fantasti\u010dno, \u0161e savno imam in to Zastonj !\u201d. Potem sem se stu\u0161irala, pripravila vodo za klistir, \u0161la s psi\u010dko na sprehod. Po klistirju me je za\u010delo ful zebst. Naredila sem si jetrni in plju\u010dni obkladek in jedla po obkladkih. Dana\u0161nji prevretek mi je bil zani\u010d in sem se kar silila z njim.<\/p>\n<p>Ob 18.00 uri zve\u010der sem dobila bole\u010dine v \u017eelodcu, zato sem si naredila smoothi. Takoj, ko sem ga popila, so bole\u010dine prenehale. Na pitje vode sem kar malo pozabila, niti mi ni pasalo.<\/p>\n<p>Po popitju smoothija, smo od\u0161li skupaj z mojo babi do moje mame, kjer smo malce \u010dvekali in pili \u010daj. Mene je zeblo kot \u201c pujska \u201d. Bila sem oble\u010dena toplo, pa \u0161e mama mi je dala deko, ampak \u0161e vedno me je zeblo.<\/p>\n<p>Ko sva pri\u0161la domov, sem bila ful la\u010dna. Tudi 2 smoothija nista polegla lakoto. Pregre\u0161ila sem se z prepe\u010denim toastom in ajverjom, ki sem ga \u010disto na tanko namazala ( kar me je presenetilo ). \u0160e vedno sem bila la\u010dna. Od\u0161la sem kar spat, trebuh mi je krulil. Bila sem utrujena, \u010deprav nisem celoten dan ni\u010d kaj fizi\u010dno napornega delala. Vzela sem si termofor in ga dala toplega na trebuh. To mi je umirilo \u017eelodec in tudi \u010dustva. Zaspala sem.<\/p>\n","protected":false},"excerpt":{"rendered":"<p>Zbudila sem se zelo dobre volje. Kar \u017earela sem od pozitivizma. Na balkonu, ko sem pila \u010daj, je bilo tako vro\u010de od sonca, da sem se slekla in son\u010dila. Za\u010delo je te\u010di od mene. Mislila sem si :\u201c Fantasti\u010dno, \u0161e savno imam in to Zastonj !\u201d. Potem sem se stu\u0161irala, pripravila vodo za klistir, \u0161la<br \/><a class=\"moretag\" href=\"http:\/\/dnevnik.belavilinka.com\/?page_id=53\">+ Read More<\/a><\/p>\n","protected":false},"author":2,"featured_media":0,"parent":39,"menu_order":5,"comment_status":"closed","ping_status":"closed","template":"","meta":{"footnotes":""},"class_list":["post-53","page","type-page","status-publish","hentry"],"_links":{"self":[{"href":"http:\/\/dnevnik.belavilinka.com\/index.php?rest_route=\/wp\/v2\/pages\/53","targetHints":{"allow":["GET"]}}],"collection":[{"href":"http:\/\/dnevnik.belavilinka.com\/index.php?rest_route=\/wp\/v2\/pages"}],"about":[{"href":"http:\/\/dnevnik.belavilinka.com\/index.php?rest_route=\/wp\/v2\/types\/page"}],"author":[{"embeddable":true,"href":"http:\/\/dnevnik.belavilinka.com\/index.php?rest_route=\/wp\/v2\/users\/2"}],"replies":[{"embeddable":true,"href":"http:\/\/dnevnik.belavilinka.com\/index.php?rest_route=%2Fwp%2Fv2%2Fcomments&post=53"}],"version-history":[{"count":1,"href":"http:\/\/dnevnik.belavilinka.com\/index.php?rest_route=\/wp\/v2\/pages\/53\/revisions"}],"predecessor-version":[{"id":54,"href":"http:\/\/dnevnik.belavilinka.com\/index.php?rest_route=\/wp\/v2\/pages\/53\/revisions\/54"}],"up":[{"embeddable":true,"href":"http:\/\/dnevnik.belavilinka.com\/index.php?rest_route=\/wp\/v2\/pages\/39"}],"wp:attachment":[{"href":"http:\/\/dnevnik.belavilinka.com\/index.php?rest_route=%2Fwp%2Fv2%2Fmedia&parent=53"}],"curies":[{"name":"wp","href":"https:\/\/api.w.org\/{rel}","templated":true}]}}