{"id":5,"date":"2016-04-11T01:19:49","date_gmt":"2016-04-11T01:19:49","guid":{"rendered":"http:\/\/dnevnik.belavilinka.com\/?page_id=5"},"modified":"2016-10-06T09:26:49","modified_gmt":"2016-10-06T09:26:49","slug":"operacija","status":"publish","type":"page","link":"http:\/\/dnevnik.belavilinka.com\/?page_id=5","title":{"rendered":"OPERACIJA"},"content":{"rendered":"<p>LAPAROSKOPIJA\/HISTEROSKOPIJA<\/p>\n<p>30.3.2015 sem kon\u010dno zbrala pogum in hkrati je minila moja 1 in pol letna zaobljuba, da \u010de v tem \u010dasu ne bom ozdravila maternice po naravni poti, bom \u0161la na operacijo.<\/p>\n<p>Bole\u010dine so bile tiste, ki so me spravile \u010dez moj prag vzdr\u017eljivosti (in moj prag je visok), da sem v roku parih dni na\u0161la Kirurginjo, samopla\u010dni\u0161ko stopila do nje, jo prosila za pomo\u010d in potem sem bila na Medicinskem VLAKU, ki pa pri meni vsekakor ni samoumeven. Medicinska vrata odprem, ko sem sprobala vsa Naravna Vrata in le ta niso prinesla \u017eeljenega rezultata. Operacija je pustila tudi svoje posledice o katerih bom pisala.<br \/>\n\u200b<br \/>\nKar urno sko\u010di na moje zapise pred in po operaciji, da bo\u0161 bolje vedela, kaj pribli\u017eno te \u010daka, vsekakor pa je vedno treba imeti v mislih, da ima vsaka \u017eenska svoje individualne te\u017eave in tudi svoje individualne izku\u0161nje. Po pogovoru z drugimi sotrpinkami, sem se nekako umestila v te\u017eje primere. Na forumih pa je mnogo komentarjev \u017eensk, kjer dejansko niso imele nobenih te\u017ejih oblik sprememb v maternici in so okrevale v roku tedna do 14 dni. \u010ce se gre za pregrado ali samo vpogled ali odstranitev \u010desa manj\u0161ega, je stvar hitro re\u0161ljiva, \u010de pa ne, potem pa preberi moj blog. Se pa dobro zavedam, da obstajajo \u0161e te\u017eji primeri kot je moj in do tistih \u017eensk sem lahko samo Ljube\u010da, ker potrebujejo veliko Objemov in Ne\u017enosti. Ni nam lahko biti \u017denske, ampak Boginja nas je ustvarila take, zato smo prisiljene stati na dveh nogah in biti Mo\u010dne, ker smo vendarle le \u017dENSKE!<br \/>\nSre\u010dno!<\/p>\n","protected":false},"excerpt":{"rendered":"<p>LAPAROSKOPIJA\/HISTEROSKOPIJA 30.3.2015 sem kon\u010dno zbrala pogum in hkrati je minila moja 1 in pol letna zaobljuba, da \u010de v tem \u010dasu ne bom ozdravila maternice po naravni poti, bom \u0161la na operacijo. Bole\u010dine so bile tiste, ki so me spravile \u010dez moj prag vzdr\u017eljivosti (in moj prag je visok), da sem v roku parih dni<br \/><a class=\"moretag\" href=\"http:\/\/dnevnik.belavilinka.com\/?page_id=5\">+ Read More<\/a><\/p>\n","protected":false},"author":2,"featured_media":0,"parent":0,"menu_order":0,"comment_status":"closed","ping_status":"closed","template":"","meta":{"footnotes":""},"class_list":["post-5","page","type-page","status-publish","hentry"],"_links":{"self":[{"href":"http:\/\/dnevnik.belavilinka.com\/index.php?rest_route=\/wp\/v2\/pages\/5","targetHints":{"allow":["GET"]}}],"collection":[{"href":"http:\/\/dnevnik.belavilinka.com\/index.php?rest_route=\/wp\/v2\/pages"}],"about":[{"href":"http:\/\/dnevnik.belavilinka.com\/index.php?rest_route=\/wp\/v2\/types\/page"}],"author":[{"embeddable":true,"href":"http:\/\/dnevnik.belavilinka.com\/index.php?rest_route=\/wp\/v2\/users\/2"}],"replies":[{"embeddable":true,"href":"http:\/\/dnevnik.belavilinka.com\/index.php?rest_route=%2Fwp%2Fv2%2Fcomments&post=5"}],"version-history":[{"count":1,"href":"http:\/\/dnevnik.belavilinka.com\/index.php?rest_route=\/wp\/v2\/pages\/5\/revisions"}],"predecessor-version":[{"id":6,"href":"http:\/\/dnevnik.belavilinka.com\/index.php?rest_route=\/wp\/v2\/pages\/5\/revisions\/6"}],"wp:attachment":[{"href":"http:\/\/dnevnik.belavilinka.com\/index.php?rest_route=%2Fwp%2Fv2%2Fmedia&parent=5"}],"curies":[{"name":"wp","href":"https:\/\/api.w.org\/{rel}","templated":true}]}}