{"id":46,"date":"2016-04-11T02:10:44","date_gmt":"2016-04-11T02:10:44","guid":{"rendered":"http:\/\/dnevnik.belavilinka.com\/?page_id=46"},"modified":"2016-09-27T12:06:19","modified_gmt":"2016-09-27T12:06:19","slug":"dnevnik-678-dan-posta","status":"publish","type":"page","link":"http:\/\/dnevnik.belavilinka.com\/?page_id=46","title":{"rendered":"Dnevnik 6,7,8 dan Posta"},"content":{"rendered":"<p>Naslednje dni sem postopoma uvajala bolj trdo hrano kot je Pirin kruh, ki sem ga naredila z eno rezino salame. 8 dan sem prvi\u010d jedla meso in je bilo odli\u010dnega okusa.<\/p>\n<p>Jedla sem zelo malo. Zelo hitro sem imela poln \u017eelodec. Naslednji dni sem \u0161e vedno imela isti ritem kot pri postu, ker se je telo navadilo.<\/p>\n<p>Menstruacija je bila bole\u010da 2 dan, ko sem vzela 2 krat nalgesin in potem vse naslednje 4 dni nisem imela nobenih bole\u010din, je pa bila temna kri in je bila koli\u010dinska. Veliko sem razmi\u0161ljala o prihodnosti v tem \u010dasu.<\/p>\n<p>Na\u010din prehrane sem nadaljevala \u0161e do naslednjega tedna do nekje 13.11., ko pa sem pri\u010dela jesti tako kot sem prej. Zdaj sem zopet pri\u010dela razmi\u0161ljati, da bi \u0161la na novi post. Danes je 18.11.2014.<\/p>\n<p>\u010ce si \u017eeli\u0161 sprobati na post in ima\u0161 vpra\u0161anja, me lahko kontaktira\u0161 na info@white-fairy.com<\/p>\n<p>Do G \u0161e nisem uspela priti, ker je bilo toliko stvari, da se enostavno ne vidim ven.<\/p>\n","protected":false},"excerpt":{"rendered":"<p>Naslednje dni sem postopoma uvajala bolj trdo hrano kot je Pirin kruh, ki sem ga naredila z eno rezino salame. 8 dan sem prvi\u010d jedla meso in je bilo odli\u010dnega okusa. Jedla sem zelo malo. Zelo hitro sem imela poln \u017eelodec. Naslednji dni sem \u0161e vedno imela isti ritem kot pri postu, ker se je<br \/><a class=\"moretag\" href=\"http:\/\/dnevnik.belavilinka.com\/?page_id=46\">+ Read More<\/a><\/p>\n","protected":false},"author":2,"featured_media":0,"parent":39,"menu_order":2,"comment_status":"closed","ping_status":"closed","template":"","meta":{"footnotes":""},"class_list":["post-46","page","type-page","status-publish","hentry"],"_links":{"self":[{"href":"http:\/\/dnevnik.belavilinka.com\/index.php?rest_route=\/wp\/v2\/pages\/46","targetHints":{"allow":["GET"]}}],"collection":[{"href":"http:\/\/dnevnik.belavilinka.com\/index.php?rest_route=\/wp\/v2\/pages"}],"about":[{"href":"http:\/\/dnevnik.belavilinka.com\/index.php?rest_route=\/wp\/v2\/types\/page"}],"author":[{"embeddable":true,"href":"http:\/\/dnevnik.belavilinka.com\/index.php?rest_route=\/wp\/v2\/users\/2"}],"replies":[{"embeddable":true,"href":"http:\/\/dnevnik.belavilinka.com\/index.php?rest_route=%2Fwp%2Fv2%2Fcomments&post=46"}],"version-history":[{"count":1,"href":"http:\/\/dnevnik.belavilinka.com\/index.php?rest_route=\/wp\/v2\/pages\/46\/revisions"}],"predecessor-version":[{"id":47,"href":"http:\/\/dnevnik.belavilinka.com\/index.php?rest_route=\/wp\/v2\/pages\/46\/revisions\/47"}],"up":[{"embeddable":true,"href":"http:\/\/dnevnik.belavilinka.com\/index.php?rest_route=\/wp\/v2\/pages\/39"}],"wp:attachment":[{"href":"http:\/\/dnevnik.belavilinka.com\/index.php?rest_route=%2Fwp%2Fv2%2Fmedia&parent=46"}],"curies":[{"name":"wp","href":"https:\/\/api.w.org\/{rel}","templated":true}]}}