{"id":44,"date":"2016-04-11T02:09:10","date_gmt":"2016-04-11T02:09:10","guid":{"rendered":"http:\/\/dnevnik.belavilinka.com\/?page_id=44"},"modified":"2016-10-06T09:28:57","modified_gmt":"2016-10-06T09:28:57","slug":"pozresnost-in-naivnost-kje-pa-je-zdrava-pamet","status":"publish","type":"page","link":"http:\/\/dnevnik.belavilinka.com\/?page_id=44","title":{"rendered":"Po\u017ere\u0161nost in Naivnost-Kje pa je Zdrava Pamet?"},"content":{"rendered":"<p>Na na\u0161em trgu obstajajo razli\u010dna podjetja, ki ponujajo storitve ( kitajska medicina, ayurveda, zeli\u0161\u010darji..itd ), kon\u010dne izdelke ( zeli\u0161\u010da za \u010daj, raznorazne kapsule, kreme, mazila, eteri\u010dna olja..itd ), ozave\u0161\u010dajo ljudi preko \u010dlankov v revijah. Do tu je vse ok, vendar sem opazila dolo\u010dene stvari, ki niso zdrave za ljudi, zato sem se odlo\u010dila, da napi\u0161em ta \u010dlanek.<\/p>\n<p>Moti me, da ljudje preberejo kratek \u010dlanek v reviji o npr. Uporabi konopljinega olja in potem se zelo na hitro odlo\u010dijo, da bodo to probali in so prepri\u010dani, da jim bo to pomagalo.<\/p>\n<p>Ali<\/p>\n<p>Pridejo v trgovino, kjer jim prodajalka re\u010de, da ta kamutov kruh je pa res zdrav in je bio in bo pomagal uravnovesit stanje telesa.<\/p>\n<p>Ali<\/p>\n<p>Gledam izdelek na katerem pi\u0161e, da ne vsebuje holesterola. Saj ga tudi ne more, \u010de je proizvedeno iz rastlin. Holesterol je tam, kjer so mle\u010dne sestavine. Tako la\u017eejo proizvajalci in \u010de \u010dlovek poslu\u0161a samo besede kot so \u00bb ni holesterola \u00bb, \u00bb ni dodanega sladkorja \u00bb se bo ujel v past trgovine, ki prodaja svoje izdelke preko klju\u010dnih besed.<\/p>\n<p><strong>Moj osebni nasvet vsem vam je :<\/strong><\/p>\n<p>&#8211; da nehate biti Naivni, \u010de radi verjamete vse na prvo besedo, ki jo nekdo izre\u010de v trgovini z namenom, da vam proda izdelek.<\/p>\n<p>&#8211; preden se odlo\u010dite za kakr\u0161nkoli tretma ali kuro dobro preberite o tem in ugotovite ali je ta kura res primerna za Vas in Va\u0161e telo. Do slabih rezultatov ali pa ni\u010dnih rezultatov pride takrat, ko ste jemali ali po\u010deli nekaj kar za vas ni bilo primerno.<\/p>\n<p>&#8211; Zavedajte se, da imamo vsi isto zgrajena telesa, pa vendar je \u010disto vsak unikaten izmed nas in nekdo, ki pije kavo postane aktiven, drugi postane utrujen. Nekdo, ki ima te\u017eave s \u0161\u010ditnico bo pobral x zadevo, mu bo pomagala, drugemu z isto te\u017eavo pa lahko da ja, lahko da ne. \u017delim si, da bi za\u010deli gledati na te stvari bolj \u0161iroko.<\/p>\n<p>&#8211; Ne bojte se spra\u0161evat, dvomit, brat knjige, razumet sebe in razumet druga\u010dno mnenje drugega.<\/p>\n<p>&#8211; Kako skrbite za sebe ? \u010ce ne boste vi sami, potem ne bo dobrih rezultatov. Samo vi lahko najdete svojo pot. Vsi tisti, ki nudimo pomo\u010d vas usmerimo, da pogledate skozi to okno in poi\u0161\u010dete vrata, vendar vi ste tisti, ki morate odpreti okno in odpreti vrata in narediti korake, ker to je va\u0161a pot, va\u0161e \u017eivljenje, va\u0161a odgovornost. Doktor bi moral svetovati, ne pa da je njegova beseda edina pravilna !<\/p>\n<p>&#8211; \u010ce se spopadate z boleznijo preberite \u010dim ve\u010d o tem kaj to\u010dno imate. Raziskujte in Razmi\u0161ljajte ! Ko boste pri\u0161li do dolo\u010denih zaklju\u010dkov, \u0161ele potem i\u0161\u010dite primeren izdelek za katerega vi \u010dutite, da je pravi za vas in na podlagi vsega kar ste raziskali.<\/p>\n<p>&#8211; Tisti, ki niste bolani, vas pa kar naprej \u00bb me\u010de iz leve na desno \u00ab, ker \u010dutite, da morate nekaj spremeniti, nekaj izbolj\u0161ati, ker vas moti to ali ono, pa vam priporo\u010dam, da prvo po\u010distite s povr\u0161inskimi \u010dustvi. Koliko \u010dasa traja ta postopek je odvisno od vas in koli\u010dine \u010dustev in zmedenosti. Ko se zmedenost razblini tako kot se megla, potem si zastavite Cilje in se odlo\u010dite, da boste na njih delali pogumno, vztrajno in mo\u010dno. Dokler pa je prisotna zmeda pa prihaja lahko do tega, da kar naprej spreminjate svoje odlo\u010ditve, ni\u010desar ne speljete do konca in ste ve\u010d ali manj cele dneve slabe volje.<\/p>\n<p>&#8211; Najdite Resnico ! V revijah pi\u0161e marsikaj in ni vse napisano za dobrobit \u010dloveka. V dolo\u010deni meri so \u010dlanki napisani za dobrobit podjetja, ki prodaja izdelke ali nudi storitve. V zdravstvenih knjigah pi\u0161ejo analize in podatki o telesu s katerimi Medicina trenutno operira. Zavedati pa se morate, da Medicina \u0161e vedno veliko ne ve o telesu. Najbolj\u0161a prijateljica na\u0161im telesom je Mati Narava. Zakaj mislite, da obstaja toliko razli\u010dnih vrst dreves, ro\u017eic, trav ? Ker Mati Narava ve, da so na\u0161a telesa razli\u010dna glede na kontinent, prehrano, na\u010dinom \u017eivljenja, stresom in du\u0161evno preteklostjo.<\/p>\n<p>&#8211; Ne obsojajte druga\u010dnosti. \u010ce nekomu dobro de, da je vegansko hrano, naj jo je. \u010ce bo \u010dez nekaj \u010dasa hudo zbolel, bo moral za to prevzeti odgovornost in iskati re\u0161itve, pri tem pa se bo u\u010dil novih podatkov o tem kaj resni\u010dno potrebuje njegovo telo.\u00a0 Isto velja za klasi\u010dno prehrano, \u00a0makrobioti\u010dno prehrano in vse druge varijante, ki obstajajo na tem planetu.<\/p>\n<p>&#8211; Ne pustite se posiljevati v nekaj kar \u010dutite, da ni prav za vas ! Govorila sem z razli\u010dnimi ljudmi, ki so jedli vegansko hrano in na \u017ealost nisem \u0161e spoznala \u010dloveka, ki me ne bi posiljeval z tem na\u010dinom prehranjevanja. Jaz jem tisto kar je dobro za moje telo in vsak dan se sproti odlo\u010dam, kaj bom skuhala. Se zavedam, da v dolo\u010denih dr\u017eavah, krajih, kmetijah prihaja do nasilnih umorov \u017eivali. Ogledala sem si posnetke in sem jokala zraven. Razumem pa, da se to ne dogaja na vsaki kmetiji, v vsakem kraju in v vsaki dr\u017eavi. Sem za za osve\u0161\u010danje populacije o nasilnih umorih nad \u017eivalmi, vendar sem hkrati tudi za, da se ljudi osve\u0161\u010da o pravilnem uboju \u017eivali. Meso imam rada in ga jem enkrat do dva krat na teden. Moje telo ga potrebuje in imam ga rada. \u017delim, da nekdo spo\u0161tuje mojo odlo\u010ditev in me ne posiljuje s svojim na\u010dinom prehranjevanja, ker jaz spo\u0161tujem njegov na\u010din prehranjevanja in ne vsiljujem njemu svojega. Vsak bi moral za sebe vedeti, kaj je dobro za njega, pa \u017eal ve\u010dina ne ve, ker se ne pozna.<\/p>\n<p>&#8211; Zmernost ! Zmernost v prehrani je Nujno potrebna. Pred prazniki so ljudje naravnost \u00bb nori\u00ab. Trgovine so polne in bodo zaprte samo en dan in ljudje kupujejo kot, da potrebujejo za 14 dni hrane. Kako pa ste \u017eiveli prej, ko je bila trgovina odprta v soboto do 13 ure, v nedeljo zaprta ? Ko so bile trgovine ob praznikih zaprte in \u0161e kak\u0161en dan prej ali kasneje ? Zmernost v kosilih, v koli\u010dini pojedenega. Ko sva s partnerjem za\u010dela hoditi sem bila vitka. Imela sem 57 kg, visoka sem 170 cm. Ko sva za\u010dela skupaj \u017eiveti in kuhati redna kosila, sem za\u010dela dobivati na kilogramih, ampak se nisem sekirala, dokler si nisem mogla zapreti jeans hla\u010d. Potem pa sem za\u010dela raziskovati in ugotovila, da jaz pojem tako koli\u010dino kot on. Ko ga par krat ni bilo doma sem se spomnila, da pojem zelo malo in da ne potrebujem veliko. Ko pa sva bila zopet skupaj sem kar jedla in jedla, dokler nisem pri\u0161la do zavedanja, da mo\u0161ki pojejo ve\u010d, \u017eenske pa manj in da s tem ni ni\u010d narobe. Ko sem za\u010dela manj jesti kot on in toliko kot sem \u010dutila, da potrebujem, so kilogrami za\u010deli hoditi dol in jeasn hla\u010de so bile zopet prav.<\/p>\n<p>&#8211; Preve\u010d informacij \u0161kodi ! Danes nas povsod napadajo z informacijami. Ko pri\u017ege\u0161 televizijo so reklame velikih korporacij za predelano hrano z dodanimi aditivi, za kozmetiko iz \u00bbnafte\u00ab za odrasle in otroke, hitro prehrano, avtomobile itd. Vsi tisti, ki smo se umaknili tv reklamam s tem, da si ogledamo samo filme iz dvd-ja ali spleta, smo se hkrati preselili na splet in tam pre\u017eivimo ve\u010d \u010dasa. Na spletu pa je kup \u010dlankov in veliko je takih na hitro napisanih z pomanjkljivimi informacijami in \u010dlovek zelo zelo hitro rata zmeden. Moj nasvet je ta, da je \u0161e vedno najbolj\u0161e vzeti nekaj na znanje, se o tem pogovarjati z drugimi ( ki o tem kaj vedo ), stopiti do knji\u017enice in prebrati vsaj eno knjigo in si na tak na\u010din ustvariti pravo mnenje.Glavno mnenje pa potem kreira dejansko dejanje, kar pomeni, da dejansko naredite npr. Klistir ali post ali jemljete doti\u010dno zeli\u0161\u010de vsak dan za 2 meseca. Iz prakse pa pridejo realni rezultati in resni\u010dno pravo mnenje.<\/p>\n<p><strong>PO\u010cASI SE DALE\u010c PRIDE, NI\u010c PA SE NE DA NA HITRO POZDRAVIT IN SPREMENIT. PRAV VSAKA STVAR IN VSAK \u010cLOVEK POTREBUJE \u010cAS. \u010cE JE BOLEZEN POTREBOVALA \u010cAS, DA SE JE USTVARILA POD PRAVIMI POGOJI V TELESU, POTEM BO POTREBOVALA \u010cAS, DA BO OD\u0160LA IZ TELESA, KO BODO USTVARJENI ZA NJO NEUGODNI POGOJI.<\/strong><\/p>\n<p><strong>NE I\u0160\u010cITE BLI\u017dNJIC, KER JIH NI ! SPREMENITE RAZMI\u0160LJANJE O TELESU,S PREMENITE SVOJ PRISTOP DO TELESA IN ZA\u010cNITE POSLU\u0160ATI SVOJE TELO, KER TA VAM SPORO\u010cA VSAK DAN KAJ POTREBUJE IN \u010cESA NE POTREBUJE. PRISLUHNITE MU IN PREVZEMITE ODGOVORNOST ZA NJEGA, KER \u010cE NE BOSTE VI, DOKTOR ABSOLUTNO NE BO !<\/strong><\/p>\n<p><strong>\u017dAL, VENDAR JE RESNICA, DA SMO DANES ZA DOKTORJE SAMO \u0160E KUPCI, KATERIM BO PRODAL TABLETE, OPERACIJO IN SVOJO NE\u010cIMRNOST. ZDRAVSTVENI DOMOVI SO POSTALI TRGOVINE ALI SO PA\u010c OD VEKOMAJ BILI ?<\/strong><\/p>\n<p><strong>EDINA PRAVA RE\u0160ITEV JE, DA MEDICINA SODELUJE Z MATI NARAVO IN MATI NARAVA SODELUJE Z MEDICINO.\u00a0<\/strong><\/p>\n","protected":false},"excerpt":{"rendered":"<p>Na na\u0161em trgu obstajajo razli\u010dna podjetja, ki ponujajo storitve ( kitajska medicina, ayurveda, zeli\u0161\u010darji..itd ), kon\u010dne izdelke ( zeli\u0161\u010da za \u010daj, raznorazne kapsule, kreme, mazila, eteri\u010dna olja..itd ), ozave\u0161\u010dajo ljudi preko \u010dlankov v revijah. Do tu je vse ok, vendar sem opazila dolo\u010dene stvari, ki niso zdrave za ljudi, zato sem se odlo\u010dila, da napi\u0161em<br \/><a class=\"moretag\" href=\"http:\/\/dnevnik.belavilinka.com\/?page_id=44\">+ Read More<\/a><\/p>\n","protected":false},"author":2,"featured_media":0,"parent":27,"menu_order":2,"comment_status":"closed","ping_status":"closed","template":"","meta":{"footnotes":""},"class_list":["post-44","page","type-page","status-publish","hentry"],"_links":{"self":[{"href":"http:\/\/dnevnik.belavilinka.com\/index.php?rest_route=\/wp\/v2\/pages\/44","targetHints":{"allow":["GET"]}}],"collection":[{"href":"http:\/\/dnevnik.belavilinka.com\/index.php?rest_route=\/wp\/v2\/pages"}],"about":[{"href":"http:\/\/dnevnik.belavilinka.com\/index.php?rest_route=\/wp\/v2\/types\/page"}],"author":[{"embeddable":true,"href":"http:\/\/dnevnik.belavilinka.com\/index.php?rest_route=\/wp\/v2\/users\/2"}],"replies":[{"embeddable":true,"href":"http:\/\/dnevnik.belavilinka.com\/index.php?rest_route=%2Fwp%2Fv2%2Fcomments&post=44"}],"version-history":[{"count":1,"href":"http:\/\/dnevnik.belavilinka.com\/index.php?rest_route=\/wp\/v2\/pages\/44\/revisions"}],"predecessor-version":[{"id":45,"href":"http:\/\/dnevnik.belavilinka.com\/index.php?rest_route=\/wp\/v2\/pages\/44\/revisions\/45"}],"up":[{"embeddable":true,"href":"http:\/\/dnevnik.belavilinka.com\/index.php?rest_route=\/wp\/v2\/pages\/27"}],"wp:attachment":[{"href":"http:\/\/dnevnik.belavilinka.com\/index.php?rest_route=%2Fwp%2Fv2%2Fmedia&parent=44"}],"curies":[{"name":"wp","href":"https:\/\/api.w.org\/{rel}","templated":true}]}}