{"id":39,"date":"2016-04-11T02:06:19","date_gmt":"2016-04-11T02:06:19","guid":{"rendered":"http:\/\/dnevnik.belavilinka.com\/?page_id=39"},"modified":"2016-09-27T12:05:59","modified_gmt":"2016-09-27T12:05:59","slug":"detox-telesa","status":"publish","type":"page","link":"http:\/\/dnevnik.belavilinka.com\/?page_id=39","title":{"rendered":"DETOX"},"content":{"rendered":"<p>Pri razmi\u0161ljanju kako ozdraviti Neplodnost, sem razmi\u0161ljala celostno. Lahko je vzrok v umu. Lahko je vzrok v Du\u0161i. Lahko je vzrok v telesu. Za telo sem poskrbela z Klistirjem in Postom. Dve stvari za katere rabi\u0161 kar veliko poguma, ampak rezultat je ODLI\u010cEN. Ob\u010dutek je fantasti\u010den na koncu, vendar mora\u0161 prej iti skozi mu\u010dne faze, vendar je v \u017eivljenju kako druga\u010de? Ravno tako so prepreke in potem, KO pridemo preko je Ponos, Razumevanje in Zadovoljstvo. Pri umu sem delala posebno tehniko z prijateljem, preko katere sva \u010distila negativne izku\u0161nje na moji \u017eivljenjski premici tako v tem \u017eivljenju, kot v prej\u0161njih. Verjamem, da se komu sli\u0161i to bizarno, vendar ko razume\u0161 zadevo, potem se ne boji\u0161 in ni ve\u010d bizarno in \u010dudno. Za du\u0161o in telo skupaj sem uporabljala moje predrage Kristale. Kristale sem uporabljala pri Meditaciji, Vizualizaciji, pri bole\u010dinah sem si jih polagala na telo. Brez njih si ne predstavlja \u017eivljenja, tako kot ne brez Petja in Plesa.<\/p>\n<p>Ob nekem ve\u010deru sem se zamislila, kam vse me je popeljala moja \u017eelja po Otroku. Delala sem stvari, ki si jih nisem niti predstavljala, niti nisem vedela za njih. Lahko bi rekla, da me moj otrok u\u010di, \u010deprav ni fizi\u010dno z menoj, pa vendar sem se za vse te dejavnosti odlo\u010dila sama in jih z vztrajnostjo pripeljala do konca, do uspeha.<\/p>\n<p>Kot, da bi on\/ona \u017eelela, da postanem Najbolj\u0161a, kar lahko. Da maksimalno ljubim svoje telo, negujem svoj um in skrbim za svojo Du\u0161o. Res zanimivo je vse to.<\/p>\n","protected":false},"excerpt":{"rendered":"<p>Pri razmi\u0161ljanju kako ozdraviti Neplodnost, sem razmi\u0161ljala celostno. Lahko je vzrok v umu. Lahko je vzrok v Du\u0161i. Lahko je vzrok v telesu. Za telo sem poskrbela z Klistirjem in Postom. Dve stvari za katere rabi\u0161 kar veliko poguma, ampak rezultat je ODLI\u010cEN. Ob\u010dutek je fantasti\u010den na koncu, vendar mora\u0161 prej iti skozi mu\u010dne faze,<br \/><a class=\"moretag\" href=\"http:\/\/dnevnik.belavilinka.com\/?page_id=39\">+ Read More<\/a><\/p>\n","protected":false},"author":2,"featured_media":0,"parent":0,"menu_order":0,"comment_status":"closed","ping_status":"closed","template":"","meta":{"footnotes":""},"class_list":["post-39","page","type-page","status-publish","hentry"],"_links":{"self":[{"href":"http:\/\/dnevnik.belavilinka.com\/index.php?rest_route=\/wp\/v2\/pages\/39","targetHints":{"allow":["GET"]}}],"collection":[{"href":"http:\/\/dnevnik.belavilinka.com\/index.php?rest_route=\/wp\/v2\/pages"}],"about":[{"href":"http:\/\/dnevnik.belavilinka.com\/index.php?rest_route=\/wp\/v2\/types\/page"}],"author":[{"embeddable":true,"href":"http:\/\/dnevnik.belavilinka.com\/index.php?rest_route=\/wp\/v2\/users\/2"}],"replies":[{"embeddable":true,"href":"http:\/\/dnevnik.belavilinka.com\/index.php?rest_route=%2Fwp%2Fv2%2Fcomments&post=39"}],"version-history":[{"count":2,"href":"http:\/\/dnevnik.belavilinka.com\/index.php?rest_route=\/wp\/v2\/pages\/39\/revisions"}],"predecessor-version":[{"id":43,"href":"http:\/\/dnevnik.belavilinka.com\/index.php?rest_route=\/wp\/v2\/pages\/39\/revisions\/43"}],"wp:attachment":[{"href":"http:\/\/dnevnik.belavilinka.com\/index.php?rest_route=%2Fwp%2Fv2%2Fmedia&parent=39"}],"curies":[{"name":"wp","href":"https:\/\/api.w.org\/{rel}","templated":true}]}}