{"id":37,"date":"2016-04-11T01:54:30","date_gmt":"2016-04-11T01:54:30","guid":{"rendered":"http:\/\/dnevnik.belavilinka.com\/?page_id=37"},"modified":"2016-10-06T09:24:26","modified_gmt":"2016-10-06T09:24:26","slug":"kitajska-medicina-ali-mi-bo-pomagala","status":"publish","type":"page","link":"http:\/\/dnevnik.belavilinka.com\/?page_id=37","title":{"rendered":"Kitajska Medicina &#8211; Ali mi bo pomagala?"},"content":{"rendered":"<p>Toliko je bilo dela kar naprej, da nisem uspela priti niti do Ginekologinje tako, da ne vem ali je post kaj spremenil situacijo v moji Maternici, vendar zagotovo lahko re\u010dem, da sem se po\u010dutila prerojeno in ZDRAVO.<\/p>\n<p>Zdaj trenutno sem zagrizla v telovadbo in vsak dan te\u010dem in se raztegujem in delam Jogo. Za\u010dela pa sem se u\u010dit tudi Tai Chi, ki me zelo pritegne. Bolj kot sama Joga, vendar tudi Joga ima svoj \u010dar. \u010ce bi le bilo mo\u017eno bi \u0161la plesat, a kaj ko povsod vrtijo House glasbo, jaz pa ple\u0161em najraje na 80 in 90-eta leta.<\/p>\n<p>Lansko leto, ko mi je dr. Merlo rekel, da imam endometriom, sem seveda vse raziskala od vrha do dol in vse po\u010dez. Nisem spala 3 dni, ker sem iskala re\u0161itev za to bolezen, ki se ji re\u010de : Endometrioza.<\/p>\n<p>Na\u0161la sem zeli\u0161\u010da iz Kitajske in prebirala dolge, doktorske \u0161tudije. Presenetilo me je, da v Shanghai v bolnicah zdravijo z zeli\u0161\u010di.<\/p>\n<p>Kitajci NIKOLI ne uporabljajo za zdravljenje samo enega zeli\u0161\u010da, kot to po\u010dnemo mi, ampak vedno kombinacijo vsaj 3-eh zeli\u0161\u010d. Tudi telo ni sestavljeno samo iz ene snovi in vsi notranji organi delujejo med seboj in so so-odvisni. \u010ce en slabo dela, za\u010dne potem tudi drugo in tako se lahko nadaljuje.<\/p>\n<p>Skratka ta me\u0161anica je sestavljena iz 9 razli\u010dnih zeli\u0161\u010d in z njo so zdravili ve\u010d tiso\u010d \u017eensk po dveh projektih. Prvo zdravljenje je bilo kratko in zelo naporno, kar je pomenilo, da je pacientka zau\u017eila \u010daj 6 krat na dan. Dva krat zjutraj, dva krat popoldne, dva krat zve\u010der in to je po\u010dela 14 dni do 3 tedne. To je sistem \u0161okiranja telesa. Drugi projekt je bil narejen na dalj\u0161i rok, da postopoma navajamo telo na spremembo in sicer se pije \u010daj 2 krat na dan 6 mesecev.<\/p>\n<p>Rezultati so bili zelo, zelo vzpodbudni. Pri 90% \u017eensk se je stanje povsem izbolj\u0161alo. Ni bilo ve\u010d bole\u010din in drugih znakov, nekje 1 % \u017eensk je celo zanosilo, ostalih 9% je poro\u010dalo, da ni bilo nobenih sprememb na bolj\u0161e.<\/p>\n<p>\u017denske, ki so bile pacientke so bile razli\u010dne. Nekatere so imele endometriozo, druge poleg tega \u0161e miom, tretje poleg tega \u0161e pco. 10% \u017eensk se je \u010dez pol leta vrnilo, da so se bole\u010dine zopet pojavile, skupaj z ostalimi znaki in so projekt ponovile, potem se niso ve\u010d vrnile. Tiste, ki so rodile, so rodile zdrave otroke, brez kakr\u0161nikoli te\u017eav v nose\u010dnosti ali pri otroku.<\/p>\n<p>Preiskala sem mo\u017enosti, da bi najdla ta zeli\u0161\u010da pri nas &#8211; jih ni, ker naj bi bila prepovedana. Te \u201cSloven\u010dki\u201d sploh ne vedo kaj prepovedujejo&#8221;. Poklicala sem svoje sestri\u010dne v Francijo in jih prosila, \u010de bi \u0161le v China Town pogledat, \u010de morda prodajajo tam zeli\u0161\u010da, vendar je od tega minilo \u017ee nekaj mesecev in nimam dobrega ob\u010dutka, da bo iz te moke tudi kruh. Iskala sem po spletu in najdla nekje ena zeli\u0161\u010da, v drugih spletnih trgovinah druga. Vzelo mi je precej \u010dasa, saj se imena zeli\u0161\u010d pi\u0161ejo druga\u010de v kitaj\u0161\u010dini, kot angle\u0161\u010dini, poleg tega pa obstaja \u0161e ve\u010d razli\u010dnih angle\u0161\u010dih imen za isto rastlino.<\/p>\n<p>Ko sem si naredila se\u0161tevek bi morala od\u0161teti nekje 100 eur samo za zeli\u0161\u010da brez po\u0161tnine, vendar, ker takega denarja nisem imela, kot drugo pa sem imela strah pred nakupom v spletni trgovini, ki je ne poznam in ne morem preveriti, sem se odlo\u010dila, da po\u010dakam na kak\u0161no drugo varijanto. Doza, ki bi jo kupila bi bila dovolj za en mesec.<\/p>\n<p>Vsemu temu iskanju sem potem dala malo \u010dasa za dihanje, ker sem vidla, da je to iskanje zlata v senu.<\/p>\n<p>\u010cez \u010das sem se obrnila na mojo poslovno partnerko v Zda in jo vpra\u0161ala, \u010de morda pozna kak\u0161no trgovino z zeli\u0161\u010di. Bila je tako prijazna, da se je pozanimala in mi je sporo\u010dila, da v njeni bli\u017eini je trgovina s temi zeli\u0161\u010di, ampak zeli\u0161\u010da so v prahu in pakirana v kapsulah. No, to mi ni bilo v\u0161e\u010d, ker nimam zaupanja, da je to prah resni\u010dno iz zmletih zeli\u0161\u010d. Prisegam na posu\u0161eno zeli\u0161\u010de, ki ga vidim in ga lahko vzamem v roke, preverim korenino, preverim izgled, vonj in tako dalje.<\/p>\n<p>\u017dal danes prodajajo \u017ee vse mogo\u010de in \u010dlovek postane skepti\u010den, vendar mi verjemite, da bi raje zaupala in se ne bala in dobila za svoj denar to\u010dno to kar sem hotela. \u010ce primerjam to skepti\u010dnost s tehnologijo bi rekla, da sem manj skepti\u010dna, ker tisto kar vnesem v svoje telo pa res moram vedeti kaj vna\u0161am. Kaj pa, \u010de dobim nenapisane reakcije in si ne bom mogla pomagati, niti noben od mojih bli\u017ejih, doktorji pa so sploh za luno !<\/p>\n<p>Dolgo sem razmi\u0161ljala ali bi vzela te kapsule ali ne. Stvari sem dala malo na stran in raziskovala kak\u0161en vpliv dejansko ima zeli\u0161\u010de v prahu. Vidim, da so te kapsule vedno bolj POPULARNE, ampak ali je efekt isti kot pri \u010daju ? \u017dal po raziskavi ne morem re\u010di, da je efekt isti. \u010caj je \u0161e vedno \u010daj in tako bo ostalo. Pri \u010daju se snovi v zeli\u0161\u010du (v topli vodi) sprostijo, pri kapsulah pa ne. Iz srca priporo\u010dam posu\u0161eno zeli\u0161\u010de, \u010de se spravljate na pot zdravljenja !<\/p>\n<p>Pri\u0161la sem do to\u010dke, ko je pred menoj obstajala samo ena varijanta in to so te kapsule. Po pogovoru s poslovno partnerko o teh stvareh, sem se odlo\u010dila, da bom probala. Ona mi je dala pravzaprav tisti ob\u010dutek varnosti na podlagi tega, da jim ona zaupa.<\/p>\n<p>Zdaj sem v pri\u010dakovanju, da jih prejmem in se \u017ee prav veselim, hkrati pa tudi bojim. Bojim se, da se bodo vstavile na carini, kot drugo pa se bojim ali so resni\u010dno posu\u0161ena zeli\u0161\u010da v kapsulah.<\/p>\n<p>\u010ce in ko jih dobim bom takoj naredila test ali so zeli\u0161\u010da in jih poslikala, potem pa poro\u010dala o uporabi na svojem blogu.<\/p>\n<p>BORIM SE NAPREJ, KER \u010cAS SAMO TE\u010cE IN NI\u010c NE RE\u010cE !<\/p>\n<p>Marca bo moj rojstni dan in se ga \u017ee sedaj veselim. Stara bom 32 let. Obkro\u017eajo me prijateljice vse z malimi fro\u010dki, jaz pa brez. Vesela sem za njih. Jaz pa tudi nisem sama imam psa, ma\u010dko in dva dihurja tako, da imam pestro vsak dan z nego in igranjem.<\/p>\n<p>A \u0161e vseeno\u2026\u017eivali so \u017eivali\u2026otrok je pa OTROK !<\/p>\n","protected":false},"excerpt":{"rendered":"<p>Toliko je bilo dela kar naprej, da nisem uspela priti niti do Ginekologinje tako, da ne vem ali je post kaj spremenil situacijo v moji Maternici, vendar zagotovo lahko re\u010dem, da sem se po\u010dutila prerojeno in ZDRAVO. Zdaj trenutno sem zagrizla v telovadbo in vsak dan te\u010dem in se raztegujem in delam Jogo. Za\u010dela pa<br \/><a class=\"moretag\" href=\"http:\/\/dnevnik.belavilinka.com\/?page_id=37\">+ Read More<\/a><\/p>\n","protected":false},"author":2,"featured_media":0,"parent":33,"menu_order":2,"comment_status":"closed","ping_status":"closed","template":"","meta":{"footnotes":""},"class_list":["post-37","page","type-page","status-publish","hentry"],"_links":{"self":[{"href":"http:\/\/dnevnik.belavilinka.com\/index.php?rest_route=\/wp\/v2\/pages\/37","targetHints":{"allow":["GET"]}}],"collection":[{"href":"http:\/\/dnevnik.belavilinka.com\/index.php?rest_route=\/wp\/v2\/pages"}],"about":[{"href":"http:\/\/dnevnik.belavilinka.com\/index.php?rest_route=\/wp\/v2\/types\/page"}],"author":[{"embeddable":true,"href":"http:\/\/dnevnik.belavilinka.com\/index.php?rest_route=\/wp\/v2\/users\/2"}],"replies":[{"embeddable":true,"href":"http:\/\/dnevnik.belavilinka.com\/index.php?rest_route=%2Fwp%2Fv2%2Fcomments&post=37"}],"version-history":[{"count":1,"href":"http:\/\/dnevnik.belavilinka.com\/index.php?rest_route=\/wp\/v2\/pages\/37\/revisions"}],"predecessor-version":[{"id":38,"href":"http:\/\/dnevnik.belavilinka.com\/index.php?rest_route=\/wp\/v2\/pages\/37\/revisions\/38"}],"up":[{"embeddable":true,"href":"http:\/\/dnevnik.belavilinka.com\/index.php?rest_route=\/wp\/v2\/pages\/33"}],"wp:attachment":[{"href":"http:\/\/dnevnik.belavilinka.com\/index.php?rest_route=%2Fwp%2Fv2%2Fmedia&parent=37"}],"curies":[{"name":"wp","href":"https:\/\/api.w.org\/{rel}","templated":true}]}}