{"id":35,"date":"2016-04-11T01:53:02","date_gmt":"2016-04-11T01:53:02","guid":{"rendered":"http:\/\/dnevnik.belavilinka.com\/?page_id=35"},"modified":"2016-10-06T09:24:20","modified_gmt":"2016-10-06T09:24:20","slug":"dnevnik-kitajskih-tablet-za-endometriozo-pco-in-miom","status":"publish","type":"page","link":"http:\/\/dnevnik.belavilinka.com\/?page_id=35","title":{"rendered":"Dnevnik Kitajskih Tablet za Endometriozo, Pco in Miom"},"content":{"rendered":"<p>Prejela sem jih !! Juhuhu. No pa, da vidimo u\u010dinke, pozitivne in negativne. Vsak dan bom dopolnila po\u010dutje in znake.<\/p>\n<p>Jemljem 6 tablet na dan in sicer 2 zjutri, 2 popoldne in 2 zve\u010der. Lahko pa bi tudi 3 zjutri in 3 zve\u010der. To je kura z 200 tabletami, kar zna\u0161a nekje 3 tedenska uporaba oz. do Menstruacije. Potem sledi Pavza in nato bom ponovila akcijo. Po kon\u010dani drugi Menstruaciji bom \u0161la na ginekolo\u0161ki pregled.<\/p>\n<p>Maximalno lahko naredi\u0161 kuro 6 krat po 200 tablet.<\/p>\n<p>Je pa enostavneje pojesti tableto, zdaj vidim, \u010deprav sem velik zagovornik \u010daja!<\/p>\n<p>DNEVNIK :<\/p>\n<p>1 DAN : pono\u010di bole\u010dine v desnem jaj\u010dniku. Bole\u010dina je bila med 2 in 3. ( razpredelnica od 1 do 5 : 1 skoraj ni\u010dna bole\u010dina, 5 zelo huda bole\u010dina )<\/p>\n<p>2 DAN : nobenih znakov.<\/p>\n<p>3 DAN : \u010dez dan nobenih znakov, pono\u010di bole\u010dine v D jaj\u010dniku kraj\u0161i \u010das.<\/p>\n<p>4 DAN : \u010dez dan nobenih znakov, pono\u010di bole\u010dine v D jaj\u010dniku dalj\u0161i \u010das.<\/p>\n<p>5.DAN : ni\u010d<\/p>\n<p>6 DAN : ni\u010d, razen mo\u010dne \u017eelje po seksu.<\/p>\n<p>7 DAN : ni\u010d, razen mo\u010dne \u017eelje po seksu.<\/p>\n<p>8 DAN : ni\u010d. mal depresivna. napisala novo pesem besedilo in melodijo v notah. Po tem sem se ob\u010dutila fantasti\u010dno. Dva krat \u0161la na veliko potrebo.<\/p>\n<p>9 DAN : ni\u010d, razen mo\u010dne \u017eelje po seksu. Tri krat velika potreba.<\/p>\n<p>10 DAN : ni\u010d, razen mo\u010dne \u017eelje po seksu. Tri krat velika potreba.<\/p>\n<p>11 DAN : ni\u010d razen kraj\u0161ega vrtenja v glavi. Dva krat velika potreba.<\/p>\n<p>12 DAN : Kraj\u0161e bole\u010dine kot pri M.<\/p>\n<p>13 DAN : \u010crevesne te\u017eave. Dva krat velika potreba. Dopoldne in Popoldne bole\u010dine v trebuhu kraj\u0161i \u010das. Ko se preklonim me zape\u010de v trebuhu.<\/p>\n<p>14 DAN : Ni\u010d, niti nobene \u017eelje ve\u010d po seksu. Mrzle roke in noge.<\/p>\n<p>15 DAN : Mrzle roke in noge \u010dez celoten dan. Manj\u0161a \u017eelja po seksu.<\/p>\n<p>16 DAN : Utrujena.<\/p>\n<p>17 DAN : ni\u010d.<\/p>\n<p>18 DAN : ni\u010d<\/p>\n<p>19 DAN : ni\u010d<\/p>\n<p>20 DAN : ni\u010d<\/p>\n<p>21 DAN : ni\u010d<\/p>\n<p>22 DAN : ni\u010d<\/p>\n<p>23 DAN : Rahla, svetla kapljica krvi.<\/p>\n<p>24 DAN : Opremljena z vlo\u017ekom, vendar krvi od nikjer. Utrujena, vrtenje v glavi, \u0161pikanje v Desnem Jaj\u010dniku. Nobenih bole\u010din. V dvomih ali vzamem \u0161e tablete ali ne, glede na to, da se naj bi za\u010dela po\u010dasi M.<\/p>\n<p>25 DAN : Utrujena. Nobene krvi, ni\u010d rjavega izcedka. Nobenih bole\u010din. Tisti ob\u010dutek, da se telo pripravlja na M. Zmedena v glavi. Te\u017eko se pogovarjam, razglabljam o te\u017ekih in lahkih temah. \u017delja po ti\u0161ini in nobenem komuniciranju, samo poslu\u0161anju ob\u010dasno Manter na mobitelu.<\/p>\n<p>26 DAN : Zelo utrujena. Premalo spala. Bole\u010dine vendar z podlago. Kot, da bi vzela nalgesine in bi vseeno \u010dutla bole\u010dine samo me ne bi direktno in z vso silo razjedale. Bole\u010dine so bile nekje med trojko in \u0161tirico ( 5 je max bole\u010dine, ko ne morem ve\u010d hodit in kri\u010dim od bole\u010dine ). \u010cutila sem, kako se je bole\u010dina pri\u010dela v desnem jaj\u010dniku in se \u0161irila na levo stran maternice proti levem jaj\u010dniku. Popoldne sem odspala 3 ure. Na vlo\u017eku ni\u010desar. Ko sem se ubrisala na wc-ju \u201cdve kaplji\u201d svetle krvi vsaki\u010d. Zve\u010der utrujenost, manj\u0161e bole\u010dine na 2-ki prihajale in odhajale. Lahko stojim samo po par minut, nakar se moram hitro vsest. \u010ce ne, me napade huda utrujenost in bole\u010dina.<\/p>\n<p>27 DAN : Odlo\u010dila, da preneham s tabletkami, ker imam ob\u010dutek, da krvi ni zaradi tabletk. Cel dan pre\u017eivet v nekak\u0161ni zmedi telesa, ker nekaj \u010dasa mo\u010dno utrujena, nekaj \u010dasa polno aktivna z veliko energije, nekaj \u010dasa z bole\u010dinami, horny prebliski, nekaj \u010dasa zmedena, nekaj \u010dasa razmi\u0161ljam kaj sem hotela narediti ali re\u010di, nekaj \u010dasa super bistre glave. \u010cez celoten dan ve\u010d bole\u010dine kot prej\u0161nja dva dni. Na vlo\u017eku na koncu dneva za noht rjavega izcedka. \u201c\u010cakam\u201d, da me pobere od bole\u010dine in predvsem pri\u010dakujem, da v naslednjih dneh moo\u010dno krvavim, da se maternica popolnoma iz\u010disti.\u00a0 Lahko stojim samo po par minut, nakar se moram hitro vsest. \u010ce ne, me napade huda utrujenost in bole\u010dina. Danes je moj 33 dan cikla. V zadnjih 8 mesecih so moji cikli dolgi med 29 in 36 dni.<\/p>\n<p>OBRAZLO\u017dITEV :<\/p>\n<p>1. Prve dneve kot so 6 in 7 dan se je \u017eelja po seksu \u0161ele za\u010dela. Bila je taka normalna, kot jo poznam, vendar se je \u017eelja \u0161e stopnjevala naslednje dni tako mo\u010dno, da je \u017ee moj bil utrujen ( brez heca ).\u010ce ni bilo seksa sem bila \u017eiv\u010dna, imela sem energije za 3 osebe. Gibala sem se, ampak vse to je bilo premalo, da bi se umirila. 10 dan je bil vrh tega ob\u010dutka, ko sem \u0161e po seksu imela ogromno energije in je moj \u017ee zaspal, sem jaz \u0161e kr imela ful energije. \u010cutila sem, kako mi srce hitro bije, \u010deprav sem le\u017eala in sem se zamotila z aplikacijo in pisanjem v dnevnik. Takrat bi lahko \u0161la \u0161e definitivno plesat 3 ure, \u010deprav sem bila \u017ee celoten dan pokonci in imela druge gibalne aktivnosti. Ker to ni zna\u010dilno za moje telo sem si razlagala, da morajo biti to te tabletke, ki so naredile tako cirkulacijo v mojem telesu.<\/p>\n<p>2. Hojenje na wc in na velko potrebo je pri meni zna\u010dilno enkrat na dan, vsako dopoldne po zajtrku ali malici. Od 8 dneva se je izlo\u010danje za\u010delo stopnjevati. 9 in 10 dan, ko sem imela energije za izvoz sem kar \u0161la na veliko potrebo kar tri krat. Iz \u010desar sklepam, da se je telo \u010distilo. Glede manj\u0161e potrebe na wc je pri meni normalno, da to opravljam ve\u010dkrat na dan, \u0161e posebej pa se pri\u010dne stopnjevati pred pri\u010dujo\u010do M, takrat sem bolj ko ne \u201c vsake 10 minut na wc-ju \u201d. Za malo potrebo nisem tako pisala dnevnika, ker ni bilo izstopanja za moje telo, je pa vsekakor bilo za veliko potrebo. Jedla nisem ni\u010d kaj ve\u010d kot ponavadi, kve\u010djemu manj te dni, ker je hladilnik bolj prazen.<\/p>\n<p>3. Mrzle roke in noge so lahko tudi posledica, da se je moja mami po\u0161kodovala in sva jo peljala na urgenco. Takrat sem se tudi zelo vstra\u0161ila za njo in naslednji dan sva \u0161la k njej, da sva ji skuhala in z njo pre\u017eivela skoraj celoten dan. Tam pri njej, pa ima bolj hladno in me je tudi zeblo. Ni nujno, da me je zeblo izklju\u010dno zaradi tablet, dopu\u0161\u010dam pa vsekakor mo\u017enost, da je vzrokov ve\u010d. Ve\u010dkrat vidim, da ni ni\u010d kaj vse \u010drno ali vse belo.<\/p>\n","protected":false},"excerpt":{"rendered":"<p>Prejela sem jih !! Juhuhu. No pa, da vidimo u\u010dinke, pozitivne in negativne. Vsak dan bom dopolnila po\u010dutje in znake. Jemljem 6 tablet na dan in sicer 2 zjutri, 2 popoldne in 2 zve\u010der. Lahko pa bi tudi 3 zjutri in 3 zve\u010der. To je kura z 200 tabletami, kar zna\u0161a nekje 3 tedenska uporaba<br \/><a class=\"moretag\" href=\"http:\/\/dnevnik.belavilinka.com\/?page_id=35\">+ Read More<\/a><\/p>\n","protected":false},"author":2,"featured_media":0,"parent":33,"menu_order":0,"comment_status":"closed","ping_status":"closed","template":"","meta":{"footnotes":""},"class_list":["post-35","page","type-page","status-publish","hentry"],"_links":{"self":[{"href":"http:\/\/dnevnik.belavilinka.com\/index.php?rest_route=\/wp\/v2\/pages\/35","targetHints":{"allow":["GET"]}}],"collection":[{"href":"http:\/\/dnevnik.belavilinka.com\/index.php?rest_route=\/wp\/v2\/pages"}],"about":[{"href":"http:\/\/dnevnik.belavilinka.com\/index.php?rest_route=\/wp\/v2\/types\/page"}],"author":[{"embeddable":true,"href":"http:\/\/dnevnik.belavilinka.com\/index.php?rest_route=\/wp\/v2\/users\/2"}],"replies":[{"embeddable":true,"href":"http:\/\/dnevnik.belavilinka.com\/index.php?rest_route=%2Fwp%2Fv2%2Fcomments&post=35"}],"version-history":[{"count":1,"href":"http:\/\/dnevnik.belavilinka.com\/index.php?rest_route=\/wp\/v2\/pages\/35\/revisions"}],"predecessor-version":[{"id":36,"href":"http:\/\/dnevnik.belavilinka.com\/index.php?rest_route=\/wp\/v2\/pages\/35\/revisions\/36"}],"up":[{"embeddable":true,"href":"http:\/\/dnevnik.belavilinka.com\/index.php?rest_route=\/wp\/v2\/pages\/33"}],"wp:attachment":[{"href":"http:\/\/dnevnik.belavilinka.com\/index.php?rest_route=%2Fwp%2Fv2%2Fmedia&parent=35"}],"curies":[{"name":"wp","href":"https:\/\/api.w.org\/{rel}","templated":true}]}}