{"id":257,"date":"2016-12-04T14:01:51","date_gmt":"2016-12-04T14:01:51","guid":{"rendered":"http:\/\/dnevnik.belavilinka.com\/?page_id=257"},"modified":"2016-12-04T15:35:32","modified_gmt":"2016-12-04T15:35:32","slug":"6-faza-hiperstimulacija-jajcnikov","status":"publish","type":"page","link":"http:\/\/dnevnik.belavilinka.com\/?page_id=257","title":{"rendered":"6 FAZA &#8211; HIPERSTIMULACIJA JAJ\u010cNIKOV"},"content":{"rendered":"<p>Noben mi ni povedal o tem ni\u010d! Noben me ni opozoril na to! Noben me ni spra\u0161eval o tem glede na to, da sem bila \u017ee na IUI! Nobenmu ni mar! Na\u0161opal so me z to kemijo in ko jemlje\u0161 ni nobenih znakov, ampak vse to pride za teboj po parih dnevih in potem se za\u010dnejo te\u017eave.<\/p>\n<p>Hiperstimulacija se spro\u017ei pri stop inekciji. Moja jaj\u010dnika sta bila pove\u010dana, maternica zate\u010dena, voda je zastajala v trebuhu. Na sre\u010do sem redno hodila na wc. Na splo\u0161no grem veliko na wc in tudi z peristaltiko nimam nobenih te\u017eav, grem tudi po 2 do 3x na dan v\u010dasih. Druge punce zapre dol v kompletu in imajo bole\u010dine pri odvajanju (kar sem imela tudi jaz,kar naprej sem se prestavljala na \u0161koljki in potem stiskala zobe od bole\u010din) in tudi telo ne spro\u017ei da bi odvajale. Brala sem blog ene punce, ki je bila par dni zaprta in je dobila stra\u0161no napet trebuh. Iskala je naravne re\u0161itve in od vse prehrane ji je najbolj pomagala akupresura, da je telo dobilo \u017eeljo po odvajanju.<\/p>\n<p>Dobila sem ob\u010dutek, da je ta hiperstimulacija taka prikrita zadeva. O njej sem veliko prebrala od pacientk, zelo malo pa od doktorjev iz razli\u010dnih dr\u017eav. Tudi meni niso razlo\u017eili prav ni\u010d. Kao oni \u017ee vedo kaj delajo. Ko sem razmi\u0161ljala, da sem dobila dve razli\u010dni kemiji v sebe, se seveda nisem \u010dudila mojemu stanju in ko sem pomislila na jemanje klomifena in bole\u010dine, ki sem jih imela in kako mi je udarlo na psiho (seveda ker mi je zjebal hormone totalno pa \u0161e bakterije, ker tisto kar pogoltne\u0161 morajo jetra predelati strupe in potem se hitro zgodi, da so jetra preobremenjena, zato je nujno, da pomagamo jetrom z naravnimi sestavinami ko jemljemo te kemije skozi usta) se zopet nisem \u010dudila.<\/p>\n<p>Vsi so se obna\u0161al kot, da to ni ni\u010d oz. totalno neprisebni, kot da so pokjeni v glavo vsi in noben nima stika z nobeno REALNOSTJO in RESNICO posledic te njihove kemije, ki jo vstavljajo v na\u0161a telesa!<\/p>\n<p>Tja pride\u0161 obupan, \u017ealosten in z upanjem da ti bo zdravnik pomagal. Vsi so pametni na za\u010detku in povsod kamorkoli se obrne\u0161 je stra\u0161na PROMOCIJA za ta IVF. Kao &#8221; to bo re\u0161il vse! &#8221; Men je bilo od za\u010detka jasno, da je to moj zadnji vlak in sem odla\u0161ala s tem, ker nisem hotela biti \u0161tevilka analiz njihove kemije in usranega odnosa! Tako sem tudi dojemala cel \u010das ta IVF in sedaj ko sem \u0161la skozi ta proces, se je prav vse POTRDILO kar sem mislila, pa \u0161e marsikaj novega sem ugotovila, \u017eal ni\u010d pozitivnega!<\/p>\n<p><strong>PRVA NO\u010c V BOLNICI:<\/strong><\/p>\n<p>Nisem prakti\u010dno ni\u010d spala. Ko sem odle\u017eala urco sem bila zopet \u010dist prisebna in brez mo\u010dnih bole\u010din in slabosti, saj mi je telo sporo\u010dalo, da je pogoj le\u017eanje in ne skakanje okoli. Pogovarjala sem se z dvema puncama ki sta bili v sobi. Ena je imela punkcijo, pa so zajebal in je dobila notranjo krvavitev. Groza! Normalno je od\u0161la domov od punkcije, ne da bi vedela da je kaj narobe, potem pa je za\u010dela padati v nezavest ve\u010dkrat in jo je mo\u017e peljal na urgenco. Tam so rekli, da si zmi\u0161ljuje in ko je \u0161e 2x padla v nezavest na urgenci je kon\u010dno pri\u0161el doktor in jo pregledal ter ugotovil, da ima notranjo krvavitev in da je potrebna takoj\u0161na operacija. Naredili so ji laparoskopijo ob 22.00 uri. Naslednji dan ob 12.00 je pri\u0161la v sobo malo po meni. Vsi so imeli tako SLABO VEST in so jo kar naprej obiskovali doktorji in ji rekli, da bo vsen transfer in skratka lezli v rit, da jih ne bi to\u017eila.<\/p>\n<p>Pri punkciji lahko zadanejo ob mehur ali pa v jaj\u010dnik in ima\u0161 lahko stra\u0161ne te\u017eave, zato PUNKCIJA je MINI OPERACIJA in STRAH je povsem UTEMELJEN.<\/p>\n<p>Celo no\u010d nisem ni\u010d spala samo besna sem bila skoz od te bolnice hudi\u010deve in zdel se mi je, da so totaln pretiraval, da so me sprejel na oddelek, ker je bilo ve\u010d kot jasno, da vse kar rabim je po\u010ditek. Kri in urin sta bila oba ok. Vse te slabosti in bole\u010dine in ostalo sranje pa so posledica tega SUPER IVF POSTOPKA in zdaj prav vidim kako HINAV\u0160\u010cINO \u0161pilajo, ko se delajo BUDALE z tem odnosom &#8221; kako je pa to mo\u017eno, da imate vi take znake?&#8221;<\/p>\n<p>Mami je govorila z eno prijateljico, ki je bila ve\u010dkrat na IVF in ima 3 prijateljice, ki so ravno tako bile pa mi je sporo\u010dila njen stavek:&#8221; Vedno boli in vsako od nas je bolel in nam je blo slabo, sam ko pride\u0161 v bolnico na transfer ne govori\u0161 o tem in se dela\u0161, da si ok, ker druga\u010d ti zdravniki sam serjejo. Drga\u010d pa tko je, ker to je to, Ivf.&#8221; In pol mi je rekla mami:&#8221; Jutr bo\u0161 rekla, da je s tabo vse ok in da nima\u0161 bole\u010din, \u010de \u010de\u0161 ven pridet sploh in bo\u0161 doma po\u010divala.&#8221;<\/p>\n<p><strong>DRUGI DAN V BOLNICI:<\/strong><\/p>\n<p>Vsak dan sem vidla, da moje telo napreduje, samo te koraki so bili majhni. Medtem, ko je znanka z 3 jaj\u010decami in brez hiperstimulacije \u017ee plesala, sem jaz bila koma. Naslednji dan sem lahko la\u017eje hodila \u017ee in bole\u010dina je malo ponehala. Celi \u010das sem lepo pridno le\u017eala tako kot doma, samo la\u010dna sem bila skoz. Premal hrane so nam dajal in ko se prosila za dodatno porcijo je ni bilo. Imel smo enolon\u010dnico k mor\u0161 dobit 500ml po kuharskih standardih, sem jaz dobila 100ml. Telo je rablo ENERGIJO, kako se naj hitreje REVITALIZIRA, \u010de nima od kje jemat energijo? Seveda zato imamo rezerve v telesu, sam jaz nisem imela namena, da tro\u0161im lastne rezerve, \u010de \u017eivim v civiliziranem svetu in neki ugledni bolnici. Lansko leto po laparo in histero so vse moje zaloge PO\u0160LE in sem rabila celo leto, da sem pri\u0161la k sebi.<\/p>\n<p>Naslednji dan sem se na splo\u0161no po\u010dutila bolj\u0161e, dokaj normalno in sem veliko la\u017eje shajala z bole\u010dinami, ker so tudi te bile manj\u0161e. Tako sem spoznala, da me je pot resni\u010dno uni\u010dila. Ostala sem \u0161e eno no\u010d in potem sem imela v soboto TRANSFER. Drugo no\u010d sem spala, saj sem bila povsem brez energije. Je pa te\u017eko spat v bolnici, ker sestre kar naprej odpirajo vrata, zbijajo z vrati, telefon zvoni, te zbujajo ob 6 uri, pa ob 23 uri \u0161ele ugasnejo lu\u010di.<\/p>\n<p><strong>TRETJI DAN:\u00a0<\/strong><\/p>\n<p>\u010cakala, \u010dakala \u017ee od 6 zjutri, kdaj bo transfer. Zajtrk je bil za hr\u010dke zopet!\u00a0V soboto je bil cel prepih v sobi in na oddelku, mene je pa zeblo v tisti hajli tanki, pa \u0161e koker mi mal popiha po glavi dobim glavobol. Kopalnica z wc-jem je pa v stari porodni\u0161nici, v 1 oddelku obupen! Okno je staro in se kar naprej odpira in skoz piha, ko si na wcju &#8211; super, da si prehladi\u0161 ledvice al pa mehur, da te za\u010dne glava bolet, da te prezebe, ko vstane\u0161 pre\u0161vican iz postelje. Mislim, da ne morejo najdt DNARJA za tist USRAN dvo krilni oken se vid kok jim je mar za PACIENTE! Okno v kopalnici je \u010dista OSNOVA, pa \u0161e talno gretje bi bilo potrebno, da ko vstopi\u0161 v kopalnico, da je vedno toplo. \u0160e doma ne hodim v tanki halji po bajti, ker me zebe, v bolnici, ko si pa bolan pa LAHKO ali kako? <strong>Totalni KRETENIZEM!\u00a0<\/strong><\/p>\n<p>Unima dvema sestrama se je sam MUDIL, da bi \u0161le dam! Boli jih kurac za paciente. Res \u017ealostno je to gledat in do\u017eivljat! Ampak \u017eal je odnos povsod enak, to je pa\u010d Slovenija ali je to pa\u010d Ljubljana? <strong>POVSOD PO LINIJI NAJMANJ\u0160EGA ODPORA!<\/strong> V vrtcih je \u010dist isto sranje, ist pofukan odnos do otrok! Spomnem se dogodka v vrtcu, ko sta se dva otroka tepla ( starost 18 mesecev ) in sem hotela razre\u0161iti stvari, pa me je vzg ( k \u017ee dela 15 let. MU\u010cO ZNANJE in izku\u0161nje ) vstavila in rekla:&#8221; Pust! se bosta \u017ee zmenla!&#8221;( Otrok pr 18 mesecih rabi dober vzgled in rabi vzgojo, ne pa da se bo sam zmenil, ker se sploh ne zaveda kaj to\u010dno po\u010dne in kaj to njegovo dejanje v resnici pomeni, zato pa je otrok in zato sem jaz vzgojitelj oz. star\u0161, ker vzgajam! \u010ce pa NE Opravljam svojega dela potem pa je bolj\u0161e, da si najdem drugo delo v \u00a0industriji ali pa nimam otrok! )<\/p>\n<p>V soboto sem prejela celico in dragi je delal, zato me je mami pri\u0161la iskat. Prvo sva jedli kosilo in sem pojedla vse, ker sem bila tako la\u010dna. Potem sem se kon\u010dno stu\u0161irala in po\u010dutila \u010dista in potem sem \u0161la po\u010divat. Zapeljala me je do Celja, kjer me je pobral dragi in od\u0161la sva domov. Ob 18.00 uri zve\u010der sem pri\u0161la \u0161ele domov, \u010disto sem bila utrujena ampak vesela, da vidim drevesa, sonce, oblake, de\u017e in najbolj sre\u010dna ko sem vidla mojo Hi\u0161o zopet.<\/p>\n<p><strong>NAJLEP\u0160E JE, KO PRIDE\u0160 DOMOV! Vendar, da je to pozitivni u\u010dinek tega, da bolj ceni\u0161 svoj dom, ko pride\u0161 iz bolnice, je precej usrana kompenzacija. V bolnicah prej \u0161e bolj zboli\u0161, kot se pozdravi\u0161, edino, \u010de nate sije Son\u010dni \u017earek in ima zdravnik dober dan in ti pomaga in je celo Prijazen oz. tvoje TELO pre\u017eivi VSE KEMIJSKE SVINJARIJE, ker ima MAGI\u010cNO MO\u010c in ti ima\u0161 MAGI\u010cNO VOLJO do \u017dIVLJENJA!<\/strong><\/p>\n<p style=\"text-align: center;\"><em>\u010ce ho\u010de\u0161 preverit kako MAGI\u010cNO TELO ima\u0161, zboli\u0161 in gre\u0161 v BOLNICO! Samo potem mora\u0161 se vsak dan zahvalit svojemu telesu in ga ne jemat ve\u010d za SAMOUMEVNO!<\/em><\/p>\n<p>Kaj si sama najbolj \u017eelim je, da bi vse te zdravnice kure \u0161le PRVO same skoz IVF POSTOPKE in potem se lahko pogovarjamo kako je! SEVEDA ni LA\u017dJEGA kot biti na DRUGI STRANI, ko jemlje\u0161 kri in obra\u010da\u0161 iglo desno in levo, brez da bi \u010dutil kako pe\u010de in kako boli! Te ljudje so taki HINAVCI in \u0161ele ko se ZNAJDEJO v vlogi pacienta in dobijo NAZAJ TA ISTI USRANI ODNOS, ki ga dajejo od sebe, se MAL ZAMISLIJO&#8230;\u017eal se pr teh ljudeh ni\u010d ne prime, ker bi bilo potrebno ponovit vajo ve\u010dkrat, ker v Medicinskem svetu obstaja samo Logika, ne pa \u010custva!<\/p>\n<p><strong>\u010cLOVEK JE CELOTA<\/strong> sestavljena iz Telesa, Uma ( ki je sestavljen iz L in D poloble) in Du\u0161e. L polobla je logika, D pa \u010dustva. Osredoto\u010danje izklju\u010dno na podatke, na statistike, jemanje pacientkov za \u0161tevilko ne pa za \u010dloveka in delanje poskusov na pacientovem telesu brez da bi upo\u0161teval varnostne meje in brez da bi upo\u0161teval kaj \u010dlovek do\u017eivlja, je <strong>DEJANJE PROTI \u010cLOVEKU SAMEMU!\u00a0<\/strong><\/p>\n<p>&nbsp;<\/p>\n<p>&nbsp;<\/p>\n","protected":false},"excerpt":{"rendered":"<p>Noben mi ni povedal o tem ni\u010d! Noben me ni opozoril na to! Noben me ni spra\u0161eval o tem glede na to, da sem bila \u017ee na IUI! Nobenmu ni mar! Na\u0161opal so me z to kemijo in ko jemlje\u0161 ni nobenih znakov, ampak vse to pride za teboj po parih dnevih in potem se<br \/><a class=\"moretag\" href=\"http:\/\/dnevnik.belavilinka.com\/?page_id=257\">+ Read More<\/a><\/p>\n","protected":false},"author":2,"featured_media":0,"parent":236,"menu_order":6,"comment_status":"closed","ping_status":"closed","template":"","meta":{"footnotes":""},"class_list":["post-257","page","type-page","status-publish","hentry"],"_links":{"self":[{"href":"http:\/\/dnevnik.belavilinka.com\/index.php?rest_route=\/wp\/v2\/pages\/257","targetHints":{"allow":["GET"]}}],"collection":[{"href":"http:\/\/dnevnik.belavilinka.com\/index.php?rest_route=\/wp\/v2\/pages"}],"about":[{"href":"http:\/\/dnevnik.belavilinka.com\/index.php?rest_route=\/wp\/v2\/types\/page"}],"author":[{"embeddable":true,"href":"http:\/\/dnevnik.belavilinka.com\/index.php?rest_route=\/wp\/v2\/users\/2"}],"replies":[{"embeddable":true,"href":"http:\/\/dnevnik.belavilinka.com\/index.php?rest_route=%2Fwp%2Fv2%2Fcomments&post=257"}],"version-history":[{"count":6,"href":"http:\/\/dnevnik.belavilinka.com\/index.php?rest_route=\/wp\/v2\/pages\/257\/revisions"}],"predecessor-version":[{"id":263,"href":"http:\/\/dnevnik.belavilinka.com\/index.php?rest_route=\/wp\/v2\/pages\/257\/revisions\/263"}],"up":[{"embeddable":true,"href":"http:\/\/dnevnik.belavilinka.com\/index.php?rest_route=\/wp\/v2\/pages\/236"}],"wp:attachment":[{"href":"http:\/\/dnevnik.belavilinka.com\/index.php?rest_route=%2Fwp%2Fv2%2Fmedia&parent=257"}],"curies":[{"name":"wp","href":"https:\/\/api.w.org\/{rel}","templated":true}]}}