{"id":25,"date":"2016-04-11T01:34:32","date_gmt":"2016-04-11T01:34:32","guid":{"rendered":"http:\/\/dnevnik.belavilinka.com\/?page_id=25"},"modified":"2016-10-06T09:28:39","modified_gmt":"2016-10-06T09:28:39","slug":"dnevnik-45-dan-okrevanja-na-boljse-gre","status":"publish","type":"page","link":"http:\/\/dnevnik.belavilinka.com\/?page_id=25","title":{"rendered":"Dnevnik 45 dan Okrevanja &#8211; Na bolj\u0161e Gre"},"content":{"rendered":"<p>Po prenehanju jemanja antibiotikov, sem dala kri, ki je povedala, da je vse OK. Par dni kasneje sem imela \u0161e G pregled pri kirurginji, ki je ravno tako povedala, da hematoma ni ve\u010d in da je vse OK.<\/p>\n<p>To mi je res ODLEGLO, \u010deprav je tisti strah, da bo \u0161e kaj narobe z mojim telesom ostal globoko v meni.<br \/>\nTako sem Maja dobila tisto prvo nekako normalno M. Tudi prej sem krvavela : takoj po operaciji in vmes nekaj, ampak to so bile krvavitve. Prva M je bila PRVI\u010c v \u017eivljenju NEBOLE\u010cA. Saj nisem mogla VERJET. Kar naprej sem \u010dakala\u00a0\u201c zdaj me bo za\u010delo bolet\u00a0\u201c. Pa se ni zgodilo. Bila sem zelo Vesela.<\/p>\n<p>Fizi\u010dno sem bila zelo \u0161ibka. Kar naprej sem bila zelo utrujena in nikakor nisem mogla priti k sebi. Navali slabosti, manj\u0161e vrtoglavice, \u0161pikanja tu in tam, kak\u0161ne bole\u010dine tu in tam so \u0161e vedno bile. Prijatelj mi je svetoval, da naj jemljem visoke koli\u010dine vitamina B complex in tudi druge, da se bo telo regeneriralo.<\/p>\n<p>Ko sem tako resni\u010dno zelo po\u010dasi prihajala zopet k sebi nazaj od vseh \u0161okov, sem do\u017eivela ZASNUBITEV. Pri\u0161la je res nepri\u010dakovano. Z Denisom sva se o tem \u017ee pogovarjala, vendar v tem stanju v katerem sem bila, nisem na to niti pomislila. Moje misli in dejanja so bila skoncentrirana na moje telo in du\u0161o. Tako se je godilo 15.5.2015, da me je povabil na ve\u010derjo in prosil, da se lepo uredim. O tem me je predhodno obvestil in proslavljala bi naj njegovo slu\u017ebo v Gostilni. Ko bi morala iti sem se za\u010dela zelo slabo po\u010dutiti in sem se mogla ule\u0161ti tako je \u010das kar tekel in ker mi ni bilo dobro je potem rekel, da ne bova \u0161la v gostilno. Jaz sem tudi zelo te\u017eko sedela dalj \u010dasa, ker me je rana \u0161e vedno bolela. Kljub vsemu me je sku\u0161al motivirati, da bi \u0161la vsaj v sla\u0161\u010di\u010darno. Potem sem se nekako prisilila, vendar nisem mogla oble\u010di ni\u010d lepega, ker vse kar me je vezalo preko trebuha, me je zelo motilo in rana me je za\u010dela bolet. Ko sva se vsedla v avto, on je hodil do parkiri\u0161\u010da kot tiger, jaz pa kot 3 letni otrok, sem postala kar naenkrat zelo la\u010dna in tako me je peljal na mojo najljub\u0161o pico, ki sva jo pojedla v avtu, ker jaz nisem hotela iti v trenerki v gostilno, poleg tega pa se mi ni bilo za gledat drugih ljudi.<\/p>\n<p>Tako sem bila la\u010dna, da sem skoraj celo pico pojedla jaz.Va\u017eno je bilo, da sem jedla. To je bilo nekje 10 dni od prenehanja jemanja antibiotikov. Potem me je peljal na nek romanti\u010den kraj, kjer sva se docela sprehodila na kratko in ko sva pri\u0161la na most je stopil pred menoj in me zasnubil. Jaz sem bila tako v \u0161oku, da sploh nisem dojela, kaj se pravzaprav dogaja. Ob zasnubitvi sva bila skupaj dobri 2 leti in pol. Seveda sem rekla DA. Rabila sem kar nekaj minut, da sem sprocesirala kaj se je pravzaprav zgodilo, potem pa sem se za\u010dela samo \u0161e smejati in veseliti. Poklicala sem o\u010deta in mamo in jima povedala ter prijateljicam.<br \/>\n\u200b<br \/>\nKasneje so me prijateljice spra\u0161evale \u201cKdaj bo Poroka?\u201d, ampak sva rekla, da se nama ne mudi. V prvi zakon sem resda kar hitela zato bom v drugega stopila bolj po\u010dasi :)) Na\u010deloma pa sva se odlo\u010dila, da bi morda \u010dez kako leto ali dve naredila Poroko, seveda potrebujeva za to Denar in Poroka stane, sploh \u010de ho\u010de\u0161 imeti vso \u017elahto, ki pa je ni malo. Nama je v resnici najbolj pomemben DOM, najina HI\u0160A in to je najve\u010dji stro\u0161ek v \u017eivljenju, zato bo najin denar prvo pla\u010dal DOM, potem pa si \u017eeliva otroka, da bi le pri\u0161el in \u0161ele potem Poroka.<br \/>\n\u200b<br \/>\n\u201cPrvo \u0160talca, potem pa Kravca\u201d<\/p>\n","protected":false},"excerpt":{"rendered":"<p>Po prenehanju jemanja antibiotikov, sem dala kri, ki je povedala, da je vse OK. Par dni kasneje sem imela \u0161e G pregled pri kirurginji, ki je ravno tako povedala, da hematoma ni ve\u010d in da je vse OK. To mi je res ODLEGLO, \u010deprav je tisti strah, da bo \u0161e kaj narobe z mojim telesom<br \/><a class=\"moretag\" href=\"http:\/\/dnevnik.belavilinka.com\/?page_id=25\">+ Read More<\/a><\/p>\n","protected":false},"author":2,"featured_media":0,"parent":5,"menu_order":8,"comment_status":"closed","ping_status":"closed","template":"","meta":{"footnotes":""},"class_list":["post-25","page","type-page","status-publish","hentry"],"_links":{"self":[{"href":"http:\/\/dnevnik.belavilinka.com\/index.php?rest_route=\/wp\/v2\/pages\/25","targetHints":{"allow":["GET"]}}],"collection":[{"href":"http:\/\/dnevnik.belavilinka.com\/index.php?rest_route=\/wp\/v2\/pages"}],"about":[{"href":"http:\/\/dnevnik.belavilinka.com\/index.php?rest_route=\/wp\/v2\/types\/page"}],"author":[{"embeddable":true,"href":"http:\/\/dnevnik.belavilinka.com\/index.php?rest_route=\/wp\/v2\/users\/2"}],"replies":[{"embeddable":true,"href":"http:\/\/dnevnik.belavilinka.com\/index.php?rest_route=%2Fwp%2Fv2%2Fcomments&post=25"}],"version-history":[{"count":1,"href":"http:\/\/dnevnik.belavilinka.com\/index.php?rest_route=\/wp\/v2\/pages\/25\/revisions"}],"predecessor-version":[{"id":26,"href":"http:\/\/dnevnik.belavilinka.com\/index.php?rest_route=\/wp\/v2\/pages\/25\/revisions\/26"}],"up":[{"embeddable":true,"href":"http:\/\/dnevnik.belavilinka.com\/index.php?rest_route=\/wp\/v2\/pages\/5"}],"wp:attachment":[{"href":"http:\/\/dnevnik.belavilinka.com\/index.php?rest_route=%2Fwp%2Fv2%2Fmedia&parent=25"}],"curies":[{"name":"wp","href":"https:\/\/api.w.org\/{rel}","templated":true}]}}