{"id":239,"date":"2016-11-22T16:14:42","date_gmt":"2016-11-22T16:14:42","guid":{"rendered":"http:\/\/dnevnik.belavilinka.com\/?page_id=239"},"modified":"2016-11-22T16:38:09","modified_gmt":"2016-11-22T16:38:09","slug":"1-faza-odlocitev","status":"publish","type":"page","link":"http:\/\/dnevnik.belavilinka.com\/?page_id=239","title":{"rendered":"1 faza &#8211; ODLO\u010cITEV"},"content":{"rendered":"<p>Lansko leto, ko sem opravila laparo in \u00a0histero in sem potrebovala 4 mesece za okrevanje mi je moja G oktobra 2015 ponudila, da pri\u010dneva z &#8220;epruvetko&#8221;. Katerakoli me je spra\u0161evala o IVF sem ji vedno isto rekla: JAZ?NIKOL!<\/p>\n<p>IVF so za mene bila zadnja vrata, ko proba\u0161 vse in ni\u010d ne &#8220;pali&#8221;, pol si re\u010de\u0161, bom prodala \u0161e ivf. Zakaj? Zato, da si NIKOL ne more\u0161 O\u010cITAT, da NISI PROBALA VSEGA. Definitivno nisem hotela biti stara 37let in si o\u010ditati&#8221; a vidi\u0161, \u010de bi pa takrat pri 33-ih probala, pa bi mogo\u010de ratalo.&#8221; \u010cAS SAMO LETI!<\/p>\n<p>Vem, da smo razli\u010dne, ampak jaz hodim po tej poti 7 leto si pa ne znam predstavljat kaj bi me tako medlo, da bi se pri 40-ih \u0161ele spomnila, da bi pa mogo\u010de JAZ zdaj malo PROBALA zanosit! To mi je tako mimo. Otrok je delo in mora\u0161 mu biti predan in nekaterim nam se zgodi to, da nas usoda preizku\u0161a \u017ee veliko prej, preden \u0161e sploh zanosimo. \u017de v pred zanositvenem obdobju moramo biti predane. Seveda se v\u010dasih spra\u0161ujem, \u010de mi ne bo to potem, ko bo mala &#8220;ra\u010dka&#8221; tukaj, prihajalo naprej in si bom mislila:&#8221;TOLIKO \u017dIVCEV sem \u017ee izgubila \u0161e preden si bil tukaj, zdaj ko si, pa bi RES lahko bil PRIDEN, se ti ne zdi?&#8221; :))) Samo to ne more\u0161 kontrolirat, otroci ska\u010dejo, delajo neumnosti in v vsakem obdobju imajo svoje fore. Ne glede na vse, je najbolj pomembna LJUBEZEN med teboj in njim.<\/p>\n<p>Zanima vas kako to, da sem se premislila? Ko sem kon\u010dala \u0161olo za Barvnega Terapevta, ki ni bila samo \u0161ola, ampak cel psihi\u010dni proces. V tem procesu sem se zopet dotaknila stare teme izpred mnogo let o moji prvi ljubezni, mojem splavu, mojih star\u0161ih in zelo hitro mi je postalo jasno, da je tukaj \u0161e vedno nekaj kar ni po\u010di\u0161\u010deno, \u010deprav sem v to zgodbo vlo\u017eila \u017ee mnogo energije in razre\u0161ila mnogo, pa vendar &#8220;nekaj&#8221; je \u0161e ostalo. Po kon\u010danem procesu sem se en dan vsedla na posteljo in gledala skozi okno in si rekla, da bom probala IVF. Obvestila sem mojega in ko je pri\u0161el domov mi je takoj rekel, da zmorem, da sem mo\u010dna!<\/p>\n<p>Bilo me je zelo strah, ampak, ko sem se ODLO\u010cILA je vse STEKLO MAGI\u010cNO HITRO!<\/p>\n<p>Pisala sem na naro\u010danje, da bi rada pri\u0161la. Bila je cela zmeda, ker sva lansko leto decembra Sprejem prestavila, ker sva se selila iz Ljubljane, ker sva prodala stanovanje. 6 mesecev sva iskala najino hi\u0161o in to je bilo zelo naporno in \u017eiv\u010dno obdobje. Ne bi si \u017eelela biti nose\u010da v takem obdobju in predajala vso nervozo na novo du\u0161o. Pa tudi sedaj, ko sem \u0161la \u010dez proces, ni \u0161ans, da bi bila zmo\u017ena iskati hi\u0161o, pa \u0161e IVF postopek hkrati. Ko dela\u0161 IVF, delaj IVF!<\/p>\n<p>&nbsp;<\/p>\n","protected":false},"excerpt":{"rendered":"<p>Lansko leto, ko sem opravila laparo in \u00a0histero in sem potrebovala 4 mesece za okrevanje mi je moja G oktobra 2015 ponudila, da pri\u010dneva z &#8220;epruvetko&#8221;. Katerakoli me je spra\u0161evala o IVF sem ji vedno isto rekla: JAZ?NIKOL! IVF so za mene bila zadnja vrata, ko proba\u0161 vse in ni\u010d ne &#8220;pali&#8221;, pol si re\u010de\u0161,<br \/><a class=\"moretag\" href=\"http:\/\/dnevnik.belavilinka.com\/?page_id=239\">+ Read More<\/a><\/p>\n","protected":false},"author":2,"featured_media":0,"parent":236,"menu_order":1,"comment_status":"closed","ping_status":"closed","template":"","meta":{"footnotes":""},"class_list":["post-239","page","type-page","status-publish","hentry"],"_links":{"self":[{"href":"http:\/\/dnevnik.belavilinka.com\/index.php?rest_route=\/wp\/v2\/pages\/239","targetHints":{"allow":["GET"]}}],"collection":[{"href":"http:\/\/dnevnik.belavilinka.com\/index.php?rest_route=\/wp\/v2\/pages"}],"about":[{"href":"http:\/\/dnevnik.belavilinka.com\/index.php?rest_route=\/wp\/v2\/types\/page"}],"author":[{"embeddable":true,"href":"http:\/\/dnevnik.belavilinka.com\/index.php?rest_route=\/wp\/v2\/users\/2"}],"replies":[{"embeddable":true,"href":"http:\/\/dnevnik.belavilinka.com\/index.php?rest_route=%2Fwp%2Fv2%2Fcomments&post=239"}],"version-history":[{"count":2,"href":"http:\/\/dnevnik.belavilinka.com\/index.php?rest_route=\/wp\/v2\/pages\/239\/revisions"}],"predecessor-version":[{"id":245,"href":"http:\/\/dnevnik.belavilinka.com\/index.php?rest_route=\/wp\/v2\/pages\/239\/revisions\/245"}],"up":[{"embeddable":true,"href":"http:\/\/dnevnik.belavilinka.com\/index.php?rest_route=\/wp\/v2\/pages\/236"}],"wp:attachment":[{"href":"http:\/\/dnevnik.belavilinka.com\/index.php?rest_route=%2Fwp%2Fv2%2Fmedia&parent=239"}],"curies":[{"name":"wp","href":"https:\/\/api.w.org\/{rel}","templated":true}]}}