{"id":174,"date":"2016-04-24T20:32:04","date_gmt":"2016-04-24T20:32:04","guid":{"rendered":"http:\/\/dnevnik.belavilinka.com\/?page_id=174"},"modified":"2016-04-24T20:32:04","modified_gmt":"2016-04-24T20:32:04","slug":"kaj-naj-sploh-se-jemnic-ni-prav","status":"publish","type":"page","link":"http:\/\/dnevnik.belavilinka.com\/?page_id=174","title":{"rendered":"Kaj naj sploh \u0161e JEM?Ni\u010d ni prav!"},"content":{"rendered":"<p>Vem, da se marsikatera med vami spra\u0161uje prav to. V medijih in tudi knjigarnah je kar se ti\u010de PREHRANE res ena VELIKA ZMEDA. Doma imava kar nekaj knjig z razli\u010dnimi recepti in trenutno oba zaklju\u010dujeva \u0161olo za \u0161efa Kuhinje, sva pa \u017ee oba Pomo\u010dnika. Moj osebni cilj je, da dokon\u010dam to \u0161olo in nadaljujem z NPK Dietni kuhar, h kateri lahko pristopi\u0161 samo, \u010de ima\u0161 kon\u010dano Gostinsko srednjo \u0161olo. Ja pri 33-ih sem zopet v srednji \u0161oli. Ampak zdaj je \u010disto druga\u010de vse. HO\u010cEM se nau\u010diti. Moja volja je nepopisna in vidim, kako je nesmiselno vso to siljenje najstnikov, da morajo \u0161tudirati. Bolj\u0161e bi bilo, da bi \u0161li delat karkoli z rokami, nogami, da si pridobijo \u010dim ve\u010d izku\u0161enj in se \u0161ele potem odlo\u010dijo kak\u0161en poklic si \u017eelijo pridobiti.<\/p>\n<p>Kaj bom jedla je ena velika uganka vsak dan in to je velika napaka hkrati, ker je POTREBNO JEDI PLANIRATI. Vsesti za mizo in spisati jedilnike za celoten teden. Morda celo v soboto skuhati, dati zamrzniti, ker \u010dez teden je taka nori\u0161nica..vrtec&#8230;slu\u017eba&#8230;\u0161ola..sej nima\u0161 \u010dasa niti, da bi se fajn sprdala, ker je eno samo letenje, eni sami \u017eivci in potem \u0161e SKUPAJ ZDRAVI OBROK.<\/p>\n<p>Kaj je sploh Zdrava prehrana? Mislim to besedno zvezo sem sli\u0161ala in \u00a0prebrala \u017ee najmanj MILIJONKRAT pa \u0161e zdaj ne vem kaj je to. Prehranjevalna piramide se spreminjajo skozi leta. Neki kar je bilo prav prej, zdej ve\u010d ni. \u010clanke brat je tazadnja, ker vsak pravi druga\u010de. Vsak vle\u010de na svojo stran, pa noben se ne zaveda, da so vzadaj MULTIKORPORACIJE, ki \u017eelijo samo eno: PRODATI svoje IZDELKE in ohraniti BOGASTVO, ki ga imajo.<\/p>\n<p>Ne more\u0161 si kaj, da ne za\u010dne\u0161 v svojo PREHRANO DVOMITI! Ho\u010de\u0161 ali no\u010de\u0161 je to posledica vseh teh informacij. Kdo ima prav in kdo nima?<\/p>\n<p>Iskreno vam povem, da \u010dutim en grozn konstantni pritisk preko medijev glede te veganske in vegetarijanske prehrane. Osnova je vegetarijanska prehrana, potem pa se deli : vegansko, semi vegetarijanstvo in \u0161e nekaj ( se ne spomnem ). Veganstvo je postala vera, \u010deprav neregistrirana, pa vendar \u010de je\u0161 to je pogoj, da si ve\u010dinoma \u010dasa jezen in da vsiljuje\u0161 ta svoj na\u010din prehranjevanja drugim. Nisem \u0161e sre\u010dala vegana, ki mi ne bi solil pameti. Nisem pa \u0161e sre\u010dala vegana, ki bi naredi reporta\u017eo o na\u0161ih slovenskih klavnicah in povedal kaj delajo narobe in kako bi morale delati. Sem pa si ogledala videjo posnetke na youtube in dokumentarce kako mu\u010dijo \u017eivali v Zda, vendar to za mene ni bil razlog, da jutri prekinem z prehrano, ki jo jem in se za\u010dnem prehranjevati vegansko. Samo tok za informacijo: Znanka je ravno to naredila pred mesecem dni in je zdaj v bolnici.<\/p>\n<p>Skratka, mislim, da nisem edina, ki \u010duti konstantni pritisk na tv, na internetu, forumih &#8221; da vsi mi ki jemo meso smo krivi &#8220;. \u010ce bi zares hoteli vstaviti maltertiranje bi to po\u010deli na druga\u010den na\u010din, ne pa da se \u010dlovek odpove beljakovini ( meso in mle\u010dnim izdelkom ). Ubijanje je del tega kozmosa in verjamem, da ve\u010dina na\u0161ih farm ubija humano, \u010de pa ne, pa jih je potrebno na to opozoriti. Nisem \u0161e vidla tigra, da bi v divjini \u0161el do neke divje koze in ji rekel :&#8221;ej, jaz sem la\u010den, a bi ti umrla prosim, da jaz ne bom.&#8221; To je zdej hudo karikiranje, ampak dejstvo je, da ne vpra\u0161a, ampak napade in potem se gresta igro, kdo bo koga ulovil oz. kdo bo koga napizdil in zbe\u017eal. Vsakega kdaj prime, da bi vzel pi\u0161tolo in enga ubil. Ne se delat fine! Vsi imamo v sebi temno stran in vsi smo prav vse sposobni narediti SEBI in DRUGEMU. Seveda je Resnica ta, da kar mene lo\u010di od zlih ljudi je ta, da sem se jaz odlo\u010dila, da stojim na svetlobni strani in delam dobro za sebe in druge, pa vendar dobro vem, da v vseh mojih \u017eivljenjih nisem vedno stala na tej strani, ampak tudi na zli strani. Dokler ne okusi\u0161 konkretno obeh strani ne pride\u0161 do pravega RAZUMEVANJA o \u017eivljenju in njegovem toku.<\/p>\n<p>\u017divali se prehranjujejo z rastlinami in \u017eivalmi. Ljudje se prehranjujejo z rastlinami in \u017eivalmi. Tako je ustvarjeno. Seveda na tem PISANEM PLANETU najde\u0161 prav VSE MOGO\u010cE varijante. Glvno vodilo pri prehrani za ODRASLE je to, da je\u0161 tisto kar je najbolj zdravo za tvoje telo. Telesa so ista, pa vendar tudi razli\u010dna in vsak mora priti do te to\u010dke, ko dejansko komunicira s svojim telesom in ta mu sporo\u010da kaj potrebuje in koliko. In ko to dose\u017ee\u0161, potem NE SILI\u0160 ve\u010d nobenega v to ali drugo in ne leti\u0161 v trgovino po ta izdelek, ker si prebrala v reviji, da ta je pa nadvse NAJBOLJ\u0160I. Ne obstaja najbolj\u0161ega, tako kot tudi ne obstaja ena tableta, ki bi re\u0161ila tvojo bolezen, zato ker potem zraven kemija pripelje \u0161e druge probleme, ki jih prej sploh nisi imela. Sama filozofija, da bi ENA STVAR re\u0161ila VSE je IDIOTSKA! Zeli\u0161\u010de ne deluje samo na en organ, ampak tudi druge ali pa encime ali pa na kri. \u010ce razumemo, da je VSE POVEZANO v na\u0161em TELESU, potem razumemo, da je vse POVEZANO v na\u0161em umskem in du\u0161nem svetu. Ista filozofija, isti pristop re\u0161evanja.<\/p>\n<p>In zakaj obstaja toliko in toliko RAZLI\u010cNIH ZELI\u0160\u010c? In zakaj obstaja toliko in toliko razli\u010dnih SUROVIN? Zakaj obstaja toliko razli\u010dnih KRISTALOV?Zato, ker je vsako telo Individum po eni strani, po drugi strani pa smo vsi enaki. Zato na primer pri me\u0161anicah zeli\u0161\u010d vedno imam osnovno zeli\u0161\u010de in dodam \u0161e eno ali ve\u010d glede na to\u010dno dolo\u010denega \u010dloveka pred menoj. Poti bolezni so razli\u010dne, ampak rezultat na ko\u017ei na primer je lahko ENAK. Nekdo mora dati ve\u010d poudarka na zdravljenje jeter, drugi na plju\u010da na primer v tej isti bolezni. Isto velja pri kristalih tehnika, 2 do 3 so osnovni, ostale izbere stranka preko svoje iniciative, intuicije.<\/p>\n<p>Dejte prosim za\u010det razmi\u0161ljat, da vse kro\u017ei, da je vse povezano in predvsem to, da je vsak odgovoren za sebe in da mora izpostavit komunikacijo z telesom. To se najla\u017eje naredi, ko prestanemo razstrupljevalni proces na\u0161ega telesa. Ko damo telesu mo\u017enost, da pride na NULO in hkrati damo mo\u017enost tudi na\u0161emu UMU in DU\u0160I.<\/p>\n<p>Imejmo se RADI. Razstrupljevanje telesa je zelo lepo dejanje do samega sebe, ki sporo\u010da &#8221; Ljubim te telo, ti si moj biser in zelo dobro se zavedam, da brez tebe, mene tukaj zdaj ne bi bilo. Hvala ti, ker lahko ustvarjam, hodim in delujem z rokami in hvala ti, da me ljubi\u0161 tudi v obdobjih, ko te jemljem za samoumevno.&#8221;<\/p>\n","protected":false},"excerpt":{"rendered":"<p>Vem, da se marsikatera med vami spra\u0161uje prav to. V medijih in tudi knjigarnah je kar se ti\u010de PREHRANE res ena VELIKA ZMEDA. Doma imava kar nekaj knjig z razli\u010dnimi recepti in trenutno oba zaklju\u010dujeva \u0161olo za \u0161efa Kuhinje, sva pa \u017ee oba Pomo\u010dnika. Moj osebni cilj je, da dokon\u010dam to \u0161olo in nadaljujem z<br \/><a class=\"moretag\" href=\"http:\/\/dnevnik.belavilinka.com\/?page_id=174\">+ Read More<\/a><\/p>\n","protected":false},"author":2,"featured_media":0,"parent":27,"menu_order":4,"comment_status":"closed","ping_status":"closed","template":"","meta":{"footnotes":""},"class_list":["post-174","page","type-page","status-publish","hentry"],"_links":{"self":[{"href":"http:\/\/dnevnik.belavilinka.com\/index.php?rest_route=\/wp\/v2\/pages\/174","targetHints":{"allow":["GET"]}}],"collection":[{"href":"http:\/\/dnevnik.belavilinka.com\/index.php?rest_route=\/wp\/v2\/pages"}],"about":[{"href":"http:\/\/dnevnik.belavilinka.com\/index.php?rest_route=\/wp\/v2\/types\/page"}],"author":[{"embeddable":true,"href":"http:\/\/dnevnik.belavilinka.com\/index.php?rest_route=\/wp\/v2\/users\/2"}],"replies":[{"embeddable":true,"href":"http:\/\/dnevnik.belavilinka.com\/index.php?rest_route=%2Fwp%2Fv2%2Fcomments&post=174"}],"version-history":[{"count":1,"href":"http:\/\/dnevnik.belavilinka.com\/index.php?rest_route=\/wp\/v2\/pages\/174\/revisions"}],"predecessor-version":[{"id":175,"href":"http:\/\/dnevnik.belavilinka.com\/index.php?rest_route=\/wp\/v2\/pages\/174\/revisions\/175"}],"up":[{"embeddable":true,"href":"http:\/\/dnevnik.belavilinka.com\/index.php?rest_route=\/wp\/v2\/pages\/27"}],"wp:attachment":[{"href":"http:\/\/dnevnik.belavilinka.com\/index.php?rest_route=%2Fwp%2Fv2%2Fmedia&parent=174"}],"curies":[{"name":"wp","href":"https:\/\/api.w.org\/{rel}","templated":true}]}}