{"id":166,"date":"2016-04-24T19:14:52","date_gmt":"2016-04-24T19:14:52","guid":{"rendered":"http:\/\/dnevnik.belavilinka.com\/?page_id=166"},"modified":"2016-04-24T19:21:49","modified_gmt":"2016-04-24T19:21:49","slug":"bolece-menstruacije-in-kontracepcijske-tablete","status":"publish","type":"page","link":"http:\/\/dnevnik.belavilinka.com\/?page_id=166","title":{"rendered":"Bole\u010de Menstruacije in Kontracepcijske tablete"},"content":{"rendered":"<p>Moja zadnja M v marcu 2016 je bila zopet zelo mo\u010dna. Od 1 do 10, so bile 10. To se pravi maxsimalno. To izgleda tako, da le\u017eim, se obra\u010dam kar naprej, dr\u017eim za trebuh ali pa eno ali drugo nogo kar naprej premikam v hitrih gibih, kar mi malo zmanj\u0161a ob\u010dutek bole\u010dine. Vedno spu\u0161\u010dam zvoke bole\u010dine glasno, ker me tako boli. Upala sem, da se ne bo tako razbolelo in nisem vzela tablete nalgesin 500g. Ko sem bila \u010disto hin sem vzela potem kon\u010dno tableto, pa sem \u010dutila bole\u010dine \u00a0\u0161e 2 dni. Ne jemljem nobenih tablet ali karkoli drugega kemijskega, to pridela moje telo samo in ves \u010das se spra\u0161ujem ZAKAJ? Ker sem se zelo prestra\u0161ila zaradi teh bole\u010din, sem se hitro naro\u010dila pri moji drugi G na pregled samopla\u010dni\u0161ko. \u010ce bi klicala mojo G v Leoni\u0161\u010de, bi \u010dakala, pa vpra\u0161anje \u010de tudi ne bi pla\u010dala. Do \u010dakanja mi ni bilo prav tako, pa se maternica najlep\u0161e vidi takoj po M, ko je \u010dista in na sre\u010do sem dobila termin na tisti dan, ko sem tudi pri\u0161la v Ljubljano. Ker nisem ve\u010d tam doma, je potem celi izlet pridet v Ljubljano in \u010de \u017ee pridem, moram \u0161e do o\u010deta, mame, babice&#8230;skratka&#8230;pono\u010di ko pride\u0161 domov, pade\u0161 samo \u0161e v posteljo.<\/p>\n<p>Razmi\u0161ljala sem, \u010de so bole\u010dine zaradi prehrane. Zaenkrat raziskujem to tezo. Pri G mi je povedala, da se mi je pojavil neki mali miom, sicer komaj opazen in res maj\u010dken. To mi sploh ni v\u0161e\u010d. Na pregledu sem bila to\u010dno leto dni od operacije in evo ga zlomka \u017ee spet se neki paca, ampak ZAKAJ? Vpra\u0161ala sem jo, \u010de ma to vezo z prehrano, pa mi je odgovorila, da imajo miome tudi veganke in vegetarijanke. Ni mi znala odgovort zakaj, ker ne ve. Vseeno, se z &#8220;ne vem&#8221; ne morem zadovoljiti. Mora obstajati VZROK zakaj se to paca. Razmi\u0161ljala sem, \u010de ima to morda kak\u0161no vezo z geni in z dejstvom, da na\u0161a telesa niso popolna in da jih je potrebno kar naprej negovati, vendar \u00a0\u010detudi to velja za maternico, kako Naj negujem, da ne bom imela ve\u010d miomov?<\/p>\n<p>Bole\u010dine me res izropajo vse psihi\u010dne energije in to vsake 5 tednov, kot da sem na Sizifovem delu, ker sva v naporno-psihi\u010dno-fizi\u010dnem delu z najino hi\u0161o, nimam prav nobene energije in volje, da bi pri\u010dela postopek IVF. Tako sem pomislila, da bi vzela umetne hormone, da bi mi vstavili te bole\u010dine, menstruacija me ne moti, me pa bole\u010dine. In sem iskala varijante za za\u0161\u010dito. Marsikaj kaj je na voljo: tabletke(hormonski),materni\u010dni vlo\u017eek,podko\u017eni vsadki(hormonski) in \u0161e so opcije&#8230;Da mi bo nekdo vstavljal nekaj v telo v materni\u010dni vrat ni \u0161ans! Ne morem niti sama izvle\u010dt, ampak ti mora G. Imam teto, ki ima to, pa je dobila migrene in ve\u010dkrat je slabe volje. Podko\u017eni vsadek v ramo? WTF? Kaj je to scientific film? Ne, ne hvala. Ker sploh ne vem kako bo telo odreagiralo. Ostale so mi \u0161e tabletke. V \u010dakalnici pri G sem si vzela nekaj prospektov in prebirala, \u0161e posebej tisto kar je natiskano z majhnimi \u010drkami. Predvsem so me zanimale POSLEDICE in tako pri tabletkah Cerazette preberem &#8221; <em>Redno preglejujte svoje dojke in \u010dimprej povejte zdravniku, \u010de ste zatipale bulo. Rak dojk so ugotavljali nekoliko pogosteje pri \u017eenskah, ki jemljjo kontracepcijske tabletke, kot pri tistih \u017eenskah iste starosti, ki jih ne jemljejo. &#8220;<\/em><\/p>\n<p>Ta stavek me je vrgel popolnoma ven in v hipu me je minila ideja, da bi jemala tabletke.<em> &#8220;\u010ce \u017eenska preneha jemati kont. tabletke, se to tveganje postopoma zmanj\u0161uje, tako, da je 10 let po prenehanju jemanja tabletk enako kot pri \u017eenskah do 40 leta, ki teh tablet niso nikoli jemale.&#8221; <\/em>Ko pomislim na klomifen, ki sem ga jemala po navodilih zdravnika 6 mesecev v enem \u0161usu in potem \u0161e 2 meseca kasneje in ko pomislim na vso kemijo, ki sem jo dobila, ker sem dobila vnetje po operaciji in antibiotiki ( te si bom zapomnila za celo \u017eivljenje ), sem se vpra\u0161ala <em><strong>&#8221; Koliko let bo moje telo potrebovalo, da se bo o\u010distilo te kemije prvo, ne da \u0161e dodajam novo?&#8221;<\/strong><\/em><\/p>\n<p>Moj namen v tem \u017eivljenju ni, da bom \u017eivela kratek \u010das, ampak \u010dim ve\u010d let in to zdravo brez fizi\u010dnih in psihi\u010dnih te\u017eav. Jaz strogo verjamem, da bom na\u0161la prave odgovore v Naravi, ne pa tej kemiji. Ja vem, da laboratoriji jemljejo esence ro\u017e in zmiksajo s svojo kemijo, da napravijo zdravilo, vendar suho posu\u0161eno zeli\u0161\u010de v \u010daju je 200 krat bolj\u0161e kot to &#8220;zdravilo&#8221;. Ko sem pomislila kak\u0161no kemijo mi bodo dajali na IVF, me je res prav vse minilo. In ne ne \u010dudim se, ko poslu\u0161am punce o zdravstvenih te\u017eavah njihovih otrok pridobljenih preko IVF. O tej doti\u010dni temi kdaj drugi\u010d.<\/p>\n<p>Pogovarjala sem se z prijateljico, ki je medicinska sestra in mi je povedala, da je ravno od G, rodila je 3 mesece nazaj. Izrazila je \u017eeljo \u0161e po enem pri G in ta ji je dala kontracepcijske tabletke. Vpra\u0161ala sem jo, \u010de jih bo jemala, brez da bi ji karkoli pametovala in je rekla, da jih ne bo. To me je res za\u010dudilo, ker kar se zdravil ti\u010de ve\u010d ali manj prisega na stroko. Zanimalo me je zakaj, pa je rekla, ker to povzro\u010da raka in bom \u017ee zvozila teh par mesecev brez njih. Na rito me je vrglo! No, \u010de med.sestra to re\u010de, potem je VE\u010c kot jasno, da je to RESNICA.<\/p>\n<p>Zato prosim vas Punce Moje, ne Jemat te kemije. Najdite naravne metode ala Bilingsonova metoda in kondom. Jaz sem dobila tabletke, kot 18 leta pupa, pa sem jih mogo\u010de jemala ene 14 dni potem pa sem pozabila, pa sem se spomnila naslednji dan in tako se nisem bila zmo\u017ena obvezati, da bi jemala te hormone, ker sem pozabila. Jaz sem redkokdaj imela M brez bole\u010din. Tudi, ko sem se pogovarjala z mamo in babico so bile izku\u0161nje podobne, babica je imela pomoje tudi endometriozo, \u010deprav ona to poimenuje druga\u010de, vendar stvari so \u0161le naprej. Kratko malo si upam trditi, da zdravniki vedo zakaj pride do mioma, saj so Kitajci to na\u0161tudirali in zdravijo z naravnimi zeli\u0161\u010di. Nikjer pa \u017eal \u0161e nisem zasledila pravega vzroka, da bi nekdo prav <em>napisal to pa to dela\u0161 narobe, zato se ti to pa to dogaja in \u010de se to in to dogaja par mesecev se pri\u010dne po\u010dasi nekje nalagati.<\/em> Nekaj v takih besedah. Lepo bi bilo RAZUMETI zakaj in izvedeti KAJ lahko DELAM SAMA, da prepre\u010dujem in da bi to stvar re\u0161ila in tako \u0161la naprej po svoji poti brez teh bole\u010din. To bi bilo res prav lepo in osvobajajo\u010de in pravilno, ker vsak \u010dlovek na tem planetu si zaslu\u017ei, da ima \u00a0zdravo telo in bister um. Ni izjeme.<\/p>\n<p>&nbsp;<\/p>\n","protected":false},"excerpt":{"rendered":"<p>Moja zadnja M v marcu 2016 je bila zopet zelo mo\u010dna. Od 1 do 10, so bile 10. To se pravi maxsimalno. To izgleda tako, da le\u017eim, se obra\u010dam kar naprej, dr\u017eim za trebuh ali pa eno ali drugo nogo kar naprej premikam v hitrih gibih, kar mi malo zmanj\u0161a ob\u010dutek bole\u010dine. Vedno spu\u0161\u010dam zvoke<br \/><a class=\"moretag\" href=\"http:\/\/dnevnik.belavilinka.com\/?page_id=166\">+ Read More<\/a><\/p>\n","protected":false},"author":2,"featured_media":0,"parent":130,"menu_order":5,"comment_status":"closed","ping_status":"closed","template":"","meta":{"footnotes":""},"class_list":["post-166","page","type-page","status-publish","hentry"],"_links":{"self":[{"href":"http:\/\/dnevnik.belavilinka.com\/index.php?rest_route=\/wp\/v2\/pages\/166","targetHints":{"allow":["GET"]}}],"collection":[{"href":"http:\/\/dnevnik.belavilinka.com\/index.php?rest_route=\/wp\/v2\/pages"}],"about":[{"href":"http:\/\/dnevnik.belavilinka.com\/index.php?rest_route=\/wp\/v2\/types\/page"}],"author":[{"embeddable":true,"href":"http:\/\/dnevnik.belavilinka.com\/index.php?rest_route=\/wp\/v2\/users\/2"}],"replies":[{"embeddable":true,"href":"http:\/\/dnevnik.belavilinka.com\/index.php?rest_route=%2Fwp%2Fv2%2Fcomments&post=166"}],"version-history":[{"count":4,"href":"http:\/\/dnevnik.belavilinka.com\/index.php?rest_route=\/wp\/v2\/pages\/166\/revisions"}],"predecessor-version":[{"id":170,"href":"http:\/\/dnevnik.belavilinka.com\/index.php?rest_route=\/wp\/v2\/pages\/166\/revisions\/170"}],"up":[{"embeddable":true,"href":"http:\/\/dnevnik.belavilinka.com\/index.php?rest_route=\/wp\/v2\/pages\/130"}],"wp:attachment":[{"href":"http:\/\/dnevnik.belavilinka.com\/index.php?rest_route=%2Fwp%2Fv2%2Fmedia&parent=166"}],"curies":[{"name":"wp","href":"https:\/\/api.w.org\/{rel}","templated":true}]}}