{"id":145,"date":"2016-04-12T21:24:08","date_gmt":"2016-04-12T21:24:08","guid":{"rendered":"http:\/\/dnevnik.belavilinka.com\/?page_id=145"},"modified":"2016-09-27T12:22:15","modified_gmt":"2016-09-27T12:22:15","slug":"kako-omiliti-bolecino-pred-menstruacijo","status":"publish","type":"page","link":"http:\/\/dnevnik.belavilinka.com\/?page_id=145","title":{"rendered":"KAKO OMILITI BOLE\u010cINO PRED MENSTRUACIJO?"},"content":{"rendered":"<p>\u017denske in Mo\u0161ki smo si razli\u010dni. \u017denske se vsak mesec razstrupljamo, ko odvajamo kri iz sebe pri menstruaciji. Ko \u017eenske preidejo v menopavzo, se to normalno in avtomatsko razstrupljanje preneha, zato je potrebno poiskati druge na\u010dine razstrupljanja. O tem v drugem postu.<\/p>\n<p>V \u010dasu, ko se kri odvaja iz telesa, lahko telesu pomagamo. Pred in Po menstruaciji se klistiramo in tako pomagamo telesu, da odvede odve\u010dne strupe iz telesa. Naredimo dvo-dnevno seanso pred M in dvo-dnevno seanso po M.<\/p>\n<p>\u010ce \u0161e niste delale klistirja vam priporo\u010dam, da za\u010dnete s sodo bikarbono. Jaz delam prvi dan soda, druga dan kava, tretji dan kava, \u010detrti dan soda.<\/p>\n<p>Prav tako je smiselno, da v teh dneh jeste bolj teko\u010do hrano in da se izogibate vsej predelani hrani.<\/p>\n<p>Kaj pomeni predelana hrana, biolo\u0161ka hrana in itd, si preberite <a href=\"http:\/\/t.umblr.com\/redirect?z=http%3A%2F%2Fwww.kosiloza2.com%2F%23%21razumevanje-pojmov%2Fcflp&amp;t=MjI1Mjc1MzZmN2M2NDBhZThkNjJhNjNmYzU5ZWVjMjA4Y2UzYjcwNyxjbHJnMjNqTw%3D%3D\" target=\"_blank\">tukaj.<\/a><\/p>\n<p>Imela sem M samo 2 dni. Bole\u010dine med 2 in 4, \u010deprav so pri meni lahko 10. Sem bila zelo happy s to seanso in mi pomaga.<\/p>\n<p>Mo\u0161ki pa, ker nimajo izgube krvi, se ve\u010d gibajo in lahko nesejo te\u017eke stvari in gradijo hi\u0161e in vodnjake\u2026itd Vse tisto, kar me ne moremo, ker nismo fizi\u010dno sposobne. Oni izlo\u010dajo veliko strupov skozi telo, zato tudi imajo ve\u010dja telesa. Tudi me izlo\u010damo strupe skozi ko\u017eo, ampak oni \u0161e bolj. Poleg tega pa tudi skozi dihala, ker imajo ve\u010dja. Sej razumete kaj \u017eelim povedat, a ne..:)<\/p>\n","protected":false},"excerpt":{"rendered":"<p>\u017denske in Mo\u0161ki smo si razli\u010dni. \u017denske se vsak mesec razstrupljamo, ko odvajamo kri iz sebe pri menstruaciji. Ko \u017eenske preidejo v menopavzo, se to normalno in avtomatsko razstrupljanje preneha, zato je potrebno poiskati druge na\u010dine razstrupljanja. O tem v drugem postu. V \u010dasu, ko se kri odvaja iz telesa, lahko telesu pomagamo. Pred in<br \/><a class=\"moretag\" href=\"http:\/\/dnevnik.belavilinka.com\/?page_id=145\">+ Read More<\/a><\/p>\n","protected":false},"author":2,"featured_media":0,"parent":130,"menu_order":3,"comment_status":"closed","ping_status":"closed","template":"","meta":{"footnotes":""},"class_list":["post-145","page","type-page","status-publish","hentry"],"_links":{"self":[{"href":"http:\/\/dnevnik.belavilinka.com\/index.php?rest_route=\/wp\/v2\/pages\/145","targetHints":{"allow":["GET"]}}],"collection":[{"href":"http:\/\/dnevnik.belavilinka.com\/index.php?rest_route=\/wp\/v2\/pages"}],"about":[{"href":"http:\/\/dnevnik.belavilinka.com\/index.php?rest_route=\/wp\/v2\/types\/page"}],"author":[{"embeddable":true,"href":"http:\/\/dnevnik.belavilinka.com\/index.php?rest_route=\/wp\/v2\/users\/2"}],"replies":[{"embeddable":true,"href":"http:\/\/dnevnik.belavilinka.com\/index.php?rest_route=%2Fwp%2Fv2%2Fcomments&post=145"}],"version-history":[{"count":1,"href":"http:\/\/dnevnik.belavilinka.com\/index.php?rest_route=\/wp\/v2\/pages\/145\/revisions"}],"predecessor-version":[{"id":146,"href":"http:\/\/dnevnik.belavilinka.com\/index.php?rest_route=\/wp\/v2\/pages\/145\/revisions\/146"}],"up":[{"embeddable":true,"href":"http:\/\/dnevnik.belavilinka.com\/index.php?rest_route=\/wp\/v2\/pages\/130"}],"wp:attachment":[{"href":"http:\/\/dnevnik.belavilinka.com\/index.php?rest_route=%2Fwp%2Fv2%2Fmedia&parent=145"}],"curies":[{"name":"wp","href":"https:\/\/api.w.org\/{rel}","templated":true}]}}