{"id":141,"date":"2016-04-12T21:23:32","date_gmt":"2016-04-12T21:23:32","guid":{"rendered":"http:\/\/dnevnik.belavilinka.com\/?page_id=141"},"modified":"2016-09-27T12:22:08","modified_gmt":"2016-09-27T12:22:08","slug":"normalen-menstruacijski-ciklus","status":"publish","type":"page","link":"http:\/\/dnevnik.belavilinka.com\/?page_id=141","title":{"rendered":"NORMALEN MENSTRUACIJSKI CIKLUS"},"content":{"rendered":"<p>\u010ce ho\u010dem razumeti kaj v mojem telesu ne deluje pravilno, moram prvo razumeti kako naj bi moje telo delovalo pravilno, zato sem se odlo\u010dila, da bom probala \u010dim ve\u010d prebrati na to temo in se poizku\u0161ati prebiti skozi vse medicinsko-strokovne izraze.<\/p>\n<p>No pa za\u010dnimo !<\/p>\n<p>Menstruacija naj bi se pojavljala na 28 dni. Mo\u017eni pa so kraj\u0161i in dalj\u0161i presledki od 21 dni do 35 dni. Krvavitev naj bi trajala od 3 do 5 dni. Prvi dan je krvavitev \u0161ibka, druga dan mo\u010dnej\u0161a, tretji dan \u0161ibka. Kri je temna, pome\u0161ana s sluzjo in del\u010dki endometrija in je teko\u010da.<\/p>\n<p><strong>Kdo oz. kaj VPLIVA na normalen menstruacijski ciklus ?<\/strong><\/p>\n<p>1. jaj\u010dnika<\/p>\n<p>2. materni\u010dna sluznica<\/p>\n<p>3. mo\u017eganski privesek<\/p>\n<p>4. hipotalamus<\/p>\n<p>5. normalno sodelovanje med hipotalamusom, hipofizo in ovariji<\/p>\n<p><strong>Kako poteka ciklus ? ( napisala bom po doma\u010de in kot vem )<\/strong><\/p>\n<p>\u010ce imam cikel dolg 28 dni, je prvih nekje 12,13 aktivna rast jaj\u010dec. Med temi jaj\u010deci je eno jaj\u010dece ve\u010dje in zato vodilno. Jaj\u010deca naj bi zrastla do primerne velikosti in potem jaj\u010dnik sprosti jaj\u010dece in pride do Ovulacije. \u010ce se seveda gospod in gospa sre\u010data in takrat gospod uspe o\u010dara gospo, pride do oploditve. V tem prvem delu nara\u0161\u010da estrogen, po ovulaciji estrogen upade in pri\u010dne nara\u0161\u010dati progesteron. Ta hormon skrbi za na\u0161ega \u201c\u0161krata\u201d od za\u010detka in je zelo pomemben hormon. \u010ce ga imamo premalo je tudi to lahko vzrok spontanega splava.<\/p>\n<p><img loading=\"lazy\" decoding=\"async\" class=\"alignnone size-medium wp-image-142\" src=\"http:\/\/dnevnik.belavilinka.com\/wp-content\/uploads\/2016\/04\/blog6-300x215.gif\" alt=\"blog6\" width=\"300\" height=\"215\" \/><\/p>\n<p><strong>Si pripravljena za malo bolj poglobljen opis ? ( sku\u0161ala bom napisati \u010dim bolj po doma\u010de, \u010deprav je te\u017eko )<\/strong><\/p>\n<p><strong>Kaj hudi\u010da pomen <em>hipotalamus<\/em> ?<\/strong> To je predel vmesnih mo\u017eganov. Ta del izlo\u010da hormon gonadoliberin ( GnRH ). Ta hormon nadzira izlo\u010danje 2 hormonov in sicer FSH in LH. ( zelo zanimivo. nisem vedela, da so hormoni v maternici povezani z mo\u017egani )<\/p>\n<p>FSH = folikel stimulirajo\u010dega hormona<\/p>\n<p>LH = luteinizirajo\u010di hormon iz hipofize<\/p>\n<p><strong>Kaj je <em>mo\u017eganski privesek<\/em> ?<\/strong> Mo\u017eganski privesek ali druga beseda za isto stvar je <em>Hipofiza<\/em>.<\/p>\n<p><img loading=\"lazy\" decoding=\"async\" class=\"size-medium wp-image-143 alignleft\" src=\"http:\/\/dnevnik.belavilinka.com\/wp-content\/uploads\/2016\/04\/blog7-300x256.jpg\" alt=\"blog7\" width=\"300\" height=\"256\" srcset=\"http:\/\/dnevnik.belavilinka.com\/wp-content\/uploads\/2016\/04\/blog7-300x256.jpg 300w, http:\/\/dnevnik.belavilinka.com\/wp-content\/uploads\/2016\/04\/blog7.jpg 500w\" sizes=\"auto, (max-width: 300px) 100vw, 300px\" \/><\/p>\n<p>Sprednji del hipofize izlo\u010da 3 gonadotropne hormone, ki s pomo\u010djo krvi pridejo do jaj\u010dnikov in drugih spolnih organov, kjer s pomo\u010djo steroidnih hormonov ( progesteron, estradioli, andorogeni ) vplivajo na reprodukcijo.<\/p>\n<p><strong>Kateri so te 3-je hormoni in kak\u0161na je njihova naloga?<\/strong><\/p>\n<p>FSH vzpodbuja delive granuloznih celic, nastanek FSH in LH receptorjev, pospe\u0161uje izlo\u010danje estradiola in nastanek hormonov v rumenem telescu<\/p>\n<p>LH vzpodbuja razvoj hormonov v celicah tehe foloklov, spro\u017ei ovulacijo, vzpodbuja in ohranja delovanje rumenega telesca<\/p>\n<p>PRL ( prolaktin ) vpliva na nastanek in izlo\u010danje mleka, uravnava metaboli\u010dni proces, prilaga organizem na stres<\/p>\n<p><strong>Kratek opis sodelovanja zgoraj predstavljenih hormonov:<\/strong><\/p>\n<p>FSH vzpodbudi zorenje foliklov, so\u010dasno se ve\u010da koli\u010dina estrogenov v krvi. Ko estrogen dose\u017ee dolo\u010deno koncentracijo v krvi to vzpodbudi hipotalamus, da sprosti GnRH in s tem LH.<\/p>\n<p>LH in FSH sta odgovorna ovulacijo. Po ovulaciji LH vpliva na oblikovanje in delovanje rumenega telesca, ki izlo\u010da progesteron in estrogene.<\/p>\n<p>Hipofiza izlo\u010di \u0161e tretji hormon, ki se imenuje prolaktin.<\/p>\n<p><strong>Kateri spolni hormoni nastajajo direktno v obeh jaj\u010dnikih ?<\/strong><\/p>\n<p><em>estrogeni ( estradol, estron, estriol ), progesteron, androgen<\/em>i, gonadni peptidi ( inhibini, aktivin, folostatin, rasni faktor IGF1 in IGF2 )<\/p>\n<p>Spolnim hormonom re\u010demo druga\u010de tudi steroidni hormoni.<\/p>\n<p><strong>Kaj se dogaja po Ovulaciji ?<\/strong><\/p>\n<p>Androgeni nastajajo v jaj\u010dniku pod vplivom LH. Razvoj foliklov se za\u010dne zaradi pove\u010danega izlo\u010danja FSH-ja iz hipofize. Iz 6 do 12 foliklov se le en razvije v zreli mehur\u010dek, ki tvori hormone in povzro\u010di ovulacijo. Po ovulaciji se iz glavnega folikla razlije kri in to imenujemo rde\u010de telesce. Potem se to telesce preoblikuje in ga imenujemo rumeno telesece. To rumeno telesce je \u017eleza, ki 48 ur po ovulaciji intenzivno izlo\u010da progesteron, pa tudi estrogene ( najbolj estradiol E2 ). Izlo\u010danje progesterona uravnava LH. Progesteron se povi\u0161a v krvi in to \u201cblokira\u201d hipotalamus in hipofizo ( LH za\u010dne upadati ). Ko LH dose\u017ee najni\u017eno vrednost za\u010dne rumeno telesce propadati ( ni bilo oplojeno ) in se spremeni v belo telesce. Koli\u010dina progesterona in estrogenov upade in pri\u010dne se menstruacija.<\/p>\n<p><strong>Kaj se zgodi po Ovulaciji, \u010de pride do oploditve ?<\/strong><\/p>\n<p>Rumeno telesce se ohrani in deluje do 12 ali 14 tedna nose\u010dnosti. Njegovo delovanje vzdr\u017euje hormon HCG. Ta hormon deluje dokler te vloge ne prevzame posteljica.<\/p>\n<p>Je dost vsega a ne ? Lepo po\u010dasi\u2026<\/p>\n","protected":false},"excerpt":{"rendered":"<p>\u010ce ho\u010dem razumeti kaj v mojem telesu ne deluje pravilno, moram prvo razumeti kako naj bi moje telo delovalo pravilno, zato sem se odlo\u010dila, da bom probala \u010dim ve\u010d prebrati na to temo in se poizku\u0161ati prebiti skozi vse medicinsko-strokovne izraze. No pa za\u010dnimo ! Menstruacija naj bi se pojavljala na 28 dni. Mo\u017eni pa<br \/><a class=\"moretag\" href=\"http:\/\/dnevnik.belavilinka.com\/?page_id=141\">+ Read More<\/a><\/p>\n","protected":false},"author":2,"featured_media":0,"parent":130,"menu_order":2,"comment_status":"closed","ping_status":"closed","template":"","meta":{"footnotes":""},"class_list":["post-141","page","type-page","status-publish","hentry"],"_links":{"self":[{"href":"http:\/\/dnevnik.belavilinka.com\/index.php?rest_route=\/wp\/v2\/pages\/141","targetHints":{"allow":["GET"]}}],"collection":[{"href":"http:\/\/dnevnik.belavilinka.com\/index.php?rest_route=\/wp\/v2\/pages"}],"about":[{"href":"http:\/\/dnevnik.belavilinka.com\/index.php?rest_route=\/wp\/v2\/types\/page"}],"author":[{"embeddable":true,"href":"http:\/\/dnevnik.belavilinka.com\/index.php?rest_route=\/wp\/v2\/users\/2"}],"replies":[{"embeddable":true,"href":"http:\/\/dnevnik.belavilinka.com\/index.php?rest_route=%2Fwp%2Fv2%2Fcomments&post=141"}],"version-history":[{"count":1,"href":"http:\/\/dnevnik.belavilinka.com\/index.php?rest_route=\/wp\/v2\/pages\/141\/revisions"}],"predecessor-version":[{"id":144,"href":"http:\/\/dnevnik.belavilinka.com\/index.php?rest_route=\/wp\/v2\/pages\/141\/revisions\/144"}],"up":[{"embeddable":true,"href":"http:\/\/dnevnik.belavilinka.com\/index.php?rest_route=\/wp\/v2\/pages\/130"}],"wp:attachment":[{"href":"http:\/\/dnevnik.belavilinka.com\/index.php?rest_route=%2Fwp%2Fv2%2Fmedia&parent=141"}],"curies":[{"name":"wp","href":"https:\/\/api.w.org\/{rel}","templated":true}]}}