{"id":130,"date":"2016-04-12T20:54:18","date_gmt":"2016-04-12T20:54:18","guid":{"rendered":"http:\/\/dnevnik.belavilinka.com\/?page_id=130"},"modified":"2016-09-27T12:21:55","modified_gmt":"2016-09-27T12:21:55","slug":"menstruacija","status":"publish","type":"page","link":"http:\/\/dnevnik.belavilinka.com\/?page_id=130","title":{"rendered":"MENSTRUACIJA"},"content":{"rendered":"<p>Odlo\u010dala sem se ali naj pi\u0161em strokovne izraze, pa sem se odlo\u010dila, da \u010de bom po doma\u010de napisala, bo ve\u010dji efekt. Na tej sekciji sem napisala zopet nekaj informacij s katerimi se seveda sre\u010da\u0161 \u017ee pri prvi Menstruaciji, ampak, ko raziskuje\u0161 za svojimi vzroki, zakaj ne more\u0161 zanositi oz. zakaj do zanositve \u0161e ni pri\u0161lo, potem je fino ponoviti kako ta \u017eenski cikel poteka, kako se v prvem delu &#8220;vklopijo&#8221; eni hormoni, potem pa v drugem delu cikla, te hormoni prepustijo delo drugim hormonom. Na splo\u0161no, da povem svoje mnenje o Medicini je tako, da ne smemo jemati VSE ZA GOTOVO, kar sli\u0161imo, kar beremo od Medicine. Podatki s katerimi operiramo so te do katerih so pri\u0161le znanstvene raziskave, vendar na\u0161a telesa so tako kompleksna, da Medicina \u0161e vedno ne ve ogromno stvari. Ker na\u0161 ra\u010dunalnik me\u010de ven rezultate na podlagi podatkov, ki jih ima, pa ne pomeni, da je to vse. Lahko obstajajo \u0161e druge snovi, sestavine, hormoni, ki sodelujejo pri ciklu, ki pa jih Medicina ne pozna, tudi me \u017eenske za njih ne vemo. Morda jih lahko ob\u010dutimo, morda ne. Zato vas prosim, da ostajate odprte ali pa odprete okne in vsega ne jemljete dobesedno, ampak pu\u0161\u010date en manj\u0161o \u0161katlico v kateri je dvom in raziskujete. Koga? Seveda svoje telo in svoj um. Ker \u010de pi\u0161e v knjigi rde\u010de, za tebe morda vijoli\u010dno, vendar mora\u0161 do tega priti ti<\/p>\n<p>Jaz osebno nisem nikoli imela rednih ciklov. \u017de od vsega za\u010detka je miks. Za\u010dela sem z dolgimi menstruacijami, ki sem jih imela po mesec dni ali ve\u010d, potem pa 2 meseca nobene krvavitve in potem zopet. Posledica je bila seveda velika utrujenost in Medicina mi je dala tabletke za zaustavitev. Potem so se stvari izbolj\u0161ale, ob\u010dutno pa ko sem pri\u010dela z seksanjem s prvim fantom. V vseh teh letih se mi ni M nikoli uredila. Ko sem pila rman sem najbolj vidla, da se je cikel umiril res na tistih pri\u010dakovanih 30 dni, ampak na\u010deloma so moji cikli med 34 do 60 dni dolgi. Tudi operacija ni spremenila ni\u010d. Ho\u010dem povedati, da smo preobremenjene z temi 28 dnevi, \u0161e posebej tiste, ki smo teh 28 dni zadele mogo\u010de 4 krat v vseh teh letih :)) Vem pa, da ene imajo to\u010dne M kot urca, pa tudi te imajo te\u017eave z zanositvijo. Ko sem bila prisotna na tujih forumih izklju\u010dno glede dol\u017eine M in bole\u010din povezanih z tem, ter psihi\u010dnih te\u017eav, sem bila presene\u010dena, da toliko \u017eensk nima &#8220;to\u010dnih&#8221; M. In spoznala sem, da je to Medicinski koncept, da je cikel dolg med 28 in 30 dni, ne pa pravilo \u017eenskih teles.<\/p>\n<p>Na menstruacijo vpliva stres, fizi\u010dno gibanje, prehrana. Jaz sama pri sebi vidim, ko sem zelo pod stresom, potem pride vedno kasneje, vendar se mi slaba volja vklju\u010di lahko med 7 do 14 dni pred dejansko M. Tudi bole\u010dine dobim tu in tam, ki me opomnijo, da bo M zdaj zdaj tu, pa potem \u0161e \u010dakam 10 dni na primer, da pride in se \u017eivciram. V\u010dasih si \u017eelim, da bi vse skupi &#8220;dol zadelala&#8221;, da ne bi imela bole\u010din, slabe volje in dela z tem. Potem bi bila mo\u0161ki. Hormoni so tisti, ki nas v najve\u010dji meri lo\u010dijo in najve\u010dji hec od heca je ta, da so mi tako G v Lj in G v \u010ce\u0161ki rekli, da so moji hormoni super. lol. Kje je potem tu logika? \u010ce so hormoni ravno tisti, ki spro\u017eijo M, zakaj potem toliko \u010dasa \u010dakam?<\/p>\n<p>Prijateljica mi je rekla, da \u010duti Ovulacije in da ko jo ima, potem ima tudi bole\u010dine pri M, druga\u010de pa ne. Jaz ne \u010dutim svoje O, niti ne vem ali jo imam ali ne. Kupovala sem tiste O teste, sam jest sem jih kupla 60, ker imam tak cikel. Je bil kr finan\u010dni zalogaj. Se mi zdi, da je vse la\u017eje, \u010de je cikel kraj\u0161i. La\u017eje najde\u0161 O.<\/p>\n<p>Skratka&#8230;veliko la\u017eje je, \u010de ti ni treba NI\u010c od tega ne razmi\u0161ljat, ne vedet, ne delat&#8230;Vse je avtomatiziran, seksa\u0161 na 2 dni in zanosi\u0161 po 3-eh mesecih. To ra\u010dunanje, ki ga punce po\u010dnejo v prvih dveh letih in se pol jockajo na forumih&#8221; joj spet ni ni\u010d &#8220;, uni\u010di vso romantiko v postelji. Rata\u0161 ko neka ukazovalna, zagrenjena pi\u010dka, k ho\u010de seks na komando. Tip mora prlet in opravit ta svoje. Kje je tle kaka ljubezen in prijetno vzdu\u0161je? Beda je&#8230;tak na silo seksat kot da si v nekem zaporu. Mogo\u010de je iz te plati IVF bolj\u0161i, \u010de od\u0161tejem bole\u010dine, \u010dakanje, nervozo in kregarijo zaradi hormonov, ki jih ne more\u0161 nadzorovat, ko jemlje\u0161 tiste inekcije. Jaz sem bila tako v tem noter, da sem izgubila delno stik z mojim biv\u0161im mo\u017eem takrat. Ni bilo dneva, k se ne bi sekirala glede tega in to je faza skozi katero gredo vse \u017eenske, ki ne zanosijo takrat, ko si zadajo svoj notranji cilj. \u010cas pa kr te\u010de po svoje, to je res, in ni\u010d ne re\u010de!<\/p>\n<p>Ve\u010d punc sem videla, vklju\u010dno z menoj, ko smo pri\u0161le do to\u010dke, ko ti je \u0161lo enostavno \u017ee vse na bruhanje in si se vpra\u0161ala &#8221; \u010daki mal, sej jest \u017eivim za sebe, ne pa, da bom ujetnica tega ra\u010dunanja in nervoze, ki prav ni\u010d ne more naresti.&#8221; \u017denskam v tej fazi svetujem &#8221; relax, k bo\u0161 mela ve\u010djo mo\u017enost zanositve, kot pa tisto \u017eivciranje.Tip te mora tut prena\u0161at, ne pozab tega, sam re\u010de ti ni\u010d ne, k itak ve, da \u010de bo kej reku, bo Barakuda izbruhnila v njega, pa raje igrce \u0161pila ali pa te objame.&#8221; Ko si na tisti fazi je fajn vse skupi pustit, vklju\u010dno z forumom kjer si redna obiskovalka.<\/p>\n<p>Med seboj smo si razli\u010dne. Cilj je, da \u010dim bolj spozna\u0161 kaj se dogaja v tvojem ciklu. Mogo\u010de si zapisuje\u0161 za vsak dan kako se po\u010duti\u0161 \u010dist osnovno in potem primerja\u0161 2 do 3 mesece, \u010de vidi\u0161, da se ti ponavljajo dolo\u010dena ob\u010dutja glede na podobne dneve. S tako pomo\u010djo, da bi ugotovila kdaj prihaja do sprememb hormonov. To bi bila nekako neka mo\u017ena re\u0161itev, da tisto kar ob\u010duti\u0161 ( slabost, bole\u010dino, \u0161pikanje, slabo in dobro voljo ) pove\u017ee\u0161 z hormoni v tistem delu cikla in z Luno. Jaz imam na mobi\u010du app za Luno in spremljam sebe in tudi najin odnos z zaro\u010dencem. Tudi mo\u0161ki niso skoz pripravljeni na seks, ampak tudi do\u017eivljajo valove. Enkrat jim je bolj, drugi\u010d jim ni. Niso \u010disto izuvzeti iz tega ciklusa. :))<\/p>\n<p>Sre\u010dno pri spoznavanju svojega telesa! Za mene je \u0161e vedno uganka.<\/p>\n","protected":false},"excerpt":{"rendered":"<p>Odlo\u010dala sem se ali naj pi\u0161em strokovne izraze, pa sem se odlo\u010dila, da \u010de bom po doma\u010de napisala, bo ve\u010dji efekt. Na tej sekciji sem napisala zopet nekaj informacij s katerimi se seveda sre\u010da\u0161 \u017ee pri prvi Menstruaciji, ampak, ko raziskuje\u0161 za svojimi vzroki, zakaj ne more\u0161 zanositi oz. zakaj do zanositve \u0161e ni pri\u0161lo,<br \/><a class=\"moretag\" href=\"http:\/\/dnevnik.belavilinka.com\/?page_id=130\">+ Read More<\/a><\/p>\n","protected":false},"author":2,"featured_media":0,"parent":0,"menu_order":0,"comment_status":"closed","ping_status":"closed","template":"","meta":{"footnotes":""},"class_list":["post-130","page","type-page","status-publish","hentry"],"_links":{"self":[{"href":"http:\/\/dnevnik.belavilinka.com\/index.php?rest_route=\/wp\/v2\/pages\/130","targetHints":{"allow":["GET"]}}],"collection":[{"href":"http:\/\/dnevnik.belavilinka.com\/index.php?rest_route=\/wp\/v2\/pages"}],"about":[{"href":"http:\/\/dnevnik.belavilinka.com\/index.php?rest_route=\/wp\/v2\/types\/page"}],"author":[{"embeddable":true,"href":"http:\/\/dnevnik.belavilinka.com\/index.php?rest_route=\/wp\/v2\/users\/2"}],"replies":[{"embeddable":true,"href":"http:\/\/dnevnik.belavilinka.com\/index.php?rest_route=%2Fwp%2Fv2%2Fcomments&post=130"}],"version-history":[{"count":3,"href":"http:\/\/dnevnik.belavilinka.com\/index.php?rest_route=\/wp\/v2\/pages\/130\/revisions"}],"predecessor-version":[{"id":133,"href":"http:\/\/dnevnik.belavilinka.com\/index.php?rest_route=\/wp\/v2\/pages\/130\/revisions\/133"}],"wp:attachment":[{"href":"http:\/\/dnevnik.belavilinka.com\/index.php?rest_route=%2Fwp%2Fv2%2Fmedia&parent=130"}],"curies":[{"name":"wp","href":"https:\/\/api.w.org\/{rel}","templated":true}]}}