{"id":126,"date":"2016-04-12T01:24:28","date_gmt":"2016-04-12T01:24:28","guid":{"rendered":"http:\/\/dnevnik.belavilinka.com\/?page_id=126"},"modified":"2016-10-06T09:25:14","modified_gmt":"2016-10-06T09:25:14","slug":"uporaba-tinkture-bele-omele","status":"publish","type":"page","link":"http:\/\/dnevnik.belavilinka.com\/?page_id=126","title":{"rendered":"Uporaba tinkture Bele Omele"},"content":{"rendered":"<p>Tinkturo sem za\u010dela uporabljati \u0161estega januarju 2014 in sem jo uporabljala skupaj z \u010dajem. Tinkturo sem jemala 12 dni in sem prenehala, ker se mi je za\u010delo na roki delat en velik ekcem. Za mene ni\u010d novega, ker imam to kroni\u010dno, ampak o\u010ditno se mi je za\u010delo delat, ker sem pila alkohol, ki je bil v tinkturi. Pri \u010demer sem si se\u0161tela, da moja jetra ne delajo dobro in ne morejo alkohola \u201crazstavit.\u201d Ko sem nehala s tinkturo, se mi je roka \u010dez par dni izbolj\u0161ala, vendar pa sem si pomagala z Hrastom.<\/p>\n<p>\u017dal se ne spomnem kateri \u010daj sem pila, ker imam v dnevniku napisano samo pila \u010daj in ozna\u010deni dnevi kdaj. Pozabila pa sem napisat kateri \u010daj ! \u201c Ti &#8220;\u0161ment\u201d baba !<\/p>\n<p>Skrbelo me je, ker M ni bilo, zato sem se odlo\u010dila, da prekinem z \u010dajem in da spro\u017eim M. Za\u010dela sem jemati sodo bikarbono in sem jo jemala 8 dni, ko sem s tem spro\u017eila M. Na tej to\u010dki sem spoznala, da \u010de je telo zakisano, menstruacije lahko dalj \u010dasa ni.<\/p>\n<p>Zato je moj naslednji korak bil Soda Bikarbona.<\/p>\n<p>Razmi\u0161ljala sem tudi \u201c Zakaj mi M tako zamuja \u201d ? Takoj sem si odgovorila z \u201c preve\u010d se sekira\u0161. \u201d Dejstvo je, da zdaj ko pogledam nazaj, sva z mojim hotela oddati stanovanje v Ljubljani, se preseliti na \u0160tajersko, od tam pa v Avstrijo. Veliki plani in veliko strahu in organiziranja, usklajevanja.<\/p>\n","protected":false},"excerpt":{"rendered":"<p>Tinkturo sem za\u010dela uporabljati \u0161estega januarju 2014 in sem jo uporabljala skupaj z \u010dajem. Tinkturo sem jemala 12 dni in sem prenehala, ker se mi je za\u010delo na roki delat en velik ekcem. Za mene ni\u010d novega, ker imam to kroni\u010dno, ampak o\u010ditno se mi je za\u010delo delat, ker sem pila alkohol, ki je bil<br \/><a class=\"moretag\" href=\"http:\/\/dnevnik.belavilinka.com\/?page_id=126\">+ Read More<\/a><\/p>\n","protected":false},"author":2,"featured_media":0,"parent":33,"menu_order":9,"comment_status":"closed","ping_status":"closed","template":"","meta":{"footnotes":""},"class_list":["post-126","page","type-page","status-publish","hentry"],"_links":{"self":[{"href":"http:\/\/dnevnik.belavilinka.com\/index.php?rest_route=\/wp\/v2\/pages\/126","targetHints":{"allow":["GET"]}}],"collection":[{"href":"http:\/\/dnevnik.belavilinka.com\/index.php?rest_route=\/wp\/v2\/pages"}],"about":[{"href":"http:\/\/dnevnik.belavilinka.com\/index.php?rest_route=\/wp\/v2\/types\/page"}],"author":[{"embeddable":true,"href":"http:\/\/dnevnik.belavilinka.com\/index.php?rest_route=\/wp\/v2\/users\/2"}],"replies":[{"embeddable":true,"href":"http:\/\/dnevnik.belavilinka.com\/index.php?rest_route=%2Fwp%2Fv2%2Fcomments&post=126"}],"version-history":[{"count":1,"href":"http:\/\/dnevnik.belavilinka.com\/index.php?rest_route=\/wp\/v2\/pages\/126\/revisions"}],"predecessor-version":[{"id":127,"href":"http:\/\/dnevnik.belavilinka.com\/index.php?rest_route=\/wp\/v2\/pages\/126\/revisions\/127"}],"up":[{"embeddable":true,"href":"http:\/\/dnevnik.belavilinka.com\/index.php?rest_route=\/wp\/v2\/pages\/33"}],"wp:attachment":[{"href":"http:\/\/dnevnik.belavilinka.com\/index.php?rest_route=%2Fwp%2Fv2%2Fmedia&parent=126"}],"curies":[{"name":"wp","href":"https:\/\/api.w.org\/{rel}","templated":true}]}}