{"id":124,"date":"2016-04-12T01:23:50","date_gmt":"2016-04-12T01:23:50","guid":{"rendered":"http:\/\/dnevnik.belavilinka.com\/?page_id=124"},"modified":"2016-10-06T09:25:09","modified_gmt":"2016-10-06T09:25:09","slug":"izdelava-mazila-in-tinkture-bele-omele","status":"publish","type":"page","link":"http:\/\/dnevnik.belavilinka.com\/?page_id=124","title":{"rendered":"Izdelava mazila in tinkture Bele Omele"},"content":{"rendered":"<p>Naletela sem na <strong>Knjigo \u017dENSKE BOLEZNI<\/strong>, ki jo je napisala <strong>MARIJA TREBEN.<\/strong><\/p>\n<p>Izsek iz njene knjige ( str 22 )<\/p>\n<p><strong>NEPLODNOST<\/strong><\/p>\n<p><em>Navajamo tri mo\u017enosti, zakaj je neka \u017eenska morda neplodna:<\/em><br \/>\n<em>1. Semen\u010dicam je zaprta pot do jaj\u010deca.<\/em><br \/>\n<em>2. Za oploditev ni na razpolago nobene jaj\u010dne celice.<\/em><br \/>\n<em>3. Oplojena jaj\u010dna celica se ne more zasidrati v maternici.<\/em><br \/>\n<em>Poznamo razli\u010dne vzroke za neplodnost:<\/em><br \/>\n<em>pomanjkljivost oziroma napake v zgradbi no\u017enice, zaprtje materni\u010dnega<\/em><br \/>\n<em>ustja, snovi iz sluznice materni\u010dnega vratu kemi\u010dno zavra\u010dajo semen\u010dice,<\/em><br \/>\n<em>pomanjkljiva zgradba materni\u010dne sluznice, miomi (benigni<\/em><br \/>\n<em>izrastki), zaprtje jajcevodov zaradi pre\u017eivetih splavov, umetne prekinitve<\/em><br \/>\n<em>nose\u010dnosti, spolne bolezni, tuberkuloza in motnje v razvoju jaj\u010dec<\/em><br \/>\n<em>zaradi pomanjkljive tvorbe primarnih in sekundarnih spolnih hormonov.<\/em><br \/>\n<em>Bela omela: \u017denske, ki se jim \u0161e ni izpolnila \u017eelja po rojstvu otroka,<\/em><br \/>\n<em>naj vsak dan zau\u017eijejo 25 kapljic bele omele &#8211; zjutraj na te\u0161\u010de in zve\u010der<\/em><br \/>\n<em>pred spanjem. Kapljice bele omele je mogo\u010de kupiti v specializiranih<\/em><br \/>\n<em>trgovinah in lekarnah. Lahko si jih pripravite tudi sami: natrgajte liste<\/em><br \/>\n<em>in peclje, dobro jih operite in iz vla\u017enih delov natrgane rastline v sokovniku<\/em><br \/>\n<em>iztisnite sok. Sve\u017e sok bele omele lahko premaga neplodnost<\/em><br \/>\n<em>\u017eenske!<\/em><\/p>\n<p>Po prebiranju njene knjige sem se odlo\u010dila, da naredim Mazilo in Tinkturo Bele Omele. Povsod kjer prebirate na spletnih trgovinah \u201c Prodamo Kapljice \u201d, pomeni to Tinktura. Tinkturo je zelo enostavno narediti in jo lahko naredite same iz zeli\u0161\u010d, ki jih \u017eelite !<\/p>\n<p>O pripravi mazila in tinkture bom pisala v drugem postu.<\/p>\n<p>O beli omeli nisem takrat vedela NI\u010c. Potem pa mi je moj dragi pokazal kako to izgleda in da se rado \u201cpikne\u201d na sadna drevesa. Kar naenkrat kjerkoli sva se vozila sem opazila Belo Omelo. Zgornji \u201crecept\u201d je napisan zelo nerazumljivo. Sama sem dejansko \u0161la nabirat liste in jih potem premlela in zmiksala, vendar pa sem od 10 grmov in ogromno listov dejansko dobila pi\u010dlo teko\u010dino. Nisem dobila 25 kapljic, mogo\u010de preje 10 kapljic. Zadeva je bila grenka in ogabnega okusa. Potem sem raziskovala naprej in pri\u0161la do zaklju\u010dka, da je najbr\u017e mislila Tinkturo.<\/p>\n<p>Na tej to\u010dki sem prebrala \u017ee kar nekaj knjig, med drugimi je bila tudi o receptih za \u0161ampon za lasje, ampak rezultati so bili dale\u010d od ble\u0161\u010de\u010dega,isto kot tukaj pri tej Beli Omeli. Potem me je pre\u0161inilo, da kljub temu, da so to stare knjige, sem jaz mogo\u010de malo preve\u010d verjela in zaupala v te knjige, misle\u010d, da so te ljudje dejansko tudi <strong>IZVEDLI TE RECEPTE, KI SO JIH PRODAJALI V KNJIGI !\u00a0<\/strong><\/p>\n<p><strong>Ni vse za verjet, je pa za SPROBAT, potem pa VERJET ! <\/strong>Ker sem praktik in ne izklju\u010dno samo teoretik lahko iz rokava stresem kaj dejansko fukcionira in kaj ne &#8211; govorim na splo\u0161no tudi. Zelo hitro vidim, \u010de mi nekdo prodaja slamo ali pa fantazira o nekih idejah, ki jih ne bo nikoli uresni\u010dil.<\/p>\n<p>Ko sem imela bole\u010dine sem se namazala z Belo Omelo. Bole\u010dine so se predvsem osredoto\u010dile tam kjer sem imela miom. Mazilo mi je pomagalo. Mazilo sem uporabljala en mesec. Celoten december sem \u010dakala M in je ni bilo. Pri\u0161la je to\u010dno za novo leto in bil je 51 dan. Bilo je obupno ! Vse najine plane sva morala \u201cskenslat\u201d.<\/p>\n","protected":false},"excerpt":{"rendered":"<p>Naletela sem na Knjigo \u017dENSKE BOLEZNI, ki jo je napisala MARIJA TREBEN. Izsek iz njene knjige ( str 22 ) NEPLODNOST Navajamo tri mo\u017enosti, zakaj je neka \u017eenska morda neplodna: 1. Semen\u010dicam je zaprta pot do jaj\u010deca. 2. Za oploditev ni na razpolago nobene jaj\u010dne celice. 3. Oplojena jaj\u010dna celica se ne more zasidrati v<br \/><a class=\"moretag\" href=\"http:\/\/dnevnik.belavilinka.com\/?page_id=124\">+ Read More<\/a><\/p>\n","protected":false},"author":2,"featured_media":0,"parent":33,"menu_order":9,"comment_status":"closed","ping_status":"closed","template":"","meta":{"footnotes":""},"class_list":["post-124","page","type-page","status-publish","hentry"],"_links":{"self":[{"href":"http:\/\/dnevnik.belavilinka.com\/index.php?rest_route=\/wp\/v2\/pages\/124","targetHints":{"allow":["GET"]}}],"collection":[{"href":"http:\/\/dnevnik.belavilinka.com\/index.php?rest_route=\/wp\/v2\/pages"}],"about":[{"href":"http:\/\/dnevnik.belavilinka.com\/index.php?rest_route=\/wp\/v2\/types\/page"}],"author":[{"embeddable":true,"href":"http:\/\/dnevnik.belavilinka.com\/index.php?rest_route=\/wp\/v2\/users\/2"}],"replies":[{"embeddable":true,"href":"http:\/\/dnevnik.belavilinka.com\/index.php?rest_route=%2Fwp%2Fv2%2Fcomments&post=124"}],"version-history":[{"count":1,"href":"http:\/\/dnevnik.belavilinka.com\/index.php?rest_route=\/wp\/v2\/pages\/124\/revisions"}],"predecessor-version":[{"id":125,"href":"http:\/\/dnevnik.belavilinka.com\/index.php?rest_route=\/wp\/v2\/pages\/124\/revisions\/125"}],"up":[{"embeddable":true,"href":"http:\/\/dnevnik.belavilinka.com\/index.php?rest_route=\/wp\/v2\/pages\/33"}],"wp:attachment":[{"href":"http:\/\/dnevnik.belavilinka.com\/index.php?rest_route=%2Fwp%2Fv2%2Fmedia&parent=124"}],"curies":[{"name":"wp","href":"https:\/\/api.w.org\/{rel}","templated":true}]}}