{"id":117,"date":"2016-04-12T01:21:32","date_gmt":"2016-04-12T01:21:32","guid":{"rendered":"http:\/\/dnevnik.belavilinka.com\/?page_id=117"},"modified":"2016-10-06T09:24:50","modified_gmt":"2016-10-06T09:24:50","slug":"pitje-zeliscnega-caja-za-miom","status":"publish","type":"page","link":"http:\/\/dnevnik.belavilinka.com\/?page_id=117","title":{"rendered":"Pitje Zeli\u0161\u010dnega \u010daja za Miom"},"content":{"rendered":"<p>Moja filozofija zdravljenja je bila, da \u010de se zdravim zunanje, potem moram \u0161e notranje. Iskala sem primeren \u010daj za mene in naletela sem na kmetijo Plavica. Tam sem zasledila \u010daj Miom\u010dek.<\/p>\n<p>Moje ginekolo\u0161ke te\u017eave so bile pco, miom in znaki endometrioze. V tem \u010dasu ( september 2013 ) nisem bila seznanjena z vsemi podatki o mojem telesu.<\/p>\n<p>Miom\u010dek sem za\u010dela piti 8.9.2013. Pila sem ga 21 dni ( 3 tedne ), vsak dan po 3 skodelice. Navodila za pripravo pi\u0161ejo na \u010daju, ko ga kupite.<\/p>\n<p><strong>Rezultati so bili taki :<\/strong><\/p>\n<p><em><strong>Avgusta<\/strong> sem imela Menstruacijo 4 &#8211; 6.8.2013<\/em><\/p>\n<p>Bila sem zelo jezna v tem \u010dasu, me\u0161alo se mi je, imela sem hude bole\u010dine.<\/p>\n<p><em><strong>Septembra<\/strong> sem imela Menstruacijo 5 &#8211; 8.9.2013<\/em><\/p>\n<p>Izgubila sem veliko krvi, bole\u010dine manj\u0161e.<\/p>\n<p><em><strong>Oktobra <\/strong>sem imela Menstruacijo 13 &#8211; 15.10.2013<\/em><\/p>\n<p>V tem \u010dasu sem opravila 2 kuri Kopeli in 1 kuro \u010daja Miom\u010dka. Prvi dan sem imela mo\u010dan, \u010drn izcedek \u010dez celoten dan. Zve\u010der sem dobila zelo temno kri. Naslednji dan je bila normalna kri, srednje mo\u010dna. Bole\u010dine minimalne.<\/p>\n","protected":false},"excerpt":{"rendered":"<p>Moja filozofija zdravljenja je bila, da \u010de se zdravim zunanje, potem moram \u0161e notranje. Iskala sem primeren \u010daj za mene in naletela sem na kmetijo Plavica. Tam sem zasledila \u010daj Miom\u010dek. Moje ginekolo\u0161ke te\u017eave so bile pco, miom in znaki endometrioze. V tem \u010dasu ( september 2013 ) nisem bila seznanjena z vsemi podatki o<br \/><a class=\"moretag\" href=\"http:\/\/dnevnik.belavilinka.com\/?page_id=117\">+ Read More<\/a><\/p>\n","protected":false},"author":2,"featured_media":0,"parent":33,"menu_order":6,"comment_status":"closed","ping_status":"closed","template":"","meta":{"footnotes":""},"class_list":["post-117","page","type-page","status-publish","hentry"],"_links":{"self":[{"href":"http:\/\/dnevnik.belavilinka.com\/index.php?rest_route=\/wp\/v2\/pages\/117","targetHints":{"allow":["GET"]}}],"collection":[{"href":"http:\/\/dnevnik.belavilinka.com\/index.php?rest_route=\/wp\/v2\/pages"}],"about":[{"href":"http:\/\/dnevnik.belavilinka.com\/index.php?rest_route=\/wp\/v2\/types\/page"}],"author":[{"embeddable":true,"href":"http:\/\/dnevnik.belavilinka.com\/index.php?rest_route=\/wp\/v2\/users\/2"}],"replies":[{"embeddable":true,"href":"http:\/\/dnevnik.belavilinka.com\/index.php?rest_route=%2Fwp%2Fv2%2Fcomments&post=117"}],"version-history":[{"count":1,"href":"http:\/\/dnevnik.belavilinka.com\/index.php?rest_route=\/wp\/v2\/pages\/117\/revisions"}],"predecessor-version":[{"id":118,"href":"http:\/\/dnevnik.belavilinka.com\/index.php?rest_route=\/wp\/v2\/pages\/117\/revisions\/118"}],"up":[{"embeddable":true,"href":"http:\/\/dnevnik.belavilinka.com\/index.php?rest_route=\/wp\/v2\/pages\/33"}],"wp:attachment":[{"href":"http:\/\/dnevnik.belavilinka.com\/index.php?rest_route=%2Fwp%2Fv2%2Fmedia&parent=117"}],"curies":[{"name":"wp","href":"https:\/\/api.w.org\/{rel}","templated":true}]}}