{"id":113,"date":"2016-04-12T01:19:13","date_gmt":"2016-04-12T01:19:13","guid":{"rendered":"http:\/\/dnevnik.belavilinka.com\/?page_id=113"},"modified":"2016-10-06T09:25:56","modified_gmt":"2016-10-06T09:25:56","slug":"vpliv-okolja-na-reproduktivno-zdravje-moskega","status":"publish","type":"page","link":"http:\/\/dnevnik.belavilinka.com\/?page_id=113","title":{"rendered":"Vpliv Okolja na Reproduktivno zdravje Mo\u0161kega"},"content":{"rendered":"<p>Da ne bom govorila samo o \u017eenski, sem se odlo\u010dila, da je potrebno povedati tudi v kak\u0161ni nevarnosti so na\u0161i dragi mo\u0161ki.<\/p>\n<p>Pesticidi ! Danes, ko grem v trgovino in kupim sadje in zelenjavo NE VEM s kolikimi pesticidi je bilo gnojeno, \u0161pricano. Gledam katero sadje je lep\u0161e, ve\u010dje. Vedno bolj nas mediji vzgajajo v to, da gledamo na \u201cizgled\u201d in da gledamo samo z \u201cu\u010dmi\u201d. Kaj pa z rokami, sluhom in jezikom ? Jagode, ki jih kupi\u0161 v trgovini nimajo nobenega okusa ve\u010d. Banane potrgajo \u0161e zelene in porumenijo, ko pridejo do trgovine. Ali je to dobro ? Ja za trgovine. Ali je to zdravo ? Ne !<\/p>\n<p>Nekateri pesticidi ka\u017eejo estrogensko in antiadrogensko delovanje. \u010ce je bil va\u0161 mo\u0161ki ali sin izpostavljen tem vplivom v fetalnem obdobju, je mogo\u010de to razlog, da ima kriptorhizem in hipospadijo.<\/p>\n<p>Pove\u010duje se tudi rak na modih, na splo\u0161no pa je vedno ve\u010d mo\u0161kih prizadetih z slabo kakovostjo semen. Semena se slab\u0161ajo oz. so \u017ee poslab\u0161ana v koncentraciji, \u0161tevilu in gibljivosti.<\/p>\n<p>Poleg klasi\u010dnih vzrokov kot so onesna\u017eeno okolje, nezdravo \u017eivljenje, psiholo\u0161ki stresi, izpostavljenost telesa visokim temperaturam, kemikalijam, kovinam in radioaktivnem sevanju, moramo biti posebej pozorni tudi na Pesticide.<\/p>\n<p>V \u0160paniji se pojavlja visoko \u0161tevilo mo\u0161kih s nepravilnostmi mod. Po raziskavi so ugotovili, da so njihove Matere delale na poljih. V \u0160paniji za vzgojo sadja in zelenjave porabijo polovico uporabljenih pesticidov v dr\u017eavi. Najve\u010dja izpostavljenost strupom je v plasti\u010dnih rastlinjakih. Z istim problemom se sre\u010dujejo tudi na Danskem in Norve\u0161kem.<\/p>\n","protected":false},"excerpt":{"rendered":"<p>Da ne bom govorila samo o \u017eenski, sem se odlo\u010dila, da je potrebno povedati tudi v kak\u0161ni nevarnosti so na\u0161i dragi mo\u0161ki. Pesticidi ! Danes, ko grem v trgovino in kupim sadje in zelenjavo NE VEM s kolikimi pesticidi je bilo gnojeno, \u0161pricano. Gledam katero sadje je lep\u0161e, ve\u010dje. Vedno bolj nas mediji vzgajajo v<br \/><a class=\"moretag\" href=\"http:\/\/dnevnik.belavilinka.com\/?page_id=113\">+ Read More<\/a><\/p>\n","protected":false},"author":2,"featured_media":0,"parent":31,"menu_order":6,"comment_status":"closed","ping_status":"closed","template":"","meta":{"footnotes":""},"class_list":["post-113","page","type-page","status-publish","hentry"],"_links":{"self":[{"href":"http:\/\/dnevnik.belavilinka.com\/index.php?rest_route=\/wp\/v2\/pages\/113","targetHints":{"allow":["GET"]}}],"collection":[{"href":"http:\/\/dnevnik.belavilinka.com\/index.php?rest_route=\/wp\/v2\/pages"}],"about":[{"href":"http:\/\/dnevnik.belavilinka.com\/index.php?rest_route=\/wp\/v2\/types\/page"}],"author":[{"embeddable":true,"href":"http:\/\/dnevnik.belavilinka.com\/index.php?rest_route=\/wp\/v2\/users\/2"}],"replies":[{"embeddable":true,"href":"http:\/\/dnevnik.belavilinka.com\/index.php?rest_route=%2Fwp%2Fv2%2Fcomments&post=113"}],"version-history":[{"count":1,"href":"http:\/\/dnevnik.belavilinka.com\/index.php?rest_route=\/wp\/v2\/pages\/113\/revisions"}],"predecessor-version":[{"id":114,"href":"http:\/\/dnevnik.belavilinka.com\/index.php?rest_route=\/wp\/v2\/pages\/113\/revisions\/114"}],"up":[{"embeddable":true,"href":"http:\/\/dnevnik.belavilinka.com\/index.php?rest_route=\/wp\/v2\/pages\/31"}],"wp:attachment":[{"href":"http:\/\/dnevnik.belavilinka.com\/index.php?rest_route=%2Fwp%2Fv2%2Fmedia&parent=113"}],"curies":[{"name":"wp","href":"https:\/\/api.w.org\/{rel}","templated":true}]}}