{"id":109,"date":"2016-04-12T01:00:33","date_gmt":"2016-04-12T01:00:33","guid":{"rendered":"http:\/\/dnevnik.belavilinka.com\/?page_id=109"},"modified":"2016-10-06T09:25:50","modified_gmt":"2016-10-06T09:25:50","slug":"kje-zaceti-z-pregledi","status":"publish","type":"page","link":"http:\/\/dnevnik.belavilinka.com\/?page_id=109","title":{"rendered":"Kje za\u010deti z Pregledi?"},"content":{"rendered":"<p class=\"font_7\">&#8211; PREGLED KRVI ZA HORMONE ( progesteron, estrogen, testosteron, DHEA, kortizol )<\/p>\n<p class=\"font_7\">Priporo\u010dam, da preverite hormone na za\u010detku cikla, na sredini in na koncu.<\/p>\n<p class=\"font_7\">\n<p class=\"font_7\">Estrogen je sestavljen iz 3 hormonov <a href=\"http:\/\/sl.wikipedia.org\/wiki\/Estrogen\" target=\"_blank\">beri dalje.\u00a0<\/a><\/p>\n<p class=\"font_7\">Progesteron je tisti, ki primankuje pri pco pacientkah. <a href=\"http:\/\/sl.wikipedia.org\/wiki\/Progesteron\" target=\"_blank\">Beri dalje.<\/a><\/p>\n<p class=\"font_7\">\n<p class=\"font_7\">( Ko sem \u017eelela dati kir v zdravstvenem domu kamor hodim \u017ee od otro\u0161tva, mi niso hoteli pregledati krvi, zato sem od\u0161la v privatno kliniko, kjer po\u010dnejo samo to. )<\/p>\n<p class=\"font_7\">\n<p class=\"font_7\">Kje nastajajo HORMONI v TELESU ? <a href=\"http:\/\/blog.white-fairy.com\/post\/80722714525\/normalen-menstruacijski-ciklus\" target=\"_blank\">Beri dalje.<\/a><\/p>\n<p class=\"font_7\">\n<p class=\"font_7\">&#8211; PREGLED KRVI za SLADKORNO BOLEZEN<\/p>\n<p class=\"font_7\">Veliko pi\u0161e o tem, da naj bi pacientke z pco imele problem z inzulinom. Jaz sem imela oba jaj\u010dnika pco in nimam probleme z inzulinom ( sem se testirala ), vendar vedno je dobro se testirati, da lahko potem odkljuka\u0161 na listi.<\/p>\n<p class=\"font_7\">\n<p class=\"font_7\">&#8211; PREGLED \u0160\u010cITNICE<\/p>\n<p class=\"font_7\">\u0160\u010ditnica tudi med drugimi uravnava hormone in \u010de se trudi\u0161 dalj \u010dasa je vredno iti na pregled.<a href=\"http:\/\/sl.wikipedia.org\/wiki\/%C5%A0%C4%8Ditnica\" target=\"_blank\">Beri dalje.<\/a><\/p>\n<p class=\"font_7\">\n<p class=\"font_7\">&#8211; ULTRAZVOK pri 2 razli\u010dnih GINEKOLOGIH. ( ne boj se vpra\u0161at )<\/p>\n<p class=\"font_7\">Kaj to\u010dno imam ? Kak\u0161na je veli\u010dina tega ? Vzemite fotografije.<\/p>\n<p class=\"font_7\">\n<p class=\"font_7\">Nasvet : Ve\u010dina G je koko\u0161i ! Specializirane so za nose\u010dnost in tukaj se njihova praksa po ve\u010dini neha. Ni\u010d koliko primerov je \u017ee bilo pri nas, ko nam je G zatarjevala, da smo zdrave, potem pa ko smo jo morda malo bolj &#8220;pritisnile&#8221; ali pa rekle &#8221; delamo na otroku &#8221; je \u0161ele povedala &#8221; vi imate to in to in \u0161e to&#8221;.<\/p>\n<p class=\"font_7\">\n<p class=\"font_7\">&#8220;Kdaj mi to pove\u0161 ??? Ja, hvala, ker si mi celo povedala !!!&#8221; Ali pa zve\u0161 obupne informacije po 5-ih letih tako kot sem jih jaz pri nekem specialistu. Zanima me kam so vse te &#8221; babe &#8221; gledale prej ! Bolezni kot so endometrioza in pco je potreben \u010dim prej\u0161nji \u0160tart, da do zanositve pride, ker dejstvo je, da z leti bolezen napreduje in mo\u017enosti se \u0161e pomanj\u0161ajo.<\/p>\n<p class=\"font_7\">\n<p class=\"font_7\">Skratka DRUGO MNENJE ali pa TRETJE MNENJE sta NUJNO potrebna, \u010de imate eno izmed ve\u010dine Ginekologinj.<\/p>\n<p class=\"font_7\">\n<p class=\"font_7\">&#8211; BELE\u017dENJE CIKLA in SIMPTOMOV ( uporabljam mobi aplikacijo )<\/p>\n<p class=\"font_7\">Nujno zlo, vendar le z statistiko pridemo do dolo\u010denih zaklju\u010dkov. Sama pri sebi sem spoznala, da bolj, ko sem \u017eiv\u010dna \u010dez celoten mesec in\/ali moram tudi ogromno delati na delovnem mestu in ne najdem \u010dasa za sebe ( ali pa si ga pozabim vzet ), so moje M katastrofalno bole\u010de. S tem stresom je povezano tudi nespanje in nenehno prebujanje ( bodisi sama od sebe ali od sosedov v bloku ali od prometa ). Prav tako sem opazila, da \u010de mi naraste progesteron sem v zadnjem delu cikla sama sebi dovolj in \u017eelim imeti mir, \u017eelim biti sama. Ni mi do tolik\u0161nega stika s partnerjem, niti z \u017eivalmi. Zelo rada se zaprem v svojo sobo in pi\u0161em dnevnik ali pa grem s psi\u010dko v gozd in me ni 3 ure. Berem knjige ali pose\u017eem po dnevniku.<\/p>\n<p class=\"font_7\">\n<p class=\"font_7\">Nasvet : Opazujte se !<\/p>\n<p class=\"font_7\">\n<p class=\"font_7\">&#8211; DRU\u017dINA IN PARTNER<\/p>\n<p class=\"font_7\">Da ne bomo samo o telesu, saj vse dobro vemo, da je telo povezano z du\u0161o in z umom.<\/p>\n<p class=\"font_7\">\n<p class=\"font_7\">Pa poglejmo tega na\u0161ega mo\u0161kega, ki smo si ga izbrale. Je lu\u0161tkan, je simpati\u010den, tak in onak. Je res pravi za nas ? Bo on o\u010de mojih otrok ? Je sploh primeren ? Kaj pa on ve o vzgoji otrok ? Je \u017ee razmi\u0161lja\u0161 kako bo, ko bo o\u010de &#8211; kaj bo po\u010del z njimi &#8211; kaj mu je najbolj pomembno pri vzgoji ? Si v resnici \u017eeli otroka z menoj ali samo govori &#8221; da &#8221; zato da se me znebi in da mu dam ti\u0161ino ali ta \u017eelja prihaja iz njegovega srca in je tam prisotna \u0161e preden sem jaz vstopila v njegovo \u017eivljenje ? Je mo\u017eno imeti zdrav, pozitiven, komunikativen odnos z prvo ljubeznijo ali se bom morala jaz \u0161e kaj nau\u010diti, da bom spoznala resni\u010dno tistega pravega za mene ? Ali on razmi\u0161lja, da bi rad imel otroke, potem pa bo cele dneve delal in ga ne bom nikoli videla &#8211; jaz pa bom ostajala sama z otrokom ? Kaj imam raje : Njega, Denar ali Otroka ali \u017eelim imeti vse v pravi meri ? Pa je to sploh mogo\u010de imeti &#8221; vse v pravi meri &#8221; ?<\/p>\n<p class=\"font_7\">\n<p class=\"font_7\">Pa poglejmo \u0161e malo o ta\u0161\u010di, Materi, Tastu in drugih najbli\u017ejih sorodnikih..<\/p>\n<p class=\"font_7\">\n<p class=\"font_7\">Zakaj sploh ho\u010dem imeti otroka ? Ker sem pred mesecom dni zvedla, da je od brata punca nose\u010da ? Mi bo mama pomagala ? Mi bo ta\u0161\u010da pametovala ? Bodo vsi ostali v dru\u017eini najbolj pametni o tem, kako naj previjam, dojim in vzgajam svojega otroka ali imam svojo svobodo s partnerjem in mi je nasvet ponujen, ko po njemu povpra\u0161ujem najbli\u017eje ? Kak\u0161no sploh bo to \u017eivljenje z otrokom in ta\u0161\u010do v isti hi\u0161i ? Bo ta\u0161\u010da kar naprej pri meni gor ali se bo dr\u017eala novih pravil, ki jih bomo skupaj s partnerjem dolo\u010dili ? Bom lahko pustila svojega otroka pri mami, ta\u0161\u010di ali drugem najbli\u017ejem, ko bom potrebovala varstvo ali bom morala pla\u010dati varu\u0161ko ali se znajti kako druga\u010de ( s prijateljico, sosedo.. ) ?<\/p>\n<p class=\"font_7\">\n<p class=\"font_7\">Ali se bom lahko 200% zanesla na svojega partnerja in on na mene ? Me ne bo prevaral ? Ne bo \u0161el z drugo ? Me ne bo pustil nose\u010de in same ? Mu zaupam in ali je resni\u010dno vreden tega zaupanja ? Bo moj partner in dru\u017eina poskrbela za mene in za mojega otroka du\u0161evno, mentalno in finan\u010dno ( najinega otroka, njihovega vnuka in novega dru\u017einskega \u00a0\u010dlana ), ko bom to potrebovala ?<\/p>\n<p class=\"font_7\">\n<p class=\"font_7\">&#8211; NEKAJ NASVETOV O TEM KAKO PRI\u010cNEM Z PISANJEM \u010cUSTVENEGA DNEVNIKA. <a href=\"http:\/\/yout303.wix.com\/fairy#!pisanje-ustvenega-dnevnika\/c2n4\" target=\"_self\">Beri dalje.<\/a><\/p>\n<p class=\"font_7\">Z lahkoto re\u010dem, da je &#8221; trudenje na dojen\u010dku &#8220;, usklajevanje veze z partnerjem, usklajevanje drugih morebitnih odnosov v doma\u010dem okolju ( \u010de \u017eivim pri ta\u0161\u010di ali star\u0161ih ali imam nore sosede v bloku ), borba v slu\u017ebi ali za slu\u017ebo in \u0161e kaj ( vsaka pri sebi ve ) en VELIK STRES &#8211; STRES !<\/p>\n<p class=\"font_7\">\n<p class=\"font_7\">\u017de kar tukaj na za\u010detku ti \u010cESTITAM, da si \u0161e \u017dIVA, da vse to SKU\u0160A\u0160 obvladovati in koker sama vidi\u0161 ti sploh ne gre slabo ( v primerjavi z drugimi ).<\/p>\n<p class=\"font_7\">\n<p class=\"font_7\">Ampak, \u010de je tega STRESA preve\u010d in se nabira ter vsak teden ali vsake dva tedna &#8220;PO\u010cI&#8221;, potem je nujno potrebno ves ta stres sprostiti. Kaj pa je VES TA STRES ? Ja \u010dustva&#8230;Milijon \u010dustev, ki se nabirajo vsak dan znova in znova v raznoraznih situacijah in to je potrebno SPROTI \u010cISTITI. Dnevnik pi\u0161em \u017ee od 13 leta dalje in v tem \u010dasu sem si pridobila kar nekaj uporabnih informacij kako lahko preko pisanja sprostim svoja lastna \u010dustva, ki se nabirajo v meni.<\/p>\n","protected":false},"excerpt":{"rendered":"<p>&#8211; PREGLED KRVI ZA HORMONE ( progesteron, estrogen, testosteron, DHEA, kortizol ) Priporo\u010dam, da preverite hormone na za\u010detku cikla, na sredini in na koncu. Estrogen je sestavljen iz 3 hormonov beri dalje.\u00a0 Progesteron je tisti, ki primankuje pri pco pacientkah. Beri dalje. ( Ko sem \u017eelela dati kir v zdravstvenem domu kamor hodim \u017ee od<br \/><a class=\"moretag\" href=\"http:\/\/dnevnik.belavilinka.com\/?page_id=109\">+ Read More<\/a><\/p>\n","protected":false},"author":2,"featured_media":0,"parent":31,"menu_order":5,"comment_status":"closed","ping_status":"closed","template":"","meta":{"footnotes":""},"class_list":["post-109","page","type-page","status-publish","hentry"],"_links":{"self":[{"href":"http:\/\/dnevnik.belavilinka.com\/index.php?rest_route=\/wp\/v2\/pages\/109","targetHints":{"allow":["GET"]}}],"collection":[{"href":"http:\/\/dnevnik.belavilinka.com\/index.php?rest_route=\/wp\/v2\/pages"}],"about":[{"href":"http:\/\/dnevnik.belavilinka.com\/index.php?rest_route=\/wp\/v2\/types\/page"}],"author":[{"embeddable":true,"href":"http:\/\/dnevnik.belavilinka.com\/index.php?rest_route=\/wp\/v2\/users\/2"}],"replies":[{"embeddable":true,"href":"http:\/\/dnevnik.belavilinka.com\/index.php?rest_route=%2Fwp%2Fv2%2Fcomments&post=109"}],"version-history":[{"count":1,"href":"http:\/\/dnevnik.belavilinka.com\/index.php?rest_route=\/wp\/v2\/pages\/109\/revisions"}],"predecessor-version":[{"id":110,"href":"http:\/\/dnevnik.belavilinka.com\/index.php?rest_route=\/wp\/v2\/pages\/109\/revisions\/110"}],"up":[{"embeddable":true,"href":"http:\/\/dnevnik.belavilinka.com\/index.php?rest_route=\/wp\/v2\/pages\/31"}],"wp:attachment":[{"href":"http:\/\/dnevnik.belavilinka.com\/index.php?rest_route=%2Fwp%2Fv2%2Fmedia&parent=109"}],"curies":[{"name":"wp","href":"https:\/\/api.w.org\/{rel}","templated":true}]}}