{"id":105,"date":"2016-04-12T00:53:10","date_gmt":"2016-04-12T00:53:10","guid":{"rendered":"http:\/\/dnevnik.belavilinka.com\/?page_id=105"},"modified":"2016-10-06T09:25:38","modified_gmt":"2016-10-06T09:25:38","slug":"glavni-vzroki-moske-neplodnosti","status":"publish","type":"page","link":"http:\/\/dnevnik.belavilinka.com\/?page_id=105","title":{"rendered":"Glavni Vzroki Mo\u0161ke Neplodnosti"},"content":{"rendered":"<p><strong>1. Slaba kakovost semen<\/strong><\/p>\n<p>Obstajajo stopnje slabega semena, med zelo slabo stanje spada, ko je ve\u010dina semen\u010di\u010d mrtvih, ko pride do izzliva.<\/p>\n<p><strong>2. Azoospermija<\/strong><\/p>\n<p>Ko v semenskem izlivu ni sploh semen\u010di\u010d.<\/p>\n<p><strong>3.Kromosomske nepravilnosti<\/strong><\/p>\n<p><strong>4. Genske mutacije<\/strong><\/p>\n<p><strong>5. Retinirano modo ali kriptohizem<\/strong> ( o \u010demer sem \u017ee pisala )<\/p>\n<p>Z to obolelostjo se fantki \u017ee rodijo, kar pomeni, da je pri\u0161lo do nepravilnosti v fetalnem obdobju. ( pesticidi )<\/p>\n<p><strong>6. Motnje v pretoku krvi<\/strong><\/p>\n<p><strong>7. Vnetje spolovil<\/strong><\/p>\n<p><strong>8. Hormonski vzroki<\/strong><\/p>\n<p>To je tako kot pri nas \u017eenskah. \u010ce se dva hormona, ki se izlo\u010data s hipofizo ne izlo\u010data, se moda ne razvijejo in semen\u010dece ne dozorevajo in testosteron se ne tvori.Zanimiv podatek je ta, da je posledica takega stanja pri mo\u0161kem zna\u010dilna nizka rast mo\u0161kega, otro\u0161ki videz, majhna moda. Hormonski problemi lahko nastanejo po puberteti ali v odraslosti.<\/p>\n<p><strong>9. Imunski vzroki<\/strong><\/p>\n<p>Telo misli, da so semen\u010deca sovra\u017enik, zato v telesu spro\u017ei tvorbo protiteles. Ta protitelesa se prilepijo na semen\u010deca, jih zlepijo med seboj, jim ote\u017eujejo gibanje in onemogo\u010dajo oploditev jaj\u010dne celice. O neplodnosti govorimo, ko protitelesa okupirajo 50% semen\u010dic.<\/p>\n<p><strong>10.Spolne motnje<\/strong><\/p>\n<p>Prezgodnja ejakulacija..po doma\u010de \u201c mu pride po 3-eh bum bum bumih. Kar je popolnoma razumljivo za mlade mo\u0161ke, ki za\u010denjajo seksati, in kar je povsem nesprejemljivo pri mo\u0161kih, ki so imeli najmanj 1 redno partnerko vsaj pol leta in so z njo seksali vsaj 3 krat na teden.&#8221;<\/p>\n<p>Tudi s takimi te\u017eavami sem se \u017ee sre\u010devala pri treh mo\u0161kih, ampak tam kjer je volja, tam je pot in v knji\u017enici je kar nekaj uporabnih knjig na to temo. Obstajajo super vaje za mo\u0161ke. Knjige pokojnega go. Ko\u0161i\u010dka so tudi zelo uporabne, prav tako pa pri\u010dnite s prebiranjem o tantri. Moj najbolj\u0161i prijatelj ne \u201d \u0161prica&#8221; in pravi, da v takem seksu veliko bolj u\u017eiva, kot v tistem, kjer mo\u0161ki navadno \u0161pricne. Pa \u0161e en zanimiv podatek \u201c \u010de mu pride, \u0161e ne pomeni, da mu pride.\u201d Orgazem in izliv semena sta dve razli\u010dni stvari, ki se lahko zgodita v istem \u010dasu, vendar nikar ne mislite, da \u010de mu je \u201cpri\u0161lo\u201d, da je tudi do\u017eivel orgazem. \u0160ele lansko leto sem spoznala, da veliko mo\u0161kih ne do\u017eivlja orgazme oz. misli, da jih, ko vidijo semena, vendar pa v resnici orgazma \u0161e niso niti do\u017eiveli. Mo\u0161ki imajo te\u017eave to dolo\u010diti, do\u010dim \u017eenska bolj zazna pri sebi ali je do\u017eivela ali ne.V\u010dasih je lahko seks fantasti\u010den, orgazmi pa nikakvi. :))<\/p>\n<p><strong>11.Motnje erekcije in ejakulacije<\/strong><\/p>\n<p>Ta problem se redko pojavlja kot vzrok neplodnosti, vendar je problem za tiste mo\u0161ke, ki imajo s to te\u017eavo konstante te\u017eave. Pade, se dvigne, pade, se dvigne. Ne ve kaj ho\u010de toti \u201cti\u010dek\u201d. To je psiholo\u0161ki problem in je najve\u010dkrat stvar slabih izku\u0161enj in na podlagi slabih izku\u0161enj pridejo slabe odlo\u010ditve in prepri\u010danja. Fantje so zelo ob\u010dutljivi glede svojega penisa in komentarjev \u010dez njegovega \u201csupermena\u201d. Ne verjamem, da obstaja mo\u0161ki na tem Planetu, ki ne \u017eeli biti Supermen v postelji ! \u010ce ima slabe izku\u0161nje ali pa \u010dudne izku\u0161nje, bo mislil, da ni dober in da ne zna. Dejstvo pa da ima slabo mnenje o sebi, pa vsekakor ne more prihajati samo iz slabe seksualne izku\u0161nje, ampak lahko prihaja tudi iz otro\u0161tva z star\u0161i ali bli\u017enjimi vrstniki. Lahko je vzadaj tudi ena izmed najte\u017ejih preizku\u0161enj, kot je spolna zloraba. Ker druga oseba ne ve to\u010dno iz kje vzroki prihajajo, ne sodi, ampak vzpodbuja z besedami kot \u201c verjamem vate \u201d in vzpodbuja k branju in poslu\u0161a kar ima mo\u0161ki za povedati. Mo\u0161ki ponavadi pove stavek ali dva. Ne obremenjujemo se z koli\u010dino besed, ampak mu prisluhnimo tako kot, \u010de bi povedal 1500 besed tako kot to naredimo me. Verjemite mi, ko vam re\u010dem, kako te\u017eko mu je bilo izre\u010di tistih 12 besed.<\/p>\n<p><strong>12. Rak moda<\/strong><\/p>\n<p>Zakisanje telesa.<\/p>\n<p><strong>13. Sindrom Kartagener<\/strong><\/p>\n<p>Semen\u010deca so negibljiva. Repek ne giba.<\/p>\n<p><strong>14. Onesna\u017eeno okolje<\/strong><\/p>\n<p>Onesna\u017eeno okolje vpliva na celoten na\u0161 organizem. Jetra so tista, ki razstrupljajo do dolo\u010dene mere, ko pa ne morejo ve\u010d, pri\u010dnejo slabo delovati, to pa vpliva na vse ostale organe. Nikoli ne smete gledati na telo samo iz enega vidika. Telo je v celoti povezano in vsi notranji organi so povezani in odvisni drug od drugega. \u010ce en slabo deluje, morajo ostali toliko bolj. Vsi tisti, ki \u017eivimo v mestih bi morali piti zdravilne \u010daje za jetra, delati ve\u010dkrat letno poste in klistirje, saj se v na\u0161ih telesih prej nakopi\u010dujejo strupi, kot pa v ljudjeh, ki prebivajo v gozdih ali na pode\u017eelju, kjer ne uporabljajo pesticidov.<\/p>\n<p><strong>15, Psiholo\u0161ki stresi<\/strong><\/p>\n<p>To je lahko vsekakor tiso\u010d in ena stvar, zato je pomembno, da si privo\u0161\u010di tudi \u010das za sebe. Moj obo\u017euje vo\u017enjo na motorju in tam se sprosti. Jaz pa obo\u017eujem ples in petje. Potem pa so \u0161e tisti skupni hobiji, ki jih par rad po\u010dne ob katerih se sprosti. Midva rada hodiva na sprehode, le\u017eiva v gozdu in gledava drevesa, savna, kopanje v bazenih, se pogovarjava o kak\u0161ni zanimivi temi ali pa filmu..itd<\/p>\n<p>Zanimivo je to, da zemeljski potres negativno vpliva na gibljivost semen\u010di\u010d.<\/p>\n<p>Drage Moje, prosim primerjajte \u0161tevilo vzrokov pri mo\u0161kem in \u017eenski. Ali vidite morda razliko ? Huh !<\/p>\n","protected":false},"excerpt":{"rendered":"<p>1. Slaba kakovost semen Obstajajo stopnje slabega semena, med zelo slabo stanje spada, ko je ve\u010dina semen\u010di\u010d mrtvih, ko pride do izzliva. 2. Azoospermija Ko v semenskem izlivu ni sploh semen\u010di\u010d. 3.Kromosomske nepravilnosti 4. Genske mutacije 5. Retinirano modo ali kriptohizem ( o \u010demer sem \u017ee pisala ) Z to obolelostjo se fantki \u017ee rodijo,<br \/><a class=\"moretag\" href=\"http:\/\/dnevnik.belavilinka.com\/?page_id=105\">+ Read More<\/a><\/p>\n","protected":false},"author":2,"featured_media":0,"parent":31,"menu_order":3,"comment_status":"closed","ping_status":"closed","template":"","meta":{"footnotes":""},"class_list":["post-105","page","type-page","status-publish","hentry"],"_links":{"self":[{"href":"http:\/\/dnevnik.belavilinka.com\/index.php?rest_route=\/wp\/v2\/pages\/105","targetHints":{"allow":["GET"]}}],"collection":[{"href":"http:\/\/dnevnik.belavilinka.com\/index.php?rest_route=\/wp\/v2\/pages"}],"about":[{"href":"http:\/\/dnevnik.belavilinka.com\/index.php?rest_route=\/wp\/v2\/types\/page"}],"author":[{"embeddable":true,"href":"http:\/\/dnevnik.belavilinka.com\/index.php?rest_route=\/wp\/v2\/users\/2"}],"replies":[{"embeddable":true,"href":"http:\/\/dnevnik.belavilinka.com\/index.php?rest_route=%2Fwp%2Fv2%2Fcomments&post=105"}],"version-history":[{"count":1,"href":"http:\/\/dnevnik.belavilinka.com\/index.php?rest_route=\/wp\/v2\/pages\/105\/revisions"}],"predecessor-version":[{"id":106,"href":"http:\/\/dnevnik.belavilinka.com\/index.php?rest_route=\/wp\/v2\/pages\/105\/revisions\/106"}],"up":[{"embeddable":true,"href":"http:\/\/dnevnik.belavilinka.com\/index.php?rest_route=\/wp\/v2\/pages\/31"}],"wp:attachment":[{"href":"http:\/\/dnevnik.belavilinka.com\/index.php?rest_route=%2Fwp%2Fv2%2Fmedia&parent=105"}],"curies":[{"name":"wp","href":"https:\/\/api.w.org\/{rel}","templated":true}]}}